{"id":12800,"date":"2026-02-22T13:55:25","date_gmt":"2026-02-22T13:55:25","guid":{"rendered":"https:\/\/urban-clothingstore.com\/?post_type=product&#038;p=12800"},"modified":"2026-03-23T14:37:37","modified_gmt":"2026-03-23T14:37:37","slug":"xhinse-straight-fit-premium-stil-minimal-modern","status":"publish","type":"product","link":"https:\/\/urban-clothingstore.com\/en\/product\/xhinse-straight-fit-premium-stil-minimal-modern\/","title":{"rendered":"Xhinse Straight Fit Premium \u2013 Stil Minimal &#038; Modern"},"content":{"rendered":"<p data-start=\"80\" data-end=\"361\">Xhinse premium me prerje straight fit, t\u00eb dizajnuara p\u00ebr nj\u00eb pamje t\u00eb past\u00ebr dhe moderne. Ky model ofron balanc\u00ebn perfekte mes rehatis\u00eb dhe stilit, duke mos qen\u00eb as shum\u00eb t\u00eb ngushta e as shum\u00eb t\u00eb gjera \u2013 prerje klasike q\u00eb i p\u00ebrshtatet \u00e7do forme trupi.<\/p>\n<p data-start=\"363\" data-end=\"590\">T\u00eb punuara nga material cil\u00ebsor dhe i q\u00ebndruesh\u00ebm, k\u00ebto xhinse sigurojn\u00eb komoditet gjat\u00eb gjith\u00eb dit\u00ebs. Ngjyra e zez\u00eb e thell\u00eb i jep nj\u00eb karakter elegant dhe i b\u00ebn shum\u00eb t\u00eb lehta p\u00ebr kombinim me t-shirt, k\u00ebmish\u00eb apo xhup l\u00ebkure.<\/p>\n<p data-start=\"592\" data-end=\"613\">Detajet p\u00ebrfshijn\u00eb:<\/p>\n<ul data-start=\"614\" data-end=\"749\">\n<li data-start=\"614\" data-end=\"637\">\n<p data-start=\"616\" data-end=\"637\">Prerje straight fit<\/p>\n<\/li>\n<li data-start=\"638\" data-end=\"670\">\n<p data-start=\"640\" data-end=\"670\">Mbyllje me kops\u00eb dhe zinxhir<\/p>\n<\/li>\n<li data-start=\"671\" data-end=\"707\">\n<p data-start=\"673\" data-end=\"707\">Xhepa klasik\u00eb p\u00ebrpara dhe mbrapa<\/p>\n<\/li>\n<li data-start=\"708\" data-end=\"749\">\n<p data-start=\"710\" data-end=\"749\">Qepje t\u00eb rregullta dhe cil\u00ebsi premium<\/p>\n<\/li>\n<\/ul>\n<p data-start=\"751\" data-end=\"803\">Ideale p\u00ebr kombinime casual, urban apo smart-casual.<\/p>\n<p data-start=\"805\" data-end=\"875\" data-is-last-node=\"\" data-is-only-node=\"\">Nj\u00eb model esencial q\u00eb duhet t\u00eb jet\u00eb pjes\u00eb e \u00e7do garderobe mashkullore.<\/p>","protected":false},"excerpt":{"rendered":"<p>Xhinse premium me prerje straight fit, t\u00eb dizajnuara p\u00ebr nj\u00eb pamje t\u00eb past\u00ebr dhe moderne. Ky model ofron balanc\u00ebn perfekte mes rehatis\u00eb dhe stilit, duke mos qen\u00eb as shum\u00eb t\u00eb ngushta e as shum\u00eb t\u00eb gjera \u2013 prerje klasike q\u00eb i p\u00ebrshtatet \u00e7do forme trupi. T\u00eb punuara nga material cil\u00ebsor dhe i q\u00ebndruesh\u00ebm, k\u00ebto xhinse [&hellip;]<\/p>","protected":false},"featured_media":12808,"comment_status":"open","ping_status":"closed","template":"","meta":[],"product_brand":[],"product_cat":[709,27],"product_tag":[668,670,379],"class_list":{"0":"post-12800","1":"product","2":"type-product","3":"status-publish","4":"has-post-thumbnail","6":"product_cat-baggy-jeans","7":"product_cat-jeans","8":"product_tag-per-meshkuj","9":"product_tag-straightfit","10":"product_tag-xhinse","12":"first","13":"instock","14":"taxable","15":"shipping-taxable","16":"purchasable","17":"product-type-variable"},"jetpack_sharing_enabled":true,"_links":{"self":[{"href":"https:\/\/urban-clothingstore.com\/en\/wp-json\/wp\/v2\/product\/12800","targetHints":{"allow":["GET"]}}],"collection":[{"href":"https:\/\/urban-clothingstore.com\/en\/wp-json\/wp\/v2\/product"}],"about":[{"href":"https:\/\/urban-clothingstore.com\/en\/wp-json\/wp\/v2\/types\/product"}],"replies":[{"embeddable":true,"href":"https:\/\/urban-clothingstore.com\/en\/wp-json\/wp\/v2\/comments?post=12800"}],"wp:featuredmedia":[{"embeddable":true,"href":"https:\/\/urban-clothingstore.com\/en\/wp-json\/wp\/v2\/media\/12808"}],"wp:attachment":[{"href":"https:\/\/urban-clothingstore.com\/en\/wp-json\/wp\/v2\/media?parent=12800"}],"wp:term":[{"taxonomy":"product_brand","embeddable":true,"href":"https:\/\/urban-clothingstore.com\/en\/wp-json\/wp\/v2\/product_brand?post=12800"},{"taxonomy":"product_cat","embeddable":true,"href":"https:\/\/urban-clothingstore.com\/en\/wp-json\/wp\/v2\/product_cat?post=12800"},{"taxonomy":"product_tag","embeddable":true,"href":"https:\/\/urban-clothingstore.com\/en\/wp-json\/wp\/v2\/product_tag?post=12800"}],"curies":[{"name":"wp","href":"https:\/\/api.w.org\/{rel}","templated":true}]}}