{"id":12872,"date":"2026-02-22T14:36:40","date_gmt":"2026-02-22T14:36:40","guid":{"rendered":"https:\/\/urban-clothingstore.com\/?post_type=product&#038;p=12872"},"modified":"2026-03-23T08:41:45","modified_gmt":"2026-03-23T08:41:45","slug":"t-shirt-premium-slim-fit-essential-collection","status":"publish","type":"product","link":"https:\/\/urban-clothingstore.com\/en\/product\/t-shirt-premium-slim-fit-essential-collection\/","title":{"rendered":"T-Shirt Premium Slim Fit \u2013 Essential Collection"},"content":{"rendered":"<p data-start=\"76\" data-end=\"365\">T-shirt premium me prerje slim fit, e dizajnuar p\u00ebr t\u00eb theksuar form\u00ebn e trupit dhe p\u00ebr t\u00eb ofruar rehati maksimale gjat\u00eb gjith\u00eb dit\u00ebs. Materiali cil\u00ebsor dhe elastik p\u00ebrshtatet bukur me trupin pa kufizuar l\u00ebvizjen, duke krijuar nj\u00eb pamje moderne dhe t\u00eb past\u00ebr.<\/p>\n<p data-start=\"367\" data-end=\"564\">Model minimalist me jak\u00eb rrethore klasike, ideal p\u00ebr kombinime casual, smart-casual apo urban. Mund t\u00eb vishet leht\u00ebsisht me pantallona bezh, xhinse apo edhe n\u00ebn xhup p\u00ebr nj\u00eb stil m\u00eb t\u00eb strukturuar.<\/p>\n<p data-start=\"566\" data-end=\"584\">Karakteristikat:<\/p>\n<ul data-start=\"585\" data-end=\"734\">\n<li data-start=\"585\" data-end=\"604\">\n<p data-start=\"587\" data-end=\"604\">Prerje slim fit<\/p>\n<\/li>\n<li data-start=\"605\" data-end=\"630\">\n<p data-start=\"607\" data-end=\"630\">Jak\u00eb rrethore klasike<\/p>\n<\/li>\n<li data-start=\"631\" data-end=\"662\">\n<p data-start=\"633\" data-end=\"662\">Material i but\u00eb dhe elastik<\/p>\n<\/li>\n<li data-start=\"663\" data-end=\"703\">\n<p data-start=\"665\" data-end=\"703\">Qepje cil\u00ebsore dhe p\u00ebrfundim premium<\/p>\n<\/li>\n<li data-start=\"704\" data-end=\"734\">\n<p data-start=\"706\" data-end=\"734\">Stil minimalist dhe modern<\/p>\n<\/li>\n<\/ul>\n<p data-start=\"736\" data-end=\"761\">Ngjyrat e disponueshme:<\/p>\n<ul data-start=\"762\" data-end=\"811\">\n<li data-start=\"762\" data-end=\"774\">\n<p data-start=\"764\" data-end=\"774\">Navy blu<\/p>\n<\/li>\n<li data-start=\"775\" data-end=\"785\">\n<p data-start=\"777\" data-end=\"785\">E zez\u00eb<\/p>\n<\/li>\n<li data-start=\"786\" data-end=\"798\">\n<p data-start=\"788\" data-end=\"798\">E bardh\u00eb<\/p>\n<\/li>\n<li data-start=\"799\" data-end=\"811\">\n<p data-start=\"801\" data-end=\"811\">Antracit<\/p>\n<\/li>\n<\/ul>\n<p data-start=\"813\" data-end=\"891\" data-is-last-node=\"\" data-is-only-node=\"\">Nj\u00eb model baz\u00eb esencial q\u00eb nuk duhet t\u00eb mungoj\u00eb n\u00eb garderob\u00ebn e \u00e7do mashkulli.<\/p>","protected":false},"excerpt":{"rendered":"<p>T-shirt premium me prerje slim fit, e dizajnuar p\u00ebr t\u00eb theksuar form\u00ebn e trupit dhe p\u00ebr t\u00eb ofruar rehati maksimale gjat\u00eb gjith\u00eb dit\u00ebs. Materiali cil\u00ebsor dhe elastik p\u00ebrshtatet bukur me trupin pa kufizuar l\u00ebvizjen, duke krijuar nj\u00eb pamje moderne dhe t\u00eb past\u00ebr. Model minimalist me jak\u00eb rrethore klasike, ideal p\u00ebr kombinime casual, smart-casual apo urban. [&hellip;]<\/p>","protected":false},"featured_media":12876,"comment_status":"open","ping_status":"closed","template":"","meta":[],"product_brand":[],"product_cat":[21],"product_tag":[347,313,668,57],"class_list":{"0":"post-12872","1":"product","2":"type-product","3":"status-publish","4":"has-post-thumbnail","6":"product_cat-tshirts","7":"product_tag-bazike","8":"product_tag-maice","9":"product_tag-per-meshkuj","10":"product_tag-slimfit","12":"first","13":"instock","14":"sale","15":"taxable","16":"shipping-taxable","17":"purchasable","18":"product-type-variable"},"jetpack_sharing_enabled":true,"_links":{"self":[{"href":"https:\/\/urban-clothingstore.com\/en\/wp-json\/wp\/v2\/product\/12872","targetHints":{"allow":["GET"]}}],"collection":[{"href":"https:\/\/urban-clothingstore.com\/en\/wp-json\/wp\/v2\/product"}],"about":[{"href":"https:\/\/urban-clothingstore.com\/en\/wp-json\/wp\/v2\/types\/product"}],"replies":[{"embeddable":true,"href":"https:\/\/urban-clothingstore.com\/en\/wp-json\/wp\/v2\/comments?post=12872"}],"wp:featuredmedia":[{"embeddable":true,"href":"https:\/\/urban-clothingstore.com\/en\/wp-json\/wp\/v2\/media\/12876"}],"wp:attachment":[{"href":"https:\/\/urban-clothingstore.com\/en\/wp-json\/wp\/v2\/media?parent=12872"}],"wp:term":[{"taxonomy":"product_brand","embeddable":true,"href":"https:\/\/urban-clothingstore.com\/en\/wp-json\/wp\/v2\/product_brand?post=12872"},{"taxonomy":"product_cat","embeddable":true,"href":"https:\/\/urban-clothingstore.com\/en\/wp-json\/wp\/v2\/product_cat?post=12872"},{"taxonomy":"product_tag","embeddable":true,"href":"https:\/\/urban-clothingstore.com\/en\/wp-json\/wp\/v2\/product_tag?post=12872"}],"curies":[{"name":"wp","href":"https:\/\/api.w.org\/{rel}","templated":true}]}}