{"id":12919,"date":"2026-02-22T15:04:15","date_gmt":"2026-02-22T15:04:15","guid":{"rendered":"https:\/\/urban-clothingstore.com\/?post_type=product&#038;p=12919"},"modified":"2026-03-23T08:48:22","modified_gmt":"2026-03-23T08:48:22","slug":"polo-premium-ribbed-slim-fit-elegant-essentials","status":"publish","type":"product","link":"https:\/\/urban-clothingstore.com\/en\/product\/polo-premium-ribbed-slim-fit-elegant-essentials\/","title":{"rendered":"Polo Premium Ribbed Slim Fit \u2013 Elegant Essentials"},"content":{"rendered":"<p data-start=\"78\" data-end=\"338\">Polo premium me tekstur\u00eb ribbed (me vija vertikale t\u00eb lehta), e dizajnuar p\u00ebr nj\u00eb pamje elegante dhe moderne. Prerja slim fit thekson linjat e trupit, nd\u00ebrsa materiali elastik dhe cil\u00ebsor ofron rehati maksimale gjat\u00eb gjith\u00eb dit\u00ebs.<\/p>\n<p data-start=\"340\" data-end=\"549\">Model me jak\u00eb klasike polo dhe mbyllje minimale me kopsa, perfekt p\u00ebr kombinime smart-casual apo elegante. Mund t\u00eb vishet me pantallona klasike, chino apo edhe xhinse p\u00ebr nj\u00eb look t\u00eb past\u00ebr dhe t\u00eb sofistikuar.<\/p>\n<p data-start=\"551\" data-end=\"569\">Karakteristikat:<\/p>\n<ul data-start=\"570\" data-end=\"701\">\n<li data-start=\"570\" data-end=\"589\">\n<p data-start=\"572\" data-end=\"589\">Prerje slim fit<\/p>\n<\/li>\n<li data-start=\"590\" data-end=\"617\">\n<p data-start=\"592\" data-end=\"617\">Tekstur\u00eb ribbed moderne<\/p>\n<\/li>\n<li data-start=\"618\" data-end=\"639\">\n<p data-start=\"620\" data-end=\"639\">Jak\u00eb polo klasike<\/p>\n<\/li>\n<li data-start=\"640\" data-end=\"671\">\n<p data-start=\"642\" data-end=\"671\">Material i but\u00eb dhe elastik<\/p>\n<\/li>\n<li data-start=\"672\" data-end=\"701\">\n<p data-start=\"674\" data-end=\"701\">Stil elegant &amp; minimalist<\/p>\n<\/li>\n<\/ul>\n<p data-start=\"703\" data-end=\"728\">Ngjyrat e disponueshme:<\/p>\n<ul data-start=\"729\" data-end=\"794\">\n<li data-start=\"729\" data-end=\"739\">\n<p data-start=\"731\" data-end=\"739\">E zez\u00eb<\/p>\n<\/li>\n<li data-start=\"740\" data-end=\"752\">\n<p data-start=\"742\" data-end=\"752\">Navy blu<\/p>\n<\/li>\n<li data-start=\"753\" data-end=\"772\">\n<p data-start=\"755\" data-end=\"772\">E bardh\u00eb \/ krem<\/p>\n<\/li>\n<li data-start=\"773\" data-end=\"785\">\n<p data-start=\"775\" data-end=\"785\">Antracit<\/p>\n<\/li>\n<li data-start=\"786\" data-end=\"794\">\n<p data-start=\"788\" data-end=\"794\">Bezh<\/p>\n<\/li>\n<\/ul>\n<p data-start=\"796\" data-end=\"884\">Ideale p\u00ebr veshje zyre, darka apo evente ku k\u00ebrkohet nj\u00eb stil i rregullt, por jo formal.<\/p>\n<p data-start=\"886\" data-end=\"960\" data-is-last-node=\"\" data-is-only-node=\"\">Nj\u00eb model premium q\u00eb kombinon eleganc\u00ebn me komoditetin n\u00eb m\u00ebnyr\u00eb perfekte.<\/p>","protected":false},"excerpt":{"rendered":"<p>Polo premium me tekstur\u00eb ribbed (me vija vertikale t\u00eb lehta), e dizajnuar p\u00ebr nj\u00eb pamje elegante dhe moderne. Prerja slim fit thekson linjat e trupit, nd\u00ebrsa materiali elastik dhe cil\u00ebsor ofron rehati maksimale gjat\u00eb gjith\u00eb dit\u00ebs. Model me jak\u00eb klasike polo dhe mbyllje minimale me kopsa, perfekt p\u00ebr kombinime smart-casual apo elegante. Mund t\u00eb vishet [&hellip;]<\/p>","protected":false},"featured_media":12923,"comment_status":"open","ping_status":"closed","template":"","meta":[],"product_brand":[],"product_cat":[21],"product_tag":[295,335,633,536,57],"class_list":{"0":"post-12919","1":"product","2":"type-product","3":"status-publish","4":"has-post-thumbnail","6":"product_cat-tshirts","7":"product_tag-bluze","8":"product_tag-elegante","9":"product_tag-me-krahe-te-shkurt","10":"product_tag-moderne","11":"product_tag-slimfit","13":"first","14":"instock","15":"sale","16":"taxable","17":"shipping-taxable","18":"purchasable","19":"product-type-variable"},"jetpack_sharing_enabled":true,"_links":{"self":[{"href":"https:\/\/urban-clothingstore.com\/en\/wp-json\/wp\/v2\/product\/12919","targetHints":{"allow":["GET"]}}],"collection":[{"href":"https:\/\/urban-clothingstore.com\/en\/wp-json\/wp\/v2\/product"}],"about":[{"href":"https:\/\/urban-clothingstore.com\/en\/wp-json\/wp\/v2\/types\/product"}],"replies":[{"embeddable":true,"href":"https:\/\/urban-clothingstore.com\/en\/wp-json\/wp\/v2\/comments?post=12919"}],"wp:featuredmedia":[{"embeddable":true,"href":"https:\/\/urban-clothingstore.com\/en\/wp-json\/wp\/v2\/media\/12923"}],"wp:attachment":[{"href":"https:\/\/urban-clothingstore.com\/en\/wp-json\/wp\/v2\/media?parent=12919"}],"wp:term":[{"taxonomy":"product_brand","embeddable":true,"href":"https:\/\/urban-clothingstore.com\/en\/wp-json\/wp\/v2\/product_brand?post=12919"},{"taxonomy":"product_cat","embeddable":true,"href":"https:\/\/urban-clothingstore.com\/en\/wp-json\/wp\/v2\/product_cat?post=12919"},{"taxonomy":"product_tag","embeddable":true,"href":"https:\/\/urban-clothingstore.com\/en\/wp-json\/wp\/v2\/product_tag?post=12919"}],"curies":[{"name":"wp","href":"https:\/\/api.w.org\/{rel}","templated":true}]}}