{"id":1294,"date":"2025-04-06T16:13:04","date_gmt":"2025-04-06T16:13:04","guid":{"rendered":"https:\/\/urban-clothingstore.com\/?post_type=product&#038;p=1294"},"modified":"2025-08-23T10:14:36","modified_gmt":"2025-08-23T10:14:36","slug":"strange-hidden-spirits-tee-midnight-black","status":"publish","type":"product","link":"https:\/\/urban-clothingstore.com\/en\/product\/strange-hidden-spirits-tee-midnight-black\/","title":{"rendered":"Maic\u00eb Strange Hidden Spirits \u2013 e Zez\u00eb Mesnate"},"content":{"rendered":"<p>Bluza Strange Hidden Spirits flet p\u00ebr mistik\u00ebn brenda, duke paraqitur nj\u00eb printim gjoksi t\u00eb frym\u00ebzuar nga stili gotik q\u00eb kap thelbin e t\u00eb padukshmes dhe t\u00eb pad\u00ebgjuar\u00ebs.<\/p>\n<p>E punuar nga pambuk i r\u00ebnd\u00eb me nj\u00eb siluet\u00eb t\u00eb relaksuar, kjo bluz\u00eb \u00ebsht\u00eb b\u00ebr\u00eb p\u00ebr vet\u00ebbesim t\u00eb qet\u00eb dhe atmosfer\u00eb t\u00eb pazakont\u00eb.<\/p>\n<ul>\n<li>Tipografi interesante: \u201cStrange Hidden SPIRITS\u201d n\u00eb shkronja t\u00eb p\u00ebrziera p\u00ebr nj\u00eb prekje okulte vintage<\/li>\n<li>P\u00eblhur\u00eb cil\u00ebsore: Pambuk i but\u00eb dhe i r\u00ebnd\u00eb me nj\u00eb ndjesi t\u00eb strukturuar por t\u00eb but\u00eb<\/li>\n<li>P\u00ebrshtatje e madhe me shpatulla t\u00eb l\u00ebshuara p\u00ebr rehati dhe shkatht\u00ebsi n\u00eb shtresa<\/li>\n<li>Atmosfer\u00eb: E err\u00ebt, minimale dhe introspektive &#8211; nj\u00eb deklarat\u00eb p\u00ebr ata q\u00eb shohin p\u00ebrtej t\u00eb dukshmes<\/li>\n<\/ul>","protected":false},"excerpt":{"rendered":"<p>Bluza Strange Hidden Spirits flet p\u00ebr mistik\u00ebn brenda, duke paraqitur nj\u00eb printim gjoksi t\u00eb frym\u00ebzuar nga stili gotik q\u00eb kap thelbin e t\u00eb padukshmes dhe t\u00eb pad\u00ebgjuar\u00ebs. E punuar nga pambuk i r\u00ebnd\u00eb me nj\u00eb siluet\u00eb t\u00eb relaksuar, kjo bluz\u00eb \u00ebsht\u00eb b\u00ebr\u00eb p\u00ebr vet\u00ebbesim t\u00eb qet\u00eb dhe atmosfer\u00eb t\u00eb pazakont\u00eb. Tipografi interesante: \u201cStrange Hidden SPIRITS\u201d [&hellip;]<\/p>","protected":false},"featured_media":1293,"comment_status":"open","ping_status":"closed","template":"","meta":[],"product_brand":[],"product_cat":[16,21],"product_tag":[],"class_list":{"0":"post-1294","1":"product","2":"type-product","3":"status-publish","4":"has-post-thumbnail","6":"product_cat-clothing","7":"product_cat-tshirts","9":"first","10":"instock","11":"taxable","12":"shipping-taxable","13":"purchasable","14":"product-type-variable"},"jetpack_sharing_enabled":true,"_links":{"self":[{"href":"https:\/\/urban-clothingstore.com\/en\/wp-json\/wp\/v2\/product\/1294","targetHints":{"allow":["GET"]}}],"collection":[{"href":"https:\/\/urban-clothingstore.com\/en\/wp-json\/wp\/v2\/product"}],"about":[{"href":"https:\/\/urban-clothingstore.com\/en\/wp-json\/wp\/v2\/types\/product"}],"replies":[{"embeddable":true,"href":"https:\/\/urban-clothingstore.com\/en\/wp-json\/wp\/v2\/comments?post=1294"}],"wp:featuredmedia":[{"embeddable":true,"href":"https:\/\/urban-clothingstore.com\/en\/wp-json\/wp\/v2\/media\/1293"}],"wp:attachment":[{"href":"https:\/\/urban-clothingstore.com\/en\/wp-json\/wp\/v2\/media?parent=1294"}],"wp:term":[{"taxonomy":"product_brand","embeddable":true,"href":"https:\/\/urban-clothingstore.com\/en\/wp-json\/wp\/v2\/product_brand?post=1294"},{"taxonomy":"product_cat","embeddable":true,"href":"https:\/\/urban-clothingstore.com\/en\/wp-json\/wp\/v2\/product_cat?post=1294"},{"taxonomy":"product_tag","embeddable":true,"href":"https:\/\/urban-clothingstore.com\/en\/wp-json\/wp\/v2\/product_tag?post=1294"}],"curies":[{"name":"wp","href":"https:\/\/api.w.org\/{rel}","templated":true}]}}