{"id":12952,"date":"2026-02-22T15:30:49","date_gmt":"2026-02-22T15:30:49","guid":{"rendered":"https:\/\/urban-clothingstore.com\/?post_type=product&#038;p=12952"},"modified":"2026-03-23T08:36:47","modified_gmt":"2026-03-23T08:36:47","slug":"t-shirt-premium-ribbed-slim-fit-elegant-minimal","status":"publish","type":"product","link":"https:\/\/urban-clothingstore.com\/en\/product\/t-shirt-premium-ribbed-slim-fit-elegant-minimal\/","title":{"rendered":"T-Shirt Premium Ribbed Slim Fit \u2013 Elegant Minimal"},"content":{"rendered":"<p data-start=\"78\" data-end=\"375\">T-shirt premium me tekstur\u00eb ribbed (vija vertikale elegante), i dizajnuar p\u00ebr nj\u00eb pamje moderne dhe t\u00eb sofistikuar. Prerja slim fit thekson linjat e trupit dhe jep nj\u00eb siluet\u00eb t\u00eb past\u00ebr, nd\u00ebrsa materiali elastik dhe i but\u00eb siguron rehati maksimale gjat\u00eb gjith\u00eb dit\u00ebs.<\/p>\n<p data-start=\"377\" data-end=\"541\">Model me jak\u00eb rrethore klasike, ideal p\u00ebr kombinime smart-casual apo elegante. Perfekt me pantallona klasike, chino ose xhinse p\u00ebr nj\u00eb stil t\u00eb rregullt dhe premium.<\/p>\n<p data-start=\"543\" data-end=\"565\"><strong data-start=\"543\" data-end=\"563\">Karakteristikat:<\/strong><\/p>\n<ul data-start=\"566\" data-end=\"709\">\n<li data-start=\"566\" data-end=\"585\">\n<p data-start=\"568\" data-end=\"585\">Prerje slim fit<\/p>\n<\/li>\n<li data-start=\"586\" data-end=\"623\">\n<p data-start=\"588\" data-end=\"623\">Tekstur\u00eb ribbed me vija vertikale<\/p>\n<\/li>\n<li data-start=\"624\" data-end=\"649\">\n<p data-start=\"626\" data-end=\"649\">Jak\u00eb rrethore klasike<\/p>\n<\/li>\n<li data-start=\"650\" data-end=\"678\">\n<p data-start=\"652\" data-end=\"678\">Material elastik &amp; komod<\/p>\n<\/li>\n<li data-start=\"679\" data-end=\"709\">\n<p data-start=\"681\" data-end=\"709\">Stil minimalist dhe modern<\/p>\n<\/li>\n<\/ul>\n<p data-start=\"711\" data-end=\"740\"><strong data-start=\"711\" data-end=\"738\">Ngjyrat e disponueshme:<\/strong><\/p>\n<ul data-start=\"741\" data-end=\"824\">\n<li data-start=\"741\" data-end=\"751\">\n<p data-start=\"743\" data-end=\"751\">E zez\u00eb|<\/p>\n<\/li>\n<li data-start=\"765\" data-end=\"778\">\n<p data-start=\"767\" data-end=\"778\">Baby blue<\/p>\n<\/li>\n<li data-start=\"779\" data-end=\"787\">\n<p data-start=\"781\" data-end=\"787\">Bezh<\/p>\n<\/li>\n<li data-start=\"788\" data-end=\"800\">\n<p data-start=\"790\" data-end=\"800\">E bardh\u00eb<\/p>\n<\/li>\n<li data-start=\"801\" data-end=\"815\">\n<p data-start=\"803\" data-end=\"815\">Hiri (gri)<\/p>\n<\/li>\n<li data-start=\"816\" data-end=\"824\">\n<p data-start=\"818\" data-end=\"824\">Kafe<\/p>\n<\/li>\n<\/ul>\n<p data-start=\"826\" data-end=\"921\" data-is-last-node=\"\" data-is-only-node=\"\">Nj\u00eb model esencial p\u00ebr gard\u00ebrob\u00ebn mashkullore \u2013 kombinim perfekt mes eleganc\u00ebs dhe komoditetit.<\/p>","protected":false},"excerpt":{"rendered":"<p>T-shirt premium me tekstur\u00eb ribbed (vija vertikale elegante), i dizajnuar p\u00ebr nj\u00eb pamje moderne dhe t\u00eb sofistikuar. Prerja slim fit thekson linjat e trupit dhe jep nj\u00eb siluet\u00eb t\u00eb past\u00ebr, nd\u00ebrsa materiali elastik dhe i but\u00eb siguron rehati maksimale gjat\u00eb gjith\u00eb dit\u00ebs. Model me jak\u00eb rrethore klasike, ideal p\u00ebr kombinime smart-casual apo elegante. Perfekt me [&hellip;]<\/p>","protected":false},"featured_media":12959,"comment_status":"open","ping_status":"closed","template":"","meta":[],"product_brand":[],"product_cat":[21],"product_tag":[632,298,633,57],"class_list":{"0":"post-12952","1":"product","2":"type-product","3":"status-publish","4":"has-post-thumbnail","6":"product_cat-tshirts","7":"product_tag-bluz","8":"product_tag-klasike","9":"product_tag-me-krahe-te-shkurt","10":"product_tag-slimfit","12":"first","13":"instock","14":"sale","15":"taxable","16":"shipping-taxable","17":"purchasable","18":"product-type-variable"},"jetpack_sharing_enabled":true,"_links":{"self":[{"href":"https:\/\/urban-clothingstore.com\/en\/wp-json\/wp\/v2\/product\/12952","targetHints":{"allow":["GET"]}}],"collection":[{"href":"https:\/\/urban-clothingstore.com\/en\/wp-json\/wp\/v2\/product"}],"about":[{"href":"https:\/\/urban-clothingstore.com\/en\/wp-json\/wp\/v2\/types\/product"}],"replies":[{"embeddable":true,"href":"https:\/\/urban-clothingstore.com\/en\/wp-json\/wp\/v2\/comments?post=12952"}],"wp:featuredmedia":[{"embeddable":true,"href":"https:\/\/urban-clothingstore.com\/en\/wp-json\/wp\/v2\/media\/12959"}],"wp:attachment":[{"href":"https:\/\/urban-clothingstore.com\/en\/wp-json\/wp\/v2\/media?parent=12952"}],"wp:term":[{"taxonomy":"product_brand","embeddable":true,"href":"https:\/\/urban-clothingstore.com\/en\/wp-json\/wp\/v2\/product_brand?post=12952"},{"taxonomy":"product_cat","embeddable":true,"href":"https:\/\/urban-clothingstore.com\/en\/wp-json\/wp\/v2\/product_cat?post=12952"},{"taxonomy":"product_tag","embeddable":true,"href":"https:\/\/urban-clothingstore.com\/en\/wp-json\/wp\/v2\/product_tag?post=12952"}],"curies":[{"name":"wp","href":"https:\/\/api.w.org\/{rel}","templated":true}]}}