{"id":1299,"date":"2025-04-06T16:18:54","date_gmt":"2025-04-06T16:18:54","guid":{"rendered":"https:\/\/urban-clothingstore.com\/?post_type=product&#038;p=1299"},"modified":"2025-08-23T10:04:32","modified_gmt":"2025-08-23T10:04:32","slug":"primitive-callen-graphic-tee-shadow-black","status":"publish","type":"product","link":"https:\/\/urban-clothingstore.com\/en\/product\/primitive-callen-graphic-tee-shadow-black\/","title":{"rendered":"Bluz\u00eb Grafike PRIMITIVE Callen \u2013 E Zez\u00eb n\u00eb Hije"},"content":{"rendered":"<p>P\u00ebr ata q\u00eb l\u00ebvizin sipas instinktit. Bluza Grafike PRIMITIVE Callen bashkon energjin\u00eb primitive me vendosm\u00ebrin\u00eb urbane, duke shfaqur tipografi fisnore me maja dhe nj\u00eb slogan underground q\u00eb shkruan: &#8220;HUSTLE THE WEAH CALLEN&#8221; &#8211; misterioze, e fsheht\u00eb dhe e guximshme.<\/p>\n<p>Nj\u00eb dizajn i mbushur me grafik\u00eb i krijuar p\u00ebr ata q\u00eb nuk ndjekin trendet &#8211; por i krijojn\u00eb ato.<\/p>\n<p>\ud83d\udd25Karakteristikat:<\/p>\n<ul>\n<li>Shkronja Tribal Blu Elektrike: &#8220;PRIMITIVE&#8221; me shkronja t\u00eb mprehta p\u00ebr nj\u00eb ndjesi agresive dhe post-apokaliptike<\/li>\n<li>Deklarat\u00eb Abstrakte: Motivi me gjasht\u00eb yje dhe slogani kriptik evokojn\u00eb nj\u00eb gjuh\u00eb t\u00eb koduar<\/li>\n<li>P\u00ebrshtatje me pambuk premium p\u00ebr varje dhe q\u00ebndrueshm\u00ebri maksimale<\/li>\n<li>I p\u00ebrshtatsh\u00ebm p\u00ebr: Rave, skena n\u00ebntok\u00ebsore, rebel\u00eb rruge dhe koleksionist\u00eb t\u00eb veshjeve t\u00ebrheq\u00ebse<\/li>\n<\/ul>","protected":false},"excerpt":{"rendered":"<p>P\u00ebr ata q\u00eb l\u00ebvizin sipas instinktit. Bluza Grafike PRIMITIVE Callen bashkon energjin\u00eb primitive me vendosm\u00ebrin\u00eb urbane, duke shfaqur tipografi fisnore me maja dhe nj\u00eb slogan underground q\u00eb shkruan: &#8220;HUSTLE THE WEAH CALLEN&#8221; &#8211; misterioze, e fsheht\u00eb dhe e guximshme. Nj\u00eb dizajn i mbushur me grafik\u00eb i krijuar p\u00ebr ata q\u00eb nuk ndjekin trendet &#8211; por [&hellip;]<\/p>","protected":false},"featured_media":1312,"comment_status":"open","ping_status":"closed","template":"","meta":[],"product_brand":[],"product_cat":[16,21],"product_tag":[],"class_list":{"0":"post-1299","1":"product","2":"type-product","3":"status-publish","4":"has-post-thumbnail","6":"product_cat-clothing","7":"product_cat-tshirts","9":"first","10":"instock","11":"taxable","12":"shipping-taxable","13":"purchasable","14":"product-type-variable"},"jetpack_sharing_enabled":true,"_links":{"self":[{"href":"https:\/\/urban-clothingstore.com\/en\/wp-json\/wp\/v2\/product\/1299","targetHints":{"allow":["GET"]}}],"collection":[{"href":"https:\/\/urban-clothingstore.com\/en\/wp-json\/wp\/v2\/product"}],"about":[{"href":"https:\/\/urban-clothingstore.com\/en\/wp-json\/wp\/v2\/types\/product"}],"replies":[{"embeddable":true,"href":"https:\/\/urban-clothingstore.com\/en\/wp-json\/wp\/v2\/comments?post=1299"}],"wp:featuredmedia":[{"embeddable":true,"href":"https:\/\/urban-clothingstore.com\/en\/wp-json\/wp\/v2\/media\/1312"}],"wp:attachment":[{"href":"https:\/\/urban-clothingstore.com\/en\/wp-json\/wp\/v2\/media?parent=1299"}],"wp:term":[{"taxonomy":"product_brand","embeddable":true,"href":"https:\/\/urban-clothingstore.com\/en\/wp-json\/wp\/v2\/product_brand?post=1299"},{"taxonomy":"product_cat","embeddable":true,"href":"https:\/\/urban-clothingstore.com\/en\/wp-json\/wp\/v2\/product_cat?post=1299"},{"taxonomy":"product_tag","embeddable":true,"href":"https:\/\/urban-clothingstore.com\/en\/wp-json\/wp\/v2\/product_tag?post=1299"}],"curies":[{"name":"wp","href":"https:\/\/api.w.org\/{rel}","templated":true}]}}