{"id":13003,"date":"2026-02-22T15:39:16","date_gmt":"2026-02-22T15:39:16","guid":{"rendered":"https:\/\/urban-clothingstore.com\/?post_type=product&#038;p=13003"},"modified":"2026-03-09T13:02:57","modified_gmt":"2026-03-09T13:02:57","slug":"xhinse-premium-slim-fit-black-essential","status":"publish","type":"product","link":"https:\/\/urban-clothingstore.com\/en\/product\/xhinse-premium-slim-fit-black-essential\/","title":{"rendered":"Xhinse Premium Slim Fit \u2013 Black Essential"},"content":{"rendered":"<div class=\"flex flex-col text-sm pb-25\">\n<article class=\"text-token-text-primary w-full focus:outline-none [--shadow-height:45px] has-data-writing-block:pointer-events-none has-data-writing-block:-mt-(--shadow-height) has-data-writing-block:pt-(--shadow-height) [&amp;:has([data-writing-block])&gt;*]:pointer-events-auto scroll-mt-[calc(var(--header-height)+min(200px,max(70px,20svh)))]\" dir=\"auto\" tabindex=\"-1\" data-turn-id=\"request-699aff92-97ac-8392-86c9-91983e2f5e81-5\" data-testid=\"conversation-turn-30\" data-scroll-anchor=\"true\" data-turn=\"assistant\">\n<div class=\"text-base my-auto mx-auto pb-10 [--thread-content-margin:--spacing(4)] @w-sm\/main:[--thread-content-margin:--spacing(6)] @w-lg\/main:[--thread-content-margin:--spacing(16)] px-(--thread-content-margin)\">\n<div class=\"[--thread-content-max-width:40rem] @w-lg\/main:[--thread-content-max-width:48rem] mx-auto max-w-(--thread-content-max-width) flex-1 group\/turn-messages focus-visible:outline-hidden relative flex w-full min-w-0 flex-col agent-turn\" tabindex=\"-1\">\n<div class=\"flex max-w-full flex-col grow\">\n<div class=\"min-h-8 text-message relative flex w-full flex-col items-end gap-2 text-start break-words whitespace-normal [.text-message+&amp;]:mt-1\" dir=\"auto\" data-message-author-role=\"assistant\" data-message-id=\"667311eb-3493-4274-8633-94e54113372c\" data-message-model-slug=\"gpt-5-2\">\n<div class=\"flex w-full flex-col gap-1 empty:hidden first:pt-[1px]\">\n<div class=\"markdown prose dark:prose-invert w-full wrap-break-word dark markdown-new-styling\">\n<p data-start=\"70\" data-end=\"298\">Xhinse premium n\u00eb ngjyr\u00eb t\u00eb zez\u00eb, me prerje slim fit q\u00eb thekson linjat e trupit dhe krijon nj\u00eb siluet\u00eb moderne dhe t\u00eb past\u00ebr. Dizajni minimalist i b\u00ebn perfekte p\u00ebr kombinime casual apo smart-casual.<\/p>\n<p data-start=\"300\" data-end=\"495\">Material cil\u00ebsor me elastik t\u00eb leht\u00eb p\u00ebr rehati maksimale dhe l\u00ebvizje t\u00eb lir\u00eb gjat\u00eb gjith\u00eb dit\u00ebs. Ngjyra e zez\u00eb klasike i b\u00ebn leht\u00ebsisht t\u00eb kombinueshme me t-shirt, polo, k\u00ebmish\u00eb apo xhup l\u00ebkure.<\/p>\n<p data-start=\"497\" data-end=\"519\"><strong data-start=\"497\" data-end=\"517\">Karakteristikat:<\/strong><\/p>\n<ul data-start=\"520\" data-end=\"669\">\n<li data-start=\"520\" data-end=\"539\">\n<p data-start=\"522\" data-end=\"539\">Prerje slim fit<\/p>\n<\/li>\n<li data-start=\"540\" data-end=\"565\">\n<p data-start=\"542\" data-end=\"565\">Ngjyr\u00eb e zez\u00eb klasike<\/p>\n<\/li>\n<li data-start=\"566\" data-end=\"594\">\n<p data-start=\"568\" data-end=\"594\">Material elastik &amp; komod<\/p>\n<\/li>\n<li data-start=\"595\" data-end=\"616\">\n<p data-start=\"597\" data-end=\"616\">Dizajn minimalist<\/p>\n<\/li>\n<li data-start=\"617\" data-end=\"669\">\n<p data-start=\"619\" data-end=\"669\">P\u00ebrshtatje perfekte me atlete ose k\u00ebpuc\u00eb klasike<\/p>\n<\/li>\n<\/ul>\n<p data-start=\"671\" data-end=\"830\"><strong data-start=\"671\" data-end=\"692\">Si t\u00eb kombinohet:<\/strong><br data-start=\"692\" data-end=\"695\" \/>Ideale me t-shirt t\u00eb bardh\u00eb dhe atlete p\u00ebr nj\u00eb look casual modern, ose me k\u00ebmish\u00eb dhe xhup l\u00ebkure p\u00ebr nj\u00eb stil m\u00eb t\u00eb fort\u00eb dhe elegant.<\/p>\n<p data-start=\"832\" data-end=\"901\" data-is-last-node=\"\" data-is-only-node=\"\">Nj\u00eb model esencial q\u00eb nuk duhet t\u00eb mungoj\u00eb n\u00eb gard\u00ebrob\u00ebn mashkullore.<\/p>\n<\/div>\n<\/div>\n<\/div>\n<\/div>\n<div class=\"z-0 flex min-h-[46px] justify-start\"><\/div>\n<div class=\"mt-3 w-full empty:hidden\">\n<div class=\"text-center\"><\/div>\n<\/div>\n<\/div>\n<\/div>\n<\/article>\n<\/div>\n<div class=\"pointer-events-none h-px w-px absolute bottom-0\" aria-hidden=\"true\" data-edge=\"true\"><\/div>","protected":false},"excerpt":{"rendered":"<p>Xhinse premium n\u00eb ngjyr\u00eb t\u00eb zez\u00eb, me prerje slim fit q\u00eb thekson linjat e trupit dhe krijon nj\u00eb siluet\u00eb moderne dhe t\u00eb past\u00ebr. Dizajni minimalist i b\u00ebn perfekte p\u00ebr kombinime casual apo smart-casual. Material cil\u00ebsor me elastik t\u00eb leht\u00eb p\u00ebr rehati maksimale dhe l\u00ebvizje t\u00eb lir\u00eb gjat\u00eb gjith\u00eb dit\u00ebs. Ngjyra e zez\u00eb klasike i b\u00ebn [&hellip;]<\/p>","protected":false},"featured_media":13004,"comment_status":"open","ping_status":"closed","template":"","meta":[],"product_brand":[],"product_cat":[702],"product_tag":[516,544,379],"class_list":{"0":"post-13003","1":"product","2":"type-product","3":"status-publish","4":"has-post-thumbnail","6":"product_cat-premium-slim-fit-jeans","7":"product_tag-xhinse-meshkuj-slim-fit","8":"product_tag-xhinse-te-zeza-klasike","9":"product_tag-xhinse","11":"first","12":"instock","13":"taxable","14":"shipping-taxable","15":"purchasable","16":"product-type-variable"},"jetpack_sharing_enabled":true,"_links":{"self":[{"href":"https:\/\/urban-clothingstore.com\/en\/wp-json\/wp\/v2\/product\/13003","targetHints":{"allow":["GET"]}}],"collection":[{"href":"https:\/\/urban-clothingstore.com\/en\/wp-json\/wp\/v2\/product"}],"about":[{"href":"https:\/\/urban-clothingstore.com\/en\/wp-json\/wp\/v2\/types\/product"}],"replies":[{"embeddable":true,"href":"https:\/\/urban-clothingstore.com\/en\/wp-json\/wp\/v2\/comments?post=13003"}],"wp:featuredmedia":[{"embeddable":true,"href":"https:\/\/urban-clothingstore.com\/en\/wp-json\/wp\/v2\/media\/13004"}],"wp:attachment":[{"href":"https:\/\/urban-clothingstore.com\/en\/wp-json\/wp\/v2\/media?parent=13003"}],"wp:term":[{"taxonomy":"product_brand","embeddable":true,"href":"https:\/\/urban-clothingstore.com\/en\/wp-json\/wp\/v2\/product_brand?post=13003"},{"taxonomy":"product_cat","embeddable":true,"href":"https:\/\/urban-clothingstore.com\/en\/wp-json\/wp\/v2\/product_cat?post=13003"},{"taxonomy":"product_tag","embeddable":true,"href":"https:\/\/urban-clothingstore.com\/en\/wp-json\/wp\/v2\/product_tag?post=13003"}],"curies":[{"name":"wp","href":"https:\/\/api.w.org\/{rel}","templated":true}]}}