{"id":13014,"date":"2026-02-22T15:43:55","date_gmt":"2026-02-22T15:43:55","guid":{"rendered":"https:\/\/urban-clothingstore.com\/?post_type=product&#038;p=13014"},"modified":"2026-03-23T08:31:13","modified_gmt":"2026-03-23T08:31:13","slug":"kemishe-premium-slim-fit-black-elegance","status":"publish","type":"product","link":"https:\/\/urban-clothingstore.com\/en\/product\/kemishe-premium-slim-fit-black-elegance\/","title":{"rendered":"K\u00ebmish\u00eb Premium Slim Fit \u2013 Black Elegance"},"content":{"rendered":"<p data-start=\"70\" data-end=\"304\">K\u00ebmish\u00eb premium n\u00eb ngjyr\u00eb t\u00eb zez\u00eb, me prerje slim fit q\u00eb p\u00ebrshtatet perfekt me trupin dhe thekson linjat mashkullore. Dizajni minimalist dhe jak\u00eb klasike e b\u00ebjn\u00eb ideale p\u00ebr kombinime elegante dhe moderne.<\/p>\n<p data-start=\"306\" data-end=\"494\">Material i but\u00eb dhe cil\u00ebsor, i rehatsh\u00ebm p\u00ebr p\u00ebrdorim gjat\u00eb gjith\u00eb dit\u00ebs, me p\u00ebrfundime t\u00eb pastra dhe detaje t\u00eb rafinuara. Ngjyra e zez\u00eb klasike i jep nj\u00eb pamje t\u00eb fuqishme dhe shum\u00eb stil.<\/p>\n<p data-start=\"496\" data-end=\"518\"><strong data-start=\"496\" data-end=\"516\">Karakteristikat:<\/strong><\/p>\n<ul data-start=\"519\" data-end=\"641\">\n<li data-start=\"519\" data-end=\"538\">\n<p data-start=\"521\" data-end=\"538\">Prerje slim fit<\/p>\n<\/li>\n<li data-start=\"539\" data-end=\"565\">\n<p data-start=\"541\" data-end=\"565\">Ngjyr\u00eb e zez\u00eb elegante<\/p>\n<\/li>\n<li data-start=\"566\" data-end=\"594\">\n<p data-start=\"568\" data-end=\"594\">Material cil\u00ebsor &amp; komod<\/p>\n<\/li>\n<li data-start=\"595\" data-end=\"611\">\n<p data-start=\"597\" data-end=\"611\">Jak\u00eb klasike<\/p>\n<\/li>\n<li data-start=\"612\" data-end=\"641\">\n<p data-start=\"614\" data-end=\"641\">Leht\u00ebsisht e kombinueshme<\/p>\n<\/li>\n<\/ul>\n<p data-start=\"643\" data-end=\"829\"><strong data-start=\"643\" data-end=\"664\">Si t\u00eb kombinohet:<\/strong><br data-start=\"664\" data-end=\"667\" \/>Perfekte me pantallona t\u00eb bardha ose bezh p\u00ebr nj\u00eb kontrast modern dhe elegant. Mund t\u00eb kombinohet edhe me pantallona t\u00eb zeza p\u00ebr nj\u00eb look total black m\u00eb t\u00eb fort\u00eb.<\/p>\n<p data-start=\"831\" data-end=\"932\" data-is-last-node=\"\" data-is-only-node=\"\">Nj\u00eb model esencial p\u00ebr \u00e7do gard\u00ebrob\u00eb mashkullore \u2013 ideal p\u00ebr darka, evente, dalje apo takime formale.<\/p>","protected":false},"excerpt":{"rendered":"<p>K\u00ebmish\u00eb premium n\u00eb ngjyr\u00eb t\u00eb zez\u00eb, me prerje slim fit q\u00eb p\u00ebrshtatet perfekt me trupin dhe thekson linjat mashkullore. Dizajni minimalist dhe jak\u00eb klasike e b\u00ebjn\u00eb ideale p\u00ebr kombinime elegante dhe moderne. Material i but\u00eb dhe cil\u00ebsor, i rehatsh\u00ebm p\u00ebr p\u00ebrdorim gjat\u00eb gjith\u00eb dit\u00ebs, me p\u00ebrfundime t\u00eb pastra dhe detaje t\u00eb rafinuara. Ngjyra e zez\u00eb [&hellip;]<\/p>","protected":false},"featured_media":13015,"comment_status":"open","ping_status":"closed","template":"","meta":[],"product_brand":[],"product_cat":[705],"product_tag":[335,374,298,57],"class_list":{"0":"post-13014","1":"product","2":"type-product","3":"status-publish","4":"has-post-thumbnail","6":"product_cat-slim-fit-elegant-shirt","7":"product_tag-elegante","8":"product_tag-kemishe","9":"product_tag-klasike","10":"product_tag-slimfit","12":"first","13":"instock","14":"taxable","15":"shipping-taxable","16":"purchasable","17":"product-type-variable"},"jetpack_sharing_enabled":true,"_links":{"self":[{"href":"https:\/\/urban-clothingstore.com\/en\/wp-json\/wp\/v2\/product\/13014","targetHints":{"allow":["GET"]}}],"collection":[{"href":"https:\/\/urban-clothingstore.com\/en\/wp-json\/wp\/v2\/product"}],"about":[{"href":"https:\/\/urban-clothingstore.com\/en\/wp-json\/wp\/v2\/types\/product"}],"replies":[{"embeddable":true,"href":"https:\/\/urban-clothingstore.com\/en\/wp-json\/wp\/v2\/comments?post=13014"}],"wp:featuredmedia":[{"embeddable":true,"href":"https:\/\/urban-clothingstore.com\/en\/wp-json\/wp\/v2\/media\/13015"}],"wp:attachment":[{"href":"https:\/\/urban-clothingstore.com\/en\/wp-json\/wp\/v2\/media?parent=13014"}],"wp:term":[{"taxonomy":"product_brand","embeddable":true,"href":"https:\/\/urban-clothingstore.com\/en\/wp-json\/wp\/v2\/product_brand?post=13014"},{"taxonomy":"product_cat","embeddable":true,"href":"https:\/\/urban-clothingstore.com\/en\/wp-json\/wp\/v2\/product_cat?post=13014"},{"taxonomy":"product_tag","embeddable":true,"href":"https:\/\/urban-clothingstore.com\/en\/wp-json\/wp\/v2\/product_tag?post=13014"}],"curies":[{"name":"wp","href":"https:\/\/api.w.org\/{rel}","templated":true}]}}