{"id":1315,"date":"2025-04-06T16:26:02","date_gmt":"2025-04-06T16:26:02","guid":{"rendered":"https:\/\/urban-clothingstore.com\/?post_type=product&#038;p=1315"},"modified":"2025-08-23T10:01:38","modified_gmt":"2025-08-23T10:01:38","slug":"essential-zip-arctic-white","status":"publish","type":"product","link":"https:\/\/urban-clothingstore.com\/en\/product\/essential-zip-arctic-white\/","title":{"rendered":"Maic\u00eb me Zingjir &#8211; Essential Zip"},"content":{"rendered":"<p>Minimalizmi takon precizitetin n\u00eb Essential Zip \u2014 nj\u00eb element kryesor elegant dhe i rast\u00ebsish\u00ebm me nj\u00eb prekje moderne. I projektuar me nj\u00eb siluet\u00eb t\u00eb past\u00ebr dhe i ngritur nga nj\u00eb mbyllje elegante me nj\u00eb \u00e7erek zinxhiri, kjo veshje kalon pa mundim nga nj\u00eb pamje e fresk\u00ebt e dit\u00ebve t\u00eb jav\u00ebs n\u00eb nj\u00eb pamje t\u00eb relaksuar t\u00eb fundjav\u00ebs.<\/p>\n<p>I p\u00ebrshtatur n\u00eb m\u00ebnyr\u00eb perfekte p\u00ebr at\u00eb q\u00eb vler\u00ebson si stilin ashtu edhe holl\u00ebsin\u00eb, \u00ebsht\u00eb zgjedhja e duhur p\u00ebr mbr\u00ebmje t\u00eb ngrohta, takime ose pije pas pune.<\/p>\n<p>\ud83d\udd25 Karakteristikat:<\/p>\n<ul>\n<li>P\u00ebrzierje pambuku premium: P\u00eblhur\u00eb e leht\u00eb, e frym\u00ebmarrshme p\u00ebr rehati gjat\u00eb gjith\u00eb dit\u00ebs<\/li>\n<li>Detaje moderne e zinxhirit: Zinxhiri metalik i l\u00ebmuar shton nj\u00eb avantazh bashk\u00ebkohor<\/li>\n<li>Linja t\u00eb pastra, perfekte p\u00ebr t&#8217;u veshur me t\u00eb brendshme ose pa t\u00eb brendshme<\/li>\n<li>Kombinohet pa mundim me \u00e7do veshje<\/li>\n<\/ul>","protected":false},"excerpt":{"rendered":"<p>Minimalizmi takon precizitetin n\u00eb Essential Zip \u2014 nj\u00eb element kryesor elegant dhe i rast\u00ebsish\u00ebm me nj\u00eb prekje moderne. I projektuar me nj\u00eb siluet\u00eb t\u00eb past\u00ebr dhe i ngritur nga nj\u00eb mbyllje elegante me nj\u00eb \u00e7erek zinxhiri, kjo veshje kalon pa mundim nga nj\u00eb pamje e fresk\u00ebt e dit\u00ebve t\u00eb jav\u00ebs n\u00eb nj\u00eb pamje t\u00eb relaksuar [&hellip;]<\/p>","protected":false},"featured_media":1331,"comment_status":"open","ping_status":"closed","template":"","meta":[],"product_brand":[],"product_cat":[16,21],"product_tag":[],"class_list":{"0":"post-1315","1":"product","2":"type-product","3":"status-publish","4":"has-post-thumbnail","6":"product_cat-clothing","7":"product_cat-tshirts","9":"first","10":"instock","11":"taxable","12":"shipping-taxable","13":"purchasable","14":"product-type-variable"},"jetpack_sharing_enabled":true,"_links":{"self":[{"href":"https:\/\/urban-clothingstore.com\/en\/wp-json\/wp\/v2\/product\/1315","targetHints":{"allow":["GET"]}}],"collection":[{"href":"https:\/\/urban-clothingstore.com\/en\/wp-json\/wp\/v2\/product"}],"about":[{"href":"https:\/\/urban-clothingstore.com\/en\/wp-json\/wp\/v2\/types\/product"}],"replies":[{"embeddable":true,"href":"https:\/\/urban-clothingstore.com\/en\/wp-json\/wp\/v2\/comments?post=1315"}],"wp:featuredmedia":[{"embeddable":true,"href":"https:\/\/urban-clothingstore.com\/en\/wp-json\/wp\/v2\/media\/1331"}],"wp:attachment":[{"href":"https:\/\/urban-clothingstore.com\/en\/wp-json\/wp\/v2\/media?parent=1315"}],"wp:term":[{"taxonomy":"product_brand","embeddable":true,"href":"https:\/\/urban-clothingstore.com\/en\/wp-json\/wp\/v2\/product_brand?post=1315"},{"taxonomy":"product_cat","embeddable":true,"href":"https:\/\/urban-clothingstore.com\/en\/wp-json\/wp\/v2\/product_cat?post=1315"},{"taxonomy":"product_tag","embeddable":true,"href":"https:\/\/urban-clothingstore.com\/en\/wp-json\/wp\/v2\/product_tag?post=1315"}],"curies":[{"name":"wp","href":"https:\/\/api.w.org\/{rel}","templated":true}]}}