{"id":13559,"date":"2026-02-26T13:39:14","date_gmt":"2026-02-26T13:39:14","guid":{"rendered":"https:\/\/urban-clothingstore.com\/?post_type=product&#038;p=13559"},"modified":"2026-02-26T18:52:26","modified_gmt":"2026-02-26T18:52:26","slug":"pantallona-premium-double-button-high-waist","status":"publish","type":"product","link":"https:\/\/urban-clothingstore.com\/en\/product\/pantallona-premium-double-button-high-waist\/","title":{"rendered":"Pantallona Premium Double Button High Waist"},"content":{"rendered":"<p data-start=\"131\" data-end=\"417\">Pantallona premium n\u00eb <strong data-start=\"153\" data-end=\"177\">ngjyr\u00eb kafe elegante<\/strong>, me prerje <strong data-start=\"189\" data-end=\"201\">Slim Fit<\/strong> dhe dizajn modern <strong data-start=\"220\" data-end=\"254\">High Waist me dy kopsa an\u00ebsore<\/strong>. Modeli me pala p\u00ebrpara i jep nj\u00eb pamje klasike dhe t\u00eb sofistikuar, nd\u00ebrsa prerja e ngushtuar n\u00eb fund thekson linjat dhe krijon nj\u00eb siluet\u00eb t\u00eb past\u00ebr dhe luksoze.<\/p>\n<p data-start=\"419\" data-end=\"545\">Material cil\u00ebsor me r\u00ebnie perfekte, shum\u00eb komod p\u00ebr veshje gjat\u00eb gjith\u00eb dit\u00ebs \u2013 ideal p\u00ebr kombinime smart-casual dhe elegante.<\/p>\n<p data-start=\"547\" data-end=\"725\">\ud83d\udd39 Bel i lart\u00eb (High Waist)<br data-start=\"574\" data-end=\"577\" \/>\ud83d\udd39 Dy kopsa an\u00ebsore<br data-start=\"596\" data-end=\"599\" \/>\ud83d\udd39 Pala p\u00ebrpara p\u00ebr struktur\u00eb elegante<br data-start=\"637\" data-end=\"640\" \/>\ud83d\udd39 Prerje Slim Fit<br data-start=\"658\" data-end=\"661\" \/>\ud83d\udd39 Fund i palosur modern<br data-start=\"685\" data-end=\"688\" \/>\ud83d\udd39 Ngjyr\u00eb kafe e thell\u00eb dhe premium<\/p>\n<p data-start=\"727\" data-end=\"836\" data-is-last-node=\"\" data-is-only-node=\"\">Perfekte p\u00ebr kombinim me k\u00ebmish\u00eb bezh, off-white apo t\u00eb zez\u00eb dhe loafers p\u00ebr nj\u00eb look modern dhe t\u00eb rafinuar.<\/p>","protected":false},"excerpt":{"rendered":"<p>Pantallona premium n\u00eb ngjyr\u00eb kafe elegante, me prerje Slim Fit dhe dizajn modern High Waist me dy kopsa an\u00ebsore. Modeli me pala p\u00ebrpara i jep nj\u00eb pamje klasike dhe t\u00eb sofistikuar, nd\u00ebrsa prerja e ngushtuar n\u00eb fund thekson linjat dhe krijon nj\u00eb siluet\u00eb t\u00eb past\u00ebr dhe luksoze. Material cil\u00ebsor me r\u00ebnie perfekte, shum\u00eb komod p\u00ebr [&hellip;]<\/p>","protected":false},"featured_media":13396,"comment_status":"open","ping_status":"closed","template":"","meta":[],"product_brand":[],"product_cat":[58],"product_tag":[298,536,678,668,57],"class_list":{"0":"post-13559","1":"product","2":"type-product","3":"status-publish","4":"has-post-thumbnail","6":"product_cat-pants","7":"product_tag-klasike","8":"product_tag-moderne","9":"product_tag-pantollona","10":"product_tag-per-meshkuj","11":"product_tag-slimfit","13":"first","14":"instock","15":"taxable","16":"shipping-taxable","17":"purchasable","18":"product-type-variable"},"jetpack_sharing_enabled":true,"_links":{"self":[{"href":"https:\/\/urban-clothingstore.com\/en\/wp-json\/wp\/v2\/product\/13559","targetHints":{"allow":["GET"]}}],"collection":[{"href":"https:\/\/urban-clothingstore.com\/en\/wp-json\/wp\/v2\/product"}],"about":[{"href":"https:\/\/urban-clothingstore.com\/en\/wp-json\/wp\/v2\/types\/product"}],"replies":[{"embeddable":true,"href":"https:\/\/urban-clothingstore.com\/en\/wp-json\/wp\/v2\/comments?post=13559"}],"wp:featuredmedia":[{"embeddable":true,"href":"https:\/\/urban-clothingstore.com\/en\/wp-json\/wp\/v2\/media\/13396"}],"wp:attachment":[{"href":"https:\/\/urban-clothingstore.com\/en\/wp-json\/wp\/v2\/media?parent=13559"}],"wp:term":[{"taxonomy":"product_brand","embeddable":true,"href":"https:\/\/urban-clothingstore.com\/en\/wp-json\/wp\/v2\/product_brand?post=13559"},{"taxonomy":"product_cat","embeddable":true,"href":"https:\/\/urban-clothingstore.com\/en\/wp-json\/wp\/v2\/product_cat?post=13559"},{"taxonomy":"product_tag","embeddable":true,"href":"https:\/\/urban-clothingstore.com\/en\/wp-json\/wp\/v2\/product_tag?post=13559"}],"curies":[{"name":"wp","href":"https:\/\/api.w.org\/{rel}","templated":true}]}}