{"id":13569,"date":"2026-02-26T18:51:22","date_gmt":"2026-02-26T18:51:22","guid":{"rendered":"https:\/\/urban-clothingstore.com\/?post_type=product&#038;p=13569"},"modified":"2026-03-09T13:11:27","modified_gmt":"2026-03-09T13:11:27","slug":"polo-knit-premium-me-zip-slim-fit","status":"publish","type":"product","link":"https:\/\/urban-clothingstore.com\/en\/product\/polo-knit-premium-me-zip-slim-fit\/","title":{"rendered":"Polo Knit Premium me Zip \u2013 Slim Fit"},"content":{"rendered":"<p data-start=\"109\" data-end=\"363\">Polo premium me tekstur\u00eb fine vertikale dhe dizajn modern me <strong data-start=\"170\" data-end=\"193\">zip metalik n\u00eb jak\u00eb<\/strong>, e krijuar p\u00ebr nj\u00eb stil t\u00eb past\u00ebr dhe luksoz. Prerja <strong data-start=\"247\" data-end=\"259\">Slim Fit<\/strong> thekson form\u00ebn e trupit, nd\u00ebrsa materiali elastik dhe i but\u00eb ofron rehati maksimale gjat\u00eb gjith\u00eb dit\u00ebs.<\/p>\n<p data-start=\"365\" data-end=\"477\">Modeli kombinon eleganc\u00ebn klasike me nj\u00eb prekje moderne, ideal p\u00ebr kombinime smart-casual apo veshje m\u00eb formale.<\/p>\n<p data-start=\"479\" data-end=\"644\">\ud83d\udd39 Model polo me zip metalik<br data-start=\"507\" data-end=\"510\" \/>\ud83d\udd39 Tekstur\u00eb fine (ribbed knit) premium<br data-start=\"548\" data-end=\"551\" \/>\ud83d\udd39 Prerje Slim Fit<br data-start=\"569\" data-end=\"572\" \/>\ud83d\udd39 Jak\u00eb klasike me hapje moderne<br data-start=\"604\" data-end=\"607\" \/>\ud83d\udd39 Material elastik dhe shum\u00eb komod<\/p>\n<hr data-start=\"646\" data-end=\"649\" \/>\n<h3 data-start=\"651\" data-end=\"681\">\ud83c\udfa8 Ngjyrat n\u00eb dispozicion:<\/h3>\n<ul data-start=\"682\" data-end=\"757\">\n<li data-start=\"682\" data-end=\"690\">\n<p data-start=\"684\" data-end=\"690\">Bezh<\/p>\n<\/li>\n<li data-start=\"691\" data-end=\"720\">\n<p data-start=\"693\" data-end=\"720\">Olive (jeshile ushtarake)<\/p>\n<\/li>\n<li data-start=\"721\" data-end=\"733\">\n<p data-start=\"723\" data-end=\"733\">E bardh\u00eb<\/p>\n<\/li>\n<li data-start=\"734\" data-end=\"744\">\n<p data-start=\"736\" data-end=\"744\">E zez\u00eb<\/p>\n<\/li>\n<li data-start=\"745\" data-end=\"757\">\n<p data-start=\"747\" data-end=\"757\">Navy blu<\/p>\n<\/li>\n<\/ul>\n<p data-start=\"759\" data-end=\"869\">Perfekte p\u00ebr kombinim me pantallona elegante apo chinos p\u00ebr nj\u00eb paraqitje minimaliste dhe shum\u00eb t\u00eb rafinuar.<\/p>","protected":false},"excerpt":{"rendered":"<p>Polo premium me tekstur\u00eb fine vertikale dhe dizajn modern me zip metalik n\u00eb jak\u00eb, e krijuar p\u00ebr nj\u00eb stil t\u00eb past\u00ebr dhe luksoz. Prerja Slim Fit thekson form\u00ebn e trupit, nd\u00ebrsa materiali elastik dhe i but\u00eb ofron rehati maksimale gjat\u00eb gjith\u00eb dit\u00ebs. Modeli kombinon eleganc\u00ebn klasike me nj\u00eb prekje moderne, ideal p\u00ebr kombinime smart-casual apo [&hellip;]<\/p>","protected":false},"featured_media":13571,"comment_status":"open","ping_status":"closed","template":"","meta":[],"product_brand":[],"product_cat":[704],"product_tag":[335,364,298,313,536,668,57],"class_list":{"0":"post-13569","1":"product","2":"type-product","3":"status-publish","4":"has-post-thumbnail","6":"product_cat-premium-slim-fit-t-shirt","7":"product_tag-elegante","8":"product_tag-gjysmezip","9":"product_tag-klasike","10":"product_tag-maice","11":"product_tag-moderne","12":"product_tag-per-meshkuj","13":"product_tag-slimfit","15":"first","16":"instock","17":"taxable","18":"shipping-taxable","19":"purchasable","20":"product-type-variable"},"jetpack_sharing_enabled":true,"_links":{"self":[{"href":"https:\/\/urban-clothingstore.com\/en\/wp-json\/wp\/v2\/product\/13569","targetHints":{"allow":["GET"]}}],"collection":[{"href":"https:\/\/urban-clothingstore.com\/en\/wp-json\/wp\/v2\/product"}],"about":[{"href":"https:\/\/urban-clothingstore.com\/en\/wp-json\/wp\/v2\/types\/product"}],"replies":[{"embeddable":true,"href":"https:\/\/urban-clothingstore.com\/en\/wp-json\/wp\/v2\/comments?post=13569"}],"wp:featuredmedia":[{"embeddable":true,"href":"https:\/\/urban-clothingstore.com\/en\/wp-json\/wp\/v2\/media\/13571"}],"wp:attachment":[{"href":"https:\/\/urban-clothingstore.com\/en\/wp-json\/wp\/v2\/media?parent=13569"}],"wp:term":[{"taxonomy":"product_brand","embeddable":true,"href":"https:\/\/urban-clothingstore.com\/en\/wp-json\/wp\/v2\/product_brand?post=13569"},{"taxonomy":"product_cat","embeddable":true,"href":"https:\/\/urban-clothingstore.com\/en\/wp-json\/wp\/v2\/product_cat?post=13569"},{"taxonomy":"product_tag","embeddable":true,"href":"https:\/\/urban-clothingstore.com\/en\/wp-json\/wp\/v2\/product_tag?post=13569"}],"curies":[{"name":"wp","href":"https:\/\/api.w.org\/{rel}","templated":true}]}}