{"id":1363,"date":"2025-04-06T16:53:23","date_gmt":"2025-04-06T16:53:23","guid":{"rendered":"https:\/\/urban-clothingstore.com\/?post_type=product&#038;p=1363"},"modified":"2025-08-23T09:56:59","modified_gmt":"2025-08-23T09:56:59","slug":"urban-flow-oversized-t-shirt","status":"publish","type":"product","link":"https:\/\/urban-clothingstore.com\/en\/product\/urban-flow-oversized-t-shirt\/","title":{"rendered":"Maic\u00eb e madhe Urban Flow"},"content":{"rendered":"<p>Maicaa Urban Flow Oversized kombinon stilin e thjesht\u00eb dhe elegant me linja t\u00eb pastra dhe rehati t\u00eb lart\u00eb. E projektuar me nj\u00eb estetik\u00eb minimale dhe me shpatulla t\u00eb ul\u00ebta, \u00ebsht\u00eb baza perfekte p\u00ebr t&#8217;u veshur n\u00eb shtresa ose p\u00ebr t\u00eb krijuar nj\u00eb pamje t\u00eb pavarur t\u00eb stilit t\u00eb rrug\u00ebs.<\/p>\n<p>Kombinojeni me xhinse t\u00eb grisura, pantallona t\u00eb gjata ose pantallona t\u00eb shkurtra.<\/p>","protected":false},"excerpt":{"rendered":"<p>Maicaa Urban Flow Oversized kombinon stilin e thjesht\u00eb dhe elegant me linja t\u00eb pastra dhe rehati t\u00eb lart\u00eb. E projektuar me nj\u00eb estetik\u00eb minimale dhe me shpatulla t\u00eb ul\u00ebta, \u00ebsht\u00eb baza perfekte p\u00ebr t&#8217;u veshur n\u00eb shtresa ose p\u00ebr t\u00eb krijuar nj\u00eb pamje t\u00eb pavarur t\u00eb stilit t\u00eb rrug\u00ebs. Kombinojeni me xhinse t\u00eb grisura, pantallona [&hellip;]<\/p>","protected":false},"featured_media":1359,"comment_status":"open","ping_status":"closed","template":"","meta":[],"product_brand":[],"product_cat":[16,21],"product_tag":[],"class_list":{"0":"post-1363","1":"product","2":"type-product","3":"status-publish","4":"has-post-thumbnail","6":"product_cat-clothing","7":"product_cat-tshirts","9":"first","10":"instock","11":"taxable","12":"shipping-taxable","13":"purchasable","14":"product-type-variable","15":"has-default-attributes"},"jetpack_sharing_enabled":true,"_links":{"self":[{"href":"https:\/\/urban-clothingstore.com\/en\/wp-json\/wp\/v2\/product\/1363","targetHints":{"allow":["GET"]}}],"collection":[{"href":"https:\/\/urban-clothingstore.com\/en\/wp-json\/wp\/v2\/product"}],"about":[{"href":"https:\/\/urban-clothingstore.com\/en\/wp-json\/wp\/v2\/types\/product"}],"replies":[{"embeddable":true,"href":"https:\/\/urban-clothingstore.com\/en\/wp-json\/wp\/v2\/comments?post=1363"}],"wp:featuredmedia":[{"embeddable":true,"href":"https:\/\/urban-clothingstore.com\/en\/wp-json\/wp\/v2\/media\/1359"}],"wp:attachment":[{"href":"https:\/\/urban-clothingstore.com\/en\/wp-json\/wp\/v2\/media?parent=1363"}],"wp:term":[{"taxonomy":"product_brand","embeddable":true,"href":"https:\/\/urban-clothingstore.com\/en\/wp-json\/wp\/v2\/product_brand?post=1363"},{"taxonomy":"product_cat","embeddable":true,"href":"https:\/\/urban-clothingstore.com\/en\/wp-json\/wp\/v2\/product_cat?post=1363"},{"taxonomy":"product_tag","embeddable":true,"href":"https:\/\/urban-clothingstore.com\/en\/wp-json\/wp\/v2\/product_tag?post=1363"}],"curies":[{"name":"wp","href":"https:\/\/api.w.org\/{rel}","templated":true}]}}