{"id":1392,"date":"2025-04-06T17:45:28","date_gmt":"2025-04-06T17:45:28","guid":{"rendered":"https:\/\/urban-clothingstore.com\/?post_type=product&#038;p=1392"},"modified":"2026-03-23T09:43:59","modified_gmt":"2026-03-23T09:43:59","slug":"skyline-knit-tee-t-shirts","status":"publish","type":"product","link":"https:\/\/urban-clothingstore.com\/en\/product\/skyline-knit-tee-t-shirts\/","title":{"rendered":"Maic\u00eb e Thurur Skyline e Bardh\u00eb"},"content":{"rendered":"<p>E fresk\u00ebt, e past\u00ebr \u2014 bluza Skyline Knit sjell tekstur\u00eb. M\u00ebng\u00ebt e ngushta dhe p\u00eblhura e thurur premium i japin asaj at\u00eb pamje t\u00eb personalizuar, nd\u00ebrsa nd\u00ebrtimi i ajrosjes e mban t\u00eb qet\u00eb. Nj\u00eb zgjedhje e mir\u00eb p\u00ebr t&#8217;u veshur elegante pa b\u00ebr\u00eb shum\u00eb gj\u00ebra.<\/p>\n<ul>\n<li>Dizajn i thurur me tekstur\u00eb p\u00ebr nj\u00eb ndjesi premium<\/li>\n<li>M\u00ebng\u00eb t\u00eb ngushta dhe skaj i drejt\u00eb p\u00ebr nj\u00eb siluet\u00eb moderne<\/li>\n<li>E leht\u00eb dhe e ajros\u00ebshme p\u00ebr mot t\u00eb ngroht\u00eb<\/li>\n<\/ul>","protected":false},"excerpt":{"rendered":"<p>E fresk\u00ebt, e past\u00ebr \u2014 bluza Skyline Knit sjell tekstur\u00eb. M\u00ebng\u00ebt e ngushta dhe p\u00eblhura e thurur premium i japin asaj at\u00eb pamje t\u00eb personalizuar, nd\u00ebrsa nd\u00ebrtimi i ajrosjes e mban t\u00eb qet\u00eb. Nj\u00eb zgjedhje e mir\u00eb p\u00ebr t&#8217;u veshur elegante pa b\u00ebr\u00eb shum\u00eb gj\u00ebra. Dizajn i thurur me tekstur\u00eb p\u00ebr nj\u00eb ndjesi premium M\u00ebng\u00eb [&hellip;]<\/p>","protected":false},"featured_media":1413,"comment_status":"open","ping_status":"closed","template":"","meta":[],"product_brand":[],"product_cat":[16,21],"product_tag":[],"class_list":{"0":"post-1392","1":"product","2":"type-product","3":"status-publish","4":"has-post-thumbnail","6":"product_cat-clothing","7":"product_cat-tshirts","9":"first","10":"instock","11":"sale","12":"taxable","13":"shipping-taxable","14":"purchasable","15":"product-type-variable","16":"has-default-attributes"},"jetpack_sharing_enabled":true,"_links":{"self":[{"href":"https:\/\/urban-clothingstore.com\/en\/wp-json\/wp\/v2\/product\/1392","targetHints":{"allow":["GET"]}}],"collection":[{"href":"https:\/\/urban-clothingstore.com\/en\/wp-json\/wp\/v2\/product"}],"about":[{"href":"https:\/\/urban-clothingstore.com\/en\/wp-json\/wp\/v2\/types\/product"}],"replies":[{"embeddable":true,"href":"https:\/\/urban-clothingstore.com\/en\/wp-json\/wp\/v2\/comments?post=1392"}],"wp:featuredmedia":[{"embeddable":true,"href":"https:\/\/urban-clothingstore.com\/en\/wp-json\/wp\/v2\/media\/1413"}],"wp:attachment":[{"href":"https:\/\/urban-clothingstore.com\/en\/wp-json\/wp\/v2\/media?parent=1392"}],"wp:term":[{"taxonomy":"product_brand","embeddable":true,"href":"https:\/\/urban-clothingstore.com\/en\/wp-json\/wp\/v2\/product_brand?post=1392"},{"taxonomy":"product_cat","embeddable":true,"href":"https:\/\/urban-clothingstore.com\/en\/wp-json\/wp\/v2\/product_cat?post=1392"},{"taxonomy":"product_tag","embeddable":true,"href":"https:\/\/urban-clothingstore.com\/en\/wp-json\/wp\/v2\/product_tag?post=1392"}],"curies":[{"name":"wp","href":"https:\/\/api.w.org\/{rel}","templated":true}]}}