{"id":14013,"date":"2026-03-06T23:37:42","date_gmt":"2026-03-06T23:37:42","guid":{"rendered":"https:\/\/urban-clothingstore.com\/?post_type=product&#038;p=14013"},"modified":"2026-04-15T08:59:36","modified_gmt":"2026-04-15T08:59:36","slug":"essential-minimal-t-shirt-collection","status":"publish","type":"product","link":"https:\/\/urban-clothingstore.com\/en\/product\/essential-minimal-t-shirt-collection\/","title":{"rendered":"ESSENTIAL MINIMAL T-SHIRT COLLECTION"},"content":{"rendered":"<p data-start=\"189\" data-end=\"448\">Koleksioni <strong data-start=\"200\" data-end=\"229\">Essential Minimal T-Shirt<\/strong> \u00ebsht\u00eb krijuar p\u00ebr mashkullin q\u00eb preferon stil t\u00eb past\u00ebr, elegant dhe modern. Me nj\u00eb dizajn minimalist pa logo dhe prerje <strong data-start=\"351\" data-end=\"363\">slim-fit<\/strong>, kjo bluz\u00eb thekson form\u00ebn e trupit dhe krijon nj\u00eb pamje t\u00eb rafinuar n\u00eb \u00e7do kombinim.<\/p>\n<p data-start=\"450\" data-end=\"613\">Materiali premium i but\u00eb dhe elastik ofron komoditet maksimal gjat\u00eb gjith\u00eb dit\u00ebs, nd\u00ebrsa dizajni klasik e b\u00ebn k\u00ebt\u00eb bluz\u00eb nj\u00eb pjes\u00eb esenciale t\u00eb garderob\u00ebs moderne.<\/p>\n<p data-start=\"615\" data-end=\"731\">Perfekte p\u00ebr kombinime me xhinse, pantallona chino apo pantallona elegante p\u00ebr nj\u00eb look <strong data-start=\"703\" data-end=\"730\">smart casual minimalist<\/strong>.<\/p>\n<hr data-start=\"733\" data-end=\"736\" \/>\n<h2 data-start=\"738\" data-end=\"751\">\ud83c\udfa8 Ngjyrat<\/h2>\n<ul data-start=\"753\" data-end=\"831\">\n<li data-start=\"753\" data-end=\"762\">\n<p data-start=\"755\" data-end=\"762\">White<\/p>\n<\/li>\n<li data-start=\"763\" data-end=\"772\">\n<p data-start=\"765\" data-end=\"772\">Black<\/p>\n<\/li>\n<li data-start=\"773\" data-end=\"786\">\n<p data-start=\"775\" data-end=\"786\">Navy Blue<\/p>\n<\/li>\n<li data-start=\"787\" data-end=\"803\">\n<p data-start=\"789\" data-end=\"803\">Beige \/ Sand<\/p>\n<\/li>\n<li data-start=\"804\" data-end=\"816\">\n<p data-start=\"806\" data-end=\"816\">Burgundy<\/p>\n<\/li>\n<li data-start=\"817\" data-end=\"831\">\n<p data-start=\"819\" data-end=\"831\">Dark Olive<\/p>\n<\/li>\n<\/ul>","protected":false},"excerpt":{"rendered":"<p>Koleksioni Essential Minimal T-Shirt \u00ebsht\u00eb krijuar p\u00ebr mashkullin q\u00eb preferon stil t\u00eb past\u00ebr, elegant dhe modern. Me nj\u00eb dizajn minimalist pa logo dhe prerje slim-fit, kjo bluz\u00eb thekson form\u00ebn e trupit dhe krijon nj\u00eb pamje t\u00eb rafinuar n\u00eb \u00e7do kombinim. Materiali premium i but\u00eb dhe elastik ofron komoditet maksimal gjat\u00eb gjith\u00eb dit\u00ebs, nd\u00ebrsa dizajni klasik [&hellip;]<\/p>","protected":false},"featured_media":14014,"comment_status":"open","ping_status":"closed","template":"","meta":[],"product_brand":[],"product_cat":[704,21],"product_tag":[693],"class_list":{"0":"post-14013","1":"product","2":"type-product","3":"status-publish","4":"has-post-thumbnail","6":"product_cat-premium-slim-fit-t-shirt","7":"product_cat-tshirts","8":"product_tag-essential-minimal-t-shirt-collection","10":"first","11":"instock","12":"sale","13":"taxable","14":"shipping-taxable","15":"purchasable","16":"product-type-variable"},"jetpack_sharing_enabled":true,"_links":{"self":[{"href":"https:\/\/urban-clothingstore.com\/en\/wp-json\/wp\/v2\/product\/14013","targetHints":{"allow":["GET"]}}],"collection":[{"href":"https:\/\/urban-clothingstore.com\/en\/wp-json\/wp\/v2\/product"}],"about":[{"href":"https:\/\/urban-clothingstore.com\/en\/wp-json\/wp\/v2\/types\/product"}],"replies":[{"embeddable":true,"href":"https:\/\/urban-clothingstore.com\/en\/wp-json\/wp\/v2\/comments?post=14013"}],"wp:featuredmedia":[{"embeddable":true,"href":"https:\/\/urban-clothingstore.com\/en\/wp-json\/wp\/v2\/media\/14014"}],"wp:attachment":[{"href":"https:\/\/urban-clothingstore.com\/en\/wp-json\/wp\/v2\/media?parent=14013"}],"wp:term":[{"taxonomy":"product_brand","embeddable":true,"href":"https:\/\/urban-clothingstore.com\/en\/wp-json\/wp\/v2\/product_brand?post=14013"},{"taxonomy":"product_cat","embeddable":true,"href":"https:\/\/urban-clothingstore.com\/en\/wp-json\/wp\/v2\/product_cat?post=14013"},{"taxonomy":"product_tag","embeddable":true,"href":"https:\/\/urban-clothingstore.com\/en\/wp-json\/wp\/v2\/product_tag?post=14013"}],"curies":[{"name":"wp","href":"https:\/\/api.w.org\/{rel}","templated":true}]}}