{"id":14057,"date":"2026-03-07T00:02:16","date_gmt":"2026-03-07T00:02:16","guid":{"rendered":"https:\/\/urban-clothingstore.com\/?post_type=product&#038;p=14057"},"modified":"2026-03-29T21:37:14","modified_gmt":"2026-03-29T21:37:14","slug":"urban-prestige-polo-collection","status":"publish","type":"product","link":"https:\/\/urban-clothingstore.com\/en\/product\/urban-prestige-polo-collection\/","title":{"rendered":"URBAN PRESTIGE POLO COLLECTION"},"content":{"rendered":"<p data-start=\"168\" data-end=\"435\">Koleksioni <strong data-start=\"179\" data-end=\"202\">Urban Prestige Polo<\/strong> kombinon eleganc\u00ebn klasike me stilin modern minimalist. Me nj\u00eb tekstur\u00eb t\u00eb rafinuar horizontale dhe prerje <strong data-start=\"310\" data-end=\"322\">slim-fit<\/strong>, k\u00ebto polo jan\u00eb krijuar p\u00ebr mashkullin q\u00eb k\u00ebrkon nj\u00eb pamje t\u00eb past\u00ebr, elegante dhe t\u00eb sofistikuar n\u00eb \u00e7do moment.<\/p>\n<p data-start=\"437\" data-end=\"608\">Materiali premium i but\u00eb dhe i frym\u00ebmarrsh\u00ebm ofron komoditet maksimal gjat\u00eb gjith\u00eb dit\u00ebs, nd\u00ebrsa struktura e leht\u00eb e tekstur\u00ebs i jep bluz\u00ebs nj\u00eb karakter modern dhe luksoz.<\/p>\n<p data-start=\"610\" data-end=\"765\">Ky koleksion \u00ebsht\u00eb perfekt p\u00ebr kombinime <strong data-start=\"651\" data-end=\"667\">smart-casual<\/strong>, duke u p\u00ebrshtatur leht\u00eb me xhinse, chino ose pantallona elegante p\u00ebr nj\u00eb look t\u00eb rafinuar urban.<\/p>\n<hr data-start=\"767\" data-end=\"770\" \/>\n<h2 data-start=\"772\" data-end=\"796\">Ngjyrat e Koleksionit<\/h2>\n<ul data-start=\"798\" data-end=\"858\">\n<li data-start=\"798\" data-end=\"807\">\n<p data-start=\"800\" data-end=\"807\">White<\/p>\n<\/li>\n<li data-start=\"808\" data-end=\"817\">\n<p data-start=\"810\" data-end=\"817\">Olive<\/p>\n<\/li>\n<li data-start=\"818\" data-end=\"830\">\n<p data-start=\"820\" data-end=\"830\">Burgundy<\/p>\n<\/li>\n<li data-start=\"831\" data-end=\"839\">\n<p data-start=\"833\" data-end=\"839\">Grey<\/p>\n<\/li>\n<li data-start=\"840\" data-end=\"849\">\n<p data-start=\"842\" data-end=\"849\">Black<\/p>\n<\/li>\n<li data-start=\"850\" data-end=\"858\">\n<p data-start=\"852\" data-end=\"858\">Navy<\/p>\n<\/li>\n<\/ul>\n<hr data-start=\"860\" data-end=\"863\" \/>\n<p data-start=\"865\" data-end=\"1061\">\u2714 Prerje <strong data-start=\"874\" data-end=\"894\">Slim-Fit moderne<\/strong><br data-start=\"894\" data-end=\"897\" \/>\u2714 <strong data-start=\"899\" data-end=\"938\">Material premium i but\u00eb dhe elastik<\/strong><br data-start=\"938\" data-end=\"941\" \/>\u2714 <strong data-start=\"943\" data-end=\"976\">Tekstur\u00eb elegante horizontale<\/strong><br data-start=\"976\" data-end=\"979\" \/>\u2714 Dizajn <strong data-start=\"988\" data-end=\"1013\">minimalist dhe luksoz<\/strong><br data-start=\"1013\" data-end=\"1016\" \/>\u2714 Perfekt p\u00ebr <strong data-start=\"1030\" data-end=\"1061\">stil smart-casual dhe veror<\/strong><\/p>","protected":false},"excerpt":{"rendered":"<p>Koleksioni Urban Prestige Polo kombinon eleganc\u00ebn klasike me stilin modern minimalist. Me nj\u00eb tekstur\u00eb t\u00eb rafinuar horizontale dhe prerje slim-fit, k\u00ebto polo jan\u00eb krijuar p\u00ebr mashkullin q\u00eb k\u00ebrkon nj\u00eb pamje t\u00eb past\u00ebr, elegante dhe t\u00eb sofistikuar n\u00eb \u00e7do moment. Materiali premium i but\u00eb dhe i frym\u00ebmarrsh\u00ebm ofron komoditet maksimal gjat\u00eb gjith\u00eb dit\u00ebs, nd\u00ebrsa struktura e [&hellip;]<\/p>","protected":false},"featured_media":14058,"comment_status":"open","ping_status":"closed","template":"","meta":[],"product_brand":[],"product_cat":[704,21],"product_tag":[694],"class_list":{"0":"post-14057","1":"product","2":"type-product","3":"status-publish","4":"has-post-thumbnail","6":"product_cat-premium-slim-fit-t-shirt","7":"product_cat-tshirts","8":"product_tag-urban-prestige-polo-collection","10":"first","11":"instock","12":"sale","13":"taxable","14":"shipping-taxable","15":"purchasable","16":"product-type-variable"},"jetpack_sharing_enabled":true,"_links":{"self":[{"href":"https:\/\/urban-clothingstore.com\/en\/wp-json\/wp\/v2\/product\/14057","targetHints":{"allow":["GET"]}}],"collection":[{"href":"https:\/\/urban-clothingstore.com\/en\/wp-json\/wp\/v2\/product"}],"about":[{"href":"https:\/\/urban-clothingstore.com\/en\/wp-json\/wp\/v2\/types\/product"}],"replies":[{"embeddable":true,"href":"https:\/\/urban-clothingstore.com\/en\/wp-json\/wp\/v2\/comments?post=14057"}],"wp:featuredmedia":[{"embeddable":true,"href":"https:\/\/urban-clothingstore.com\/en\/wp-json\/wp\/v2\/media\/14058"}],"wp:attachment":[{"href":"https:\/\/urban-clothingstore.com\/en\/wp-json\/wp\/v2\/media?parent=14057"}],"wp:term":[{"taxonomy":"product_brand","embeddable":true,"href":"https:\/\/urban-clothingstore.com\/en\/wp-json\/wp\/v2\/product_brand?post=14057"},{"taxonomy":"product_cat","embeddable":true,"href":"https:\/\/urban-clothingstore.com\/en\/wp-json\/wp\/v2\/product_cat?post=14057"},{"taxonomy":"product_tag","embeddable":true,"href":"https:\/\/urban-clothingstore.com\/en\/wp-json\/wp\/v2\/product_tag?post=14057"}],"curies":[{"name":"wp","href":"https:\/\/api.w.org\/{rel}","templated":true}]}}