{"id":14137,"date":"2026-03-07T00:49:01","date_gmt":"2026-03-07T00:49:01","guid":{"rendered":"https:\/\/urban-clothingstore.com\/?post_type=product&#038;p=14137"},"modified":"2026-03-08T22:45:58","modified_gmt":"2026-03-08T22:45:58","slug":"prestige-zip-polo-collection","status":"publish","type":"product","link":"https:\/\/urban-clothingstore.com\/en\/product\/prestige-zip-polo-collection\/","title":{"rendered":"Prestige Zip Polo Collection"},"content":{"rendered":"<p data-start=\"166\" data-end=\"399\">Koleksioni <strong data-start=\"177\" data-end=\"198\">Prestige Zip Polo<\/strong> \u00ebsht\u00eb krijuar p\u00ebr mashkullin modern q\u00eb k\u00ebrkon nj\u00eb stil t\u00eb rafinuar dhe minimalist. Me dizajn elegant dhe detajin modern t\u00eb <strong data-start=\"322\" data-end=\"343\">zinxhirit metalik<\/strong>, kjo polo kombinon klasiken me nj\u00eb prekje bashk\u00ebkohore.<\/p>\n<p data-start=\"401\" data-end=\"674\">Materiali premium me tekstur\u00eb t\u00eb sofistikuar ofron komoditet maksimal dhe p\u00ebrshtatje perfekte me trupin, duke krijuar nj\u00eb pamje t\u00eb past\u00ebr dhe luksoze. Prerja <strong data-start=\"559\" data-end=\"571\">slim-fit<\/strong> thekson form\u00ebn e trupit dhe e b\u00ebn k\u00ebt\u00eb polo ideale p\u00ebr kombinime <strong data-start=\"637\" data-end=\"673\">smart-casual dhe elegante urbane<\/strong>.<\/p>\n<p data-start=\"676\" data-end=\"810\">E p\u00ebrsosur p\u00ebr p\u00ebrditshm\u00ebri, dalje n\u00eb qytet apo evente casual, kjo polo \u00ebsht\u00eb nj\u00eb element esencial p\u00ebr garderob\u00ebn e mashkullit modern.<\/p>\n<hr data-start=\"812\" data-end=\"815\" \/>\n<h2 data-start=\"817\" data-end=\"841\">Ngjyrat e Koleksionit<\/h2>\n<p data-start=\"843\" data-end=\"910\">\u2022 Navy Blue<br data-start=\"854\" data-end=\"857\" \/>\u2022 Beige<br data-start=\"864\" data-end=\"867\" \/>\u2022 Black<br data-start=\"874\" data-end=\"877\" \/>\u2022 White<br data-start=\"884\" data-end=\"887\" \/>\u2022 Olive<br data-start=\"894\" data-end=\"897\" \/>\u2022 Baby Blue<\/p>\n<hr data-start=\"912\" data-end=\"915\" \/>\n<p data-start=\"917\" data-end=\"1083\">\u2714 <strong data-start=\"919\" data-end=\"938\">Slim Fit modern<\/strong><br data-start=\"938\" data-end=\"941\" \/>\u2714 <strong data-start=\"943\" data-end=\"970\">Zinxhir metalik premium<\/strong><br data-start=\"970\" data-end=\"973\" \/>\u2714 <strong data-start=\"975\" data-end=\"1014\">Material i but\u00eb dhe i frym\u00ebmarrsh\u00ebm<\/strong><br data-start=\"1014\" data-end=\"1017\" \/>\u2714 <strong data-start=\"1019\" data-end=\"1048\">Tekstur\u00eb elegante moderne<\/strong><br data-start=\"1048\" data-end=\"1051\" \/>\u2714 <strong data-start=\"1053\" data-end=\"1083\">Stil minimalist dhe luksoz<\/strong><\/p>","protected":false},"excerpt":{"rendered":"<p>Koleksioni Prestige Zip Polo \u00ebsht\u00eb krijuar p\u00ebr mashkullin modern q\u00eb k\u00ebrkon nj\u00eb stil t\u00eb rafinuar dhe minimalist. Me dizajn elegant dhe detajin modern t\u00eb zinxhirit metalik, kjo polo kombinon klasiken me nj\u00eb prekje bashk\u00ebkohore. Materiali premium me tekstur\u00eb t\u00eb sofistikuar ofron komoditet maksimal dhe p\u00ebrshtatje perfekte me trupin, duke krijuar nj\u00eb pamje t\u00eb past\u00ebr dhe [&hellip;]<\/p>","protected":false},"featured_media":14138,"comment_status":"open","ping_status":"closed","template":"","meta":[],"product_brand":[],"product_cat":[704,21],"product_tag":[691],"class_list":{"0":"post-14137","1":"product","2":"type-product","3":"status-publish","4":"has-post-thumbnail","6":"product_cat-premium-slim-fit-t-shirt","7":"product_cat-tshirts","8":"product_tag-prestige-zip-polo-collection","10":"first","11":"instock","12":"taxable","13":"shipping-taxable","14":"purchasable","15":"product-type-variable"},"jetpack_sharing_enabled":true,"_links":{"self":[{"href":"https:\/\/urban-clothingstore.com\/en\/wp-json\/wp\/v2\/product\/14137","targetHints":{"allow":["GET"]}}],"collection":[{"href":"https:\/\/urban-clothingstore.com\/en\/wp-json\/wp\/v2\/product"}],"about":[{"href":"https:\/\/urban-clothingstore.com\/en\/wp-json\/wp\/v2\/types\/product"}],"replies":[{"embeddable":true,"href":"https:\/\/urban-clothingstore.com\/en\/wp-json\/wp\/v2\/comments?post=14137"}],"wp:featuredmedia":[{"embeddable":true,"href":"https:\/\/urban-clothingstore.com\/en\/wp-json\/wp\/v2\/media\/14138"}],"wp:attachment":[{"href":"https:\/\/urban-clothingstore.com\/en\/wp-json\/wp\/v2\/media?parent=14137"}],"wp:term":[{"taxonomy":"product_brand","embeddable":true,"href":"https:\/\/urban-clothingstore.com\/en\/wp-json\/wp\/v2\/product_brand?post=14137"},{"taxonomy":"product_cat","embeddable":true,"href":"https:\/\/urban-clothingstore.com\/en\/wp-json\/wp\/v2\/product_cat?post=14137"},{"taxonomy":"product_tag","embeddable":true,"href":"https:\/\/urban-clothingstore.com\/en\/wp-json\/wp\/v2\/product_tag?post=14137"}],"curies":[{"name":"wp","href":"https:\/\/api.w.org\/{rel}","templated":true}]}}