{"id":14265,"date":"2026-03-07T02:19:26","date_gmt":"2026-03-07T02:19:26","guid":{"rendered":"https:\/\/urban-clothingstore.com\/?post_type=product&#038;p=14265"},"modified":"2026-03-08T22:40:43","modified_gmt":"2026-03-08T22:40:43","slug":"executive-slim-shirt","status":"publish","type":"product","link":"https:\/\/urban-clothingstore.com\/en\/product\/executive-slim-shirt\/","title":{"rendered":"Executive Slim Shirt"},"content":{"rendered":"<p data-start=\"190\" data-end=\"470\"><strong data-start=\"190\" data-end=\"214\">Executive Slim Shirt<\/strong> \u00ebsht\u00eb nj\u00eb k\u00ebmish\u00eb elegante e krijuar p\u00ebr mashkullin modern q\u00eb k\u00ebrkon stil t\u00eb past\u00ebr, profesional dhe t\u00eb rafinuar. Me nj\u00eb dizajn minimalist dhe prerje <strong data-start=\"365\" data-end=\"377\">slim-fit<\/strong>, kjo k\u00ebmish\u00eb p\u00ebrshtatet perfekt me trupin duke krijuar nj\u00eb pamje t\u00eb sofistikuar dhe moderne.<\/p>\n<p data-start=\"472\" data-end=\"629\">Materiali premium i but\u00eb dhe i frym\u00ebmarrsh\u00ebm ofron komoditet gjat\u00eb gjith\u00eb dit\u00ebs, nd\u00ebrsa tekstura e leht\u00eb i jep k\u00ebmish\u00ebs nj\u00eb pamje m\u00eb luksoze dhe t\u00eb rregullt.<\/p>\n<p data-start=\"631\" data-end=\"769\">Ideale p\u00ebr kombinime me <strong data-start=\"655\" data-end=\"697\">pantallona elegante, kostume ose chino<\/strong>, kjo k\u00ebmish\u00eb \u00ebsht\u00eb perfekte p\u00ebr <strong data-start=\"730\" data-end=\"768\">zyr\u00eb, evente apo stil smart-casual<\/strong>.<\/p>\n<hr data-start=\"771\" data-end=\"774\" \/>\n<h2 data-start=\"776\" data-end=\"786\">Ngjyrat<\/h2>\n<p data-start=\"788\" data-end=\"851\">\u2022 Mint Green<br data-start=\"800\" data-end=\"803\" \/>\u2022 Light Blue<br data-start=\"815\" data-end=\"818\" \/>\u2022 Light Grey<br data-start=\"830\" data-end=\"833\" \/>\u2022 Pink<br data-start=\"839\" data-end=\"842\" \/>\u2022 White<\/p>","protected":false},"excerpt":{"rendered":"<p>Executive Slim Shirt \u00ebsht\u00eb nj\u00eb k\u00ebmish\u00eb elegante e krijuar p\u00ebr mashkullin modern q\u00eb k\u00ebrkon stil t\u00eb past\u00ebr, profesional dhe t\u00eb rafinuar. Me nj\u00eb dizajn minimalist dhe prerje slim-fit, kjo k\u00ebmish\u00eb p\u00ebrshtatet perfekt me trupin duke krijuar nj\u00eb pamje t\u00eb sofistikuar dhe moderne. Materiali premium i but\u00eb dhe i frym\u00ebmarrsh\u00ebm ofron komoditet gjat\u00eb gjith\u00eb dit\u00ebs, nd\u00ebrsa [&hellip;]<\/p>","protected":false},"featured_media":14266,"comment_status":"open","ping_status":"closed","template":"","meta":[],"product_brand":[],"product_cat":[705],"product_tag":[700],"class_list":{"0":"post-14265","1":"product","2":"type-product","3":"status-publish","4":"has-post-thumbnail","6":"product_cat-slim-fit-elegant-shirt","7":"product_tag-executive-slim-shirt","9":"first","10":"instock","11":"taxable","12":"shipping-taxable","13":"purchasable","14":"product-type-variable"},"jetpack_sharing_enabled":true,"_links":{"self":[{"href":"https:\/\/urban-clothingstore.com\/en\/wp-json\/wp\/v2\/product\/14265","targetHints":{"allow":["GET"]}}],"collection":[{"href":"https:\/\/urban-clothingstore.com\/en\/wp-json\/wp\/v2\/product"}],"about":[{"href":"https:\/\/urban-clothingstore.com\/en\/wp-json\/wp\/v2\/types\/product"}],"replies":[{"embeddable":true,"href":"https:\/\/urban-clothingstore.com\/en\/wp-json\/wp\/v2\/comments?post=14265"}],"wp:featuredmedia":[{"embeddable":true,"href":"https:\/\/urban-clothingstore.com\/en\/wp-json\/wp\/v2\/media\/14266"}],"wp:attachment":[{"href":"https:\/\/urban-clothingstore.com\/en\/wp-json\/wp\/v2\/media?parent=14265"}],"wp:term":[{"taxonomy":"product_brand","embeddable":true,"href":"https:\/\/urban-clothingstore.com\/en\/wp-json\/wp\/v2\/product_brand?post=14265"},{"taxonomy":"product_cat","embeddable":true,"href":"https:\/\/urban-clothingstore.com\/en\/wp-json\/wp\/v2\/product_cat?post=14265"},{"taxonomy":"product_tag","embeddable":true,"href":"https:\/\/urban-clothingstore.com\/en\/wp-json\/wp\/v2\/product_tag?post=14265"}],"curies":[{"name":"wp","href":"https:\/\/api.w.org\/{rel}","templated":true}]}}