{"id":14404,"date":"2026-03-09T14:38:15","date_gmt":"2026-03-09T14:38:15","guid":{"rendered":"https:\/\/urban-clothingstore.com\/?post_type=product&#038;p=14404"},"modified":"2026-03-23T14:32:03","modified_gmt":"2026-03-23T14:32:03","slug":"classic-blue-relaxed-fit-jeans","status":"publish","type":"product","link":"https:\/\/urban-clothingstore.com\/en\/product\/classic-blue-relaxed-fit-jeans\/","title":{"rendered":"Classic Blue Relaxed Fit Jeans"},"content":{"rendered":"<p data-start=\"91\" data-end=\"309\">Xhinse klasike p\u00ebr meshkuj me nj\u00eb stil <strong data-start=\"130\" data-end=\"150\">urban dhe modern<\/strong>, perfekte p\u00ebr \u00e7do dit\u00eb. <strong data-start=\"175\" data-end=\"209\">Classic Blue Relaxed Fit Jeans<\/strong> jan\u00eb dizajnuar me nj\u00eb prerje t\u00eb rehatshme q\u00eb ofron komoditet dhe nj\u00eb pamje stil gjat\u00eb gjith\u00eb dit\u00ebs.<\/p>\n<p data-start=\"311\" data-end=\"530\">Ngjyra <strong data-start=\"318\" data-end=\"340\">classic blue denim<\/strong> me efekt t\u00eb leht\u00eb teksture i jep xhinseve nj\u00eb karakter unik dhe i b\u00ebn shum\u00eb t\u00eb lehta p\u00ebr t\u2019u kombinuar me <strong data-start=\"447\" data-end=\"483\">t-shirt, polo ose k\u00ebmish\u00eb casual<\/strong>. Ideale p\u00ebr nj\u00eb stil t\u00eb past\u00ebr dhe minimalist.<\/p>\n<p data-start=\"532\" data-end=\"555\"><strong data-start=\"532\" data-end=\"555\">Detajet e produktit<\/strong><\/p>\n<ul data-start=\"556\" data-end=\"710\">\n<li data-section-id=\"4gp0r4\" data-start=\"556\" data-end=\"581\">\n<p data-start=\"558\" data-end=\"581\">Prerje: <strong data-start=\"566\" data-end=\"581\">Relaxed Fit<\/strong><\/p>\n<\/li>\n<li data-section-id=\"wl5xr5\" data-start=\"582\" data-end=\"608\">\n<p data-start=\"584\" data-end=\"608\">Ngjyra: <strong data-start=\"592\" data-end=\"608\">Classic Blue<\/strong><\/p>\n<\/li>\n<li data-section-id=\"qtngw9\" data-start=\"609\" data-end=\"638\">\n<p data-start=\"611\" data-end=\"638\">Material: <strong data-start=\"621\" data-end=\"638\">Premium Denim<\/strong><\/p>\n<\/li>\n<li data-section-id=\"rp410c\" data-start=\"639\" data-end=\"665\">\n<p data-start=\"641\" data-end=\"665\">Stil: <strong data-start=\"647\" data-end=\"665\">Casual \/ Urban<\/strong><\/p>\n<\/li>\n<li data-section-id=\"sx7uu1\" data-start=\"666\" data-end=\"710\">\n<p data-start=\"668\" data-end=\"710\">Kombinim perfekt me <strong data-start=\"688\" data-end=\"710\">sneakers ose boo<\/strong><\/p>\n<\/li>\n<\/ul>","protected":false},"excerpt":{"rendered":"<p>Xhinse klasike p\u00ebr meshkuj me nj\u00eb stil urban dhe modern, perfekte p\u00ebr \u00e7do dit\u00eb. Classic Blue Relaxed Fit Jeans jan\u00eb dizajnuar me nj\u00eb prerje t\u00eb rehatshme q\u00eb ofron komoditet dhe nj\u00eb pamje stil gjat\u00eb gjith\u00eb dit\u00ebs. Ngjyra classic blue denim me efekt t\u00eb leht\u00eb teksture i jep xhinseve nj\u00eb karakter unik dhe i b\u00ebn shum\u00eb [&hellip;]<\/p>","protected":false},"featured_media":14405,"comment_status":"open","ping_status":"closed","template":"","meta":[],"product_brand":[],"product_cat":[709,27],"product_tag":[668,548,379],"class_list":{"0":"post-14404","1":"product","2":"type-product","3":"status-publish","4":"has-post-thumbnail","6":"product_cat-baggy-jeans","7":"product_cat-jeans","8":"product_tag-per-meshkuj","9":"product_tag-relax-fit-boyfriend","10":"product_tag-xhinse","12":"first","13":"instock","14":"taxable","15":"shipping-taxable","16":"purchasable","17":"product-type-variable"},"jetpack_sharing_enabled":true,"_links":{"self":[{"href":"https:\/\/urban-clothingstore.com\/en\/wp-json\/wp\/v2\/product\/14404","targetHints":{"allow":["GET"]}}],"collection":[{"href":"https:\/\/urban-clothingstore.com\/en\/wp-json\/wp\/v2\/product"}],"about":[{"href":"https:\/\/urban-clothingstore.com\/en\/wp-json\/wp\/v2\/types\/product"}],"replies":[{"embeddable":true,"href":"https:\/\/urban-clothingstore.com\/en\/wp-json\/wp\/v2\/comments?post=14404"}],"wp:featuredmedia":[{"embeddable":true,"href":"https:\/\/urban-clothingstore.com\/en\/wp-json\/wp\/v2\/media\/14405"}],"wp:attachment":[{"href":"https:\/\/urban-clothingstore.com\/en\/wp-json\/wp\/v2\/media?parent=14404"}],"wp:term":[{"taxonomy":"product_brand","embeddable":true,"href":"https:\/\/urban-clothingstore.com\/en\/wp-json\/wp\/v2\/product_brand?post=14404"},{"taxonomy":"product_cat","embeddable":true,"href":"https:\/\/urban-clothingstore.com\/en\/wp-json\/wp\/v2\/product_cat?post=14404"},{"taxonomy":"product_tag","embeddable":true,"href":"https:\/\/urban-clothingstore.com\/en\/wp-json\/wp\/v2\/product_tag?post=14404"}],"curies":[{"name":"wp","href":"https:\/\/api.w.org\/{rel}","templated":true}]}}