{"id":14423,"date":"2026-03-09T14:46:09","date_gmt":"2026-03-09T14:46:09","guid":{"rendered":"https:\/\/urban-clothingstore.com\/?post_type=product&#038;p=14423"},"modified":"2026-03-23T14:31:36","modified_gmt":"2026-03-23T14:31:36","slug":"washed-grey-relaxed-fit-jeans","status":"publish","type":"product","link":"https:\/\/urban-clothingstore.com\/en\/product\/washed-grey-relaxed-fit-jeans\/","title":{"rendered":"Washed Grey Relaxed Fit Jeans"},"content":{"rendered":"<p data-start=\"90\" data-end=\"316\">Xhinse moderne p\u00ebr meshkuj me nj\u00eb stil <strong data-start=\"129\" data-end=\"150\">minimal dhe urban<\/strong>, t\u00eb dizajnuara p\u00ebr rehati dhe pamje stil \u00e7do dit\u00eb. <strong data-start=\"202\" data-end=\"235\">Washed Grey Relaxed Fit Jeans<\/strong> kan\u00eb nj\u00eb prerje t\u00eb rehatshme q\u00eb ofron liri l\u00ebvizjeje dhe nj\u00eb pamje bashk\u00ebkohore.<\/p>\n<p data-start=\"318\" data-end=\"535\">Ngjyra <strong data-start=\"325\" data-end=\"346\">washed grey denim<\/strong> me efekt t\u00eb leht\u00eb teksture i jep xhinseve nj\u00eb stil modern dhe i b\u00ebn shum\u00eb t\u00eb lehta p\u00ebr t\u2019u kombinuar me <strong data-start=\"451\" data-end=\"484\">t-shirt, polo apo xhup l\u00ebkure<\/strong>. Perfekte p\u00ebr nj\u00eb outfit casual por shum\u00eb elegant.<\/p>\n<p data-start=\"537\" data-end=\"560\"><strong data-start=\"537\" data-end=\"560\">Detajet e produktit<\/strong><\/p>\n<ul data-start=\"561\" data-end=\"725\">\n<li data-section-id=\"ux82kw\" data-start=\"561\" data-end=\"588\">\n<p data-start=\"563\" data-end=\"588\">Prerje: <strong data-start=\"571\" data-end=\"586\">Relaxed Fit<\/strong><\/p>\n<\/li>\n<li data-section-id=\"3uhw5a\" data-start=\"589\" data-end=\"616\">\n<p data-start=\"591\" data-end=\"616\">Ngjyra: <strong data-start=\"599\" data-end=\"614\">Washed Grey<\/strong><\/p>\n<\/li>\n<li data-section-id=\"h9nivd\" data-start=\"617\" data-end=\"648\">\n<p data-start=\"619\" data-end=\"648\">Material: <strong data-start=\"629\" data-end=\"646\">Premium Denim<\/strong><\/p>\n<\/li>\n<li data-section-id=\"9gwv5i\" data-start=\"649\" data-end=\"678\">\n<p data-start=\"651\" data-end=\"678\">Stil: <strong data-start=\"657\" data-end=\"676\">Minimal \/ Urban<\/strong><\/p>\n<\/li>\n<li data-section-id=\"u5reft\" data-start=\"679\" data-end=\"725\">\n<p data-start=\"681\" data-end=\"725\">Kombinim perfekt me <strong data-start=\"701\" data-end=\"723\">sneakers ose boots<\/strong><\/p>\n<\/li>\n<\/ul>","protected":false},"excerpt":{"rendered":"<p>Xhinse moderne p\u00ebr meshkuj me nj\u00eb stil minimal dhe urban, t\u00eb dizajnuara p\u00ebr rehati dhe pamje stil \u00e7do dit\u00eb. Washed Grey Relaxed Fit Jeans kan\u00eb nj\u00eb prerje t\u00eb rehatshme q\u00eb ofron liri l\u00ebvizjeje dhe nj\u00eb pamje bashk\u00ebkohore. Ngjyra washed grey denim me efekt t\u00eb leht\u00eb teksture i jep xhinseve nj\u00eb stil modern dhe i b\u00ebn [&hellip;]<\/p>","protected":false},"featured_media":14415,"comment_status":"open","ping_status":"closed","template":"","meta":[],"product_brand":[],"product_cat":[709,27],"product_tag":[668,548,379],"class_list":{"0":"post-14423","1":"product","2":"type-product","3":"status-publish","4":"has-post-thumbnail","6":"product_cat-baggy-jeans","7":"product_cat-jeans","8":"product_tag-per-meshkuj","9":"product_tag-relax-fit-boyfriend","10":"product_tag-xhinse","12":"first","13":"instock","14":"taxable","15":"shipping-taxable","16":"purchasable","17":"product-type-variable"},"jetpack_sharing_enabled":true,"_links":{"self":[{"href":"https:\/\/urban-clothingstore.com\/en\/wp-json\/wp\/v2\/product\/14423","targetHints":{"allow":["GET"]}}],"collection":[{"href":"https:\/\/urban-clothingstore.com\/en\/wp-json\/wp\/v2\/product"}],"about":[{"href":"https:\/\/urban-clothingstore.com\/en\/wp-json\/wp\/v2\/types\/product"}],"replies":[{"embeddable":true,"href":"https:\/\/urban-clothingstore.com\/en\/wp-json\/wp\/v2\/comments?post=14423"}],"wp:featuredmedia":[{"embeddable":true,"href":"https:\/\/urban-clothingstore.com\/en\/wp-json\/wp\/v2\/media\/14415"}],"wp:attachment":[{"href":"https:\/\/urban-clothingstore.com\/en\/wp-json\/wp\/v2\/media?parent=14423"}],"wp:term":[{"taxonomy":"product_brand","embeddable":true,"href":"https:\/\/urban-clothingstore.com\/en\/wp-json\/wp\/v2\/product_brand?post=14423"},{"taxonomy":"product_cat","embeddable":true,"href":"https:\/\/urban-clothingstore.com\/en\/wp-json\/wp\/v2\/product_cat?post=14423"},{"taxonomy":"product_tag","embeddable":true,"href":"https:\/\/urban-clothingstore.com\/en\/wp-json\/wp\/v2\/product_tag?post=14423"}],"curies":[{"name":"wp","href":"https:\/\/api.w.org\/{rel}","templated":true}]}}