{"id":14431,"date":"2026-03-09T14:51:45","date_gmt":"2026-03-09T14:51:45","guid":{"rendered":"https:\/\/urban-clothingstore.com\/?post_type=product&#038;p=14431"},"modified":"2026-03-23T14:31:14","modified_gmt":"2026-03-23T14:31:14","slug":"light-washed-blue-relaxed-fit-jeans","status":"publish","type":"product","link":"https:\/\/urban-clothingstore.com\/en\/product\/light-washed-blue-relaxed-fit-jeans\/","title":{"rendered":"Light Washed Blue Relaxed Fit Jeans"},"content":{"rendered":"<p data-start=\"96\" data-end=\"325\">Xhinse p\u00ebr meshkuj me nj\u00eb stil <strong data-start=\"127\" data-end=\"148\">modern dhe casual<\/strong>, t\u00eb dizajnuara p\u00ebr rehati dhe pamje t\u00eb past\u00ebr \u00e7do dit\u00eb. <strong data-start=\"205\" data-end=\"244\">Light Washed Blue Relaxed Fit Jeans<\/strong> kan\u00eb nj\u00eb prerje t\u00eb rehatshme q\u00eb ofron l\u00ebvizje t\u00eb lir\u00eb dhe nj\u00eb stil t\u00eb relaksuar.<\/p>\n<p data-start=\"327\" data-end=\"545\">Ngjyra <strong data-start=\"334\" data-end=\"361\">light washed blue denim<\/strong> krijon nj\u00eb pamje t\u00eb fresk\u00ebt dhe verore, duke i b\u00ebr\u00eb perfekte p\u00ebr kombinime me <strong data-start=\"440\" data-end=\"486\">t-shirt t\u00eb bardh\u00eb, polo ose k\u00ebmish\u00eb casual<\/strong>. Dizajni minimalist i jep nj\u00eb stil urban dhe shum\u00eb modern.<\/p>\n<p data-start=\"547\" data-end=\"570\"><strong data-start=\"547\" data-end=\"570\">Detajet e produktit<\/strong><\/p>\n<ul data-start=\"571\" data-end=\"740\">\n<li data-section-id=\"ux82kw\" data-start=\"571\" data-end=\"598\">\n<p data-start=\"573\" data-end=\"598\">Prerje: <strong data-start=\"581\" data-end=\"596\">Relaxed Fit<\/strong><\/p>\n<\/li>\n<li data-section-id=\"uq5qc7\" data-start=\"599\" data-end=\"632\">\n<p data-start=\"601\" data-end=\"632\">Ngjyra: <strong data-start=\"609\" data-end=\"630\">Light Washed Blue<\/strong><\/p>\n<\/li>\n<li data-section-id=\"h9nivd\" data-start=\"633\" data-end=\"664\">\n<p data-start=\"635\" data-end=\"664\">Material: <strong data-start=\"645\" data-end=\"662\">Premium Denim<\/strong><\/p>\n<\/li>\n<li data-section-id=\"19j3acc\" data-start=\"665\" data-end=\"693\">\n<p data-start=\"667\" data-end=\"693\">Stil: <strong data-start=\"673\" data-end=\"691\">Casual \/ Urban<\/strong><\/p>\n<\/li>\n<li data-section-id=\"1ev9jz0\" data-start=\"694\" data-end=\"740\">\n<p data-start=\"696\" data-end=\"740\">Kombinim perfekt me <strong data-start=\"716\" data-end=\"740\">sneakers ose loafers<\/strong><\/p>\n<\/li>\n<\/ul>","protected":false},"excerpt":{"rendered":"<p>Xhinse p\u00ebr meshkuj me nj\u00eb stil modern dhe casual, t\u00eb dizajnuara p\u00ebr rehati dhe pamje t\u00eb past\u00ebr \u00e7do dit\u00eb. Light Washed Blue Relaxed Fit Jeans kan\u00eb nj\u00eb prerje t\u00eb rehatshme q\u00eb ofron l\u00ebvizje t\u00eb lir\u00eb dhe nj\u00eb stil t\u00eb relaksuar. Ngjyra light washed blue denim krijon nj\u00eb pamje t\u00eb fresk\u00ebt dhe verore, duke i b\u00ebr\u00eb [&hellip;]<\/p>","protected":false},"featured_media":14432,"comment_status":"open","ping_status":"closed","template":"","meta":[],"product_brand":[],"product_cat":[709,27],"product_tag":[668,548,379],"class_list":{"0":"post-14431","1":"product","2":"type-product","3":"status-publish","4":"has-post-thumbnail","6":"product_cat-baggy-jeans","7":"product_cat-jeans","8":"product_tag-per-meshkuj","9":"product_tag-relax-fit-boyfriend","10":"product_tag-xhinse","12":"first","13":"instock","14":"taxable","15":"shipping-taxable","16":"purchasable","17":"product-type-variable"},"jetpack_sharing_enabled":true,"_links":{"self":[{"href":"https:\/\/urban-clothingstore.com\/en\/wp-json\/wp\/v2\/product\/14431","targetHints":{"allow":["GET"]}}],"collection":[{"href":"https:\/\/urban-clothingstore.com\/en\/wp-json\/wp\/v2\/product"}],"about":[{"href":"https:\/\/urban-clothingstore.com\/en\/wp-json\/wp\/v2\/types\/product"}],"replies":[{"embeddable":true,"href":"https:\/\/urban-clothingstore.com\/en\/wp-json\/wp\/v2\/comments?post=14431"}],"wp:featuredmedia":[{"embeddable":true,"href":"https:\/\/urban-clothingstore.com\/en\/wp-json\/wp\/v2\/media\/14432"}],"wp:attachment":[{"href":"https:\/\/urban-clothingstore.com\/en\/wp-json\/wp\/v2\/media?parent=14431"}],"wp:term":[{"taxonomy":"product_brand","embeddable":true,"href":"https:\/\/urban-clothingstore.com\/en\/wp-json\/wp\/v2\/product_brand?post=14431"},{"taxonomy":"product_cat","embeddable":true,"href":"https:\/\/urban-clothingstore.com\/en\/wp-json\/wp\/v2\/product_cat?post=14431"},{"taxonomy":"product_tag","embeddable":true,"href":"https:\/\/urban-clothingstore.com\/en\/wp-json\/wp\/v2\/product_tag?post=14431"}],"curies":[{"name":"wp","href":"https:\/\/api.w.org\/{rel}","templated":true}]}}