{"id":14440,"date":"2026-03-09T14:56:54","date_gmt":"2026-03-09T14:56:54","guid":{"rendered":"https:\/\/urban-clothingstore.com\/?post_type=product&#038;p=14440"},"modified":"2026-03-23T14:30:51","modified_gmt":"2026-03-23T14:30:51","slug":"vintage-blue-relaxed-fit-jeans","status":"publish","type":"product","link":"https:\/\/urban-clothingstore.com\/en\/product\/vintage-blue-relaxed-fit-jeans\/","title":{"rendered":"Vintage Blue Relaxed Fit Jeans"},"content":{"rendered":"<p data-start=\"91\" data-end=\"307\">Xhinse p\u00ebr meshkuj me nj\u00eb stil <strong data-start=\"122\" data-end=\"142\">urban dhe modern<\/strong>, t\u00eb krijuara p\u00ebr rehati dhe pamje stil \u00e7do dit\u00eb. <strong data-start=\"192\" data-end=\"226\">Vintage Blue Relaxed Fit Jeans<\/strong> kan\u00eb nj\u00eb prerje t\u00eb rehatshme q\u00eb ofron l\u00ebvizje t\u00eb lir\u00eb dhe nj\u00eb siluet\u00eb t\u00eb past\u00ebr.<\/p>\n<p data-start=\"309\" data-end=\"511\">Ngjyra <strong data-start=\"316\" data-end=\"338\">vintage blue denim<\/strong> me efekt teksture i jep xhinseve nj\u00eb karakter unik dhe modern. Kombinohen leht\u00eb me <strong data-start=\"422\" data-end=\"458\">t-shirt, polo apo k\u00ebmish\u00eb casual<\/strong>, duke krijuar nj\u00eb outfit t\u00eb thjesht\u00eb por shum\u00eb stil.<\/p>\n<p data-start=\"513\" data-end=\"536\"><strong data-start=\"513\" data-end=\"536\">Detajet e produktit<\/strong><\/p>\n<ul data-start=\"537\" data-end=\"699\">\n<li data-section-id=\"ux82kw\" data-start=\"537\" data-end=\"564\">\n<p data-start=\"539\" data-end=\"564\">Prerje: <strong data-start=\"547\" data-end=\"562\">Relaxed Fit<\/strong><\/p>\n<\/li>\n<li data-section-id=\"2gtwj\" data-start=\"565\" data-end=\"593\">\n<p data-start=\"567\" data-end=\"593\">Ngjyra: <strong data-start=\"575\" data-end=\"591\">Vintage Blue<\/strong><\/p>\n<\/li>\n<li data-section-id=\"h9nivd\" data-start=\"594\" data-end=\"625\">\n<p data-start=\"596\" data-end=\"625\">Material: <strong data-start=\"606\" data-end=\"623\">Premium Denim<\/strong><\/p>\n<\/li>\n<li data-section-id=\"19j3acc\" data-start=\"626\" data-end=\"654\">\n<p data-start=\"628\" data-end=\"654\">Stil: <strong data-start=\"634\" data-end=\"652\">Casual \/ Urban<\/strong><\/p>\n<\/li>\n<li data-section-id=\"sx7uu1\" data-start=\"655\" data-end=\"699\">\n<p data-start=\"657\" data-end=\"699\">Kombinim perfekt me <strong data-start=\"677\" data-end=\"699\">sneakers ose boots<\/strong><\/p>\n<\/li>\n<\/ul>","protected":false},"excerpt":{"rendered":"<p>Xhinse p\u00ebr meshkuj me nj\u00eb stil urban dhe modern, t\u00eb krijuara p\u00ebr rehati dhe pamje stil \u00e7do dit\u00eb. Vintage Blue Relaxed Fit Jeans kan\u00eb nj\u00eb prerje t\u00eb rehatshme q\u00eb ofron l\u00ebvizje t\u00eb lir\u00eb dhe nj\u00eb siluet\u00eb t\u00eb past\u00ebr. Ngjyra vintage blue denim me efekt teksture i jep xhinseve nj\u00eb karakter unik dhe modern. Kombinohen leht\u00eb [&hellip;]<\/p>","protected":false},"featured_media":14441,"comment_status":"open","ping_status":"closed","template":"","meta":[],"product_brand":[],"product_cat":[709,27],"product_tag":[668,548,379],"class_list":{"0":"post-14440","1":"product","2":"type-product","3":"status-publish","4":"has-post-thumbnail","6":"product_cat-baggy-jeans","7":"product_cat-jeans","8":"product_tag-per-meshkuj","9":"product_tag-relax-fit-boyfriend","10":"product_tag-xhinse","12":"first","13":"instock","14":"taxable","15":"shipping-taxable","16":"purchasable","17":"product-type-variable"},"jetpack_sharing_enabled":true,"_links":{"self":[{"href":"https:\/\/urban-clothingstore.com\/en\/wp-json\/wp\/v2\/product\/14440","targetHints":{"allow":["GET"]}}],"collection":[{"href":"https:\/\/urban-clothingstore.com\/en\/wp-json\/wp\/v2\/product"}],"about":[{"href":"https:\/\/urban-clothingstore.com\/en\/wp-json\/wp\/v2\/types\/product"}],"replies":[{"embeddable":true,"href":"https:\/\/urban-clothingstore.com\/en\/wp-json\/wp\/v2\/comments?post=14440"}],"wp:featuredmedia":[{"embeddable":true,"href":"https:\/\/urban-clothingstore.com\/en\/wp-json\/wp\/v2\/media\/14441"}],"wp:attachment":[{"href":"https:\/\/urban-clothingstore.com\/en\/wp-json\/wp\/v2\/media?parent=14440"}],"wp:term":[{"taxonomy":"product_brand","embeddable":true,"href":"https:\/\/urban-clothingstore.com\/en\/wp-json\/wp\/v2\/product_brand?post=14440"},{"taxonomy":"product_cat","embeddable":true,"href":"https:\/\/urban-clothingstore.com\/en\/wp-json\/wp\/v2\/product_cat?post=14440"},{"taxonomy":"product_tag","embeddable":true,"href":"https:\/\/urban-clothingstore.com\/en\/wp-json\/wp\/v2\/product_tag?post=14440"}],"curies":[{"name":"wp","href":"https:\/\/api.w.org\/{rel}","templated":true}]}}