{"id":14454,"date":"2026-03-09T20:40:05","date_gmt":"2026-03-09T20:40:05","guid":{"rendered":"https:\/\/urban-clothingstore.com\/?post_type=product&#038;p=14454"},"modified":"2026-04-15T08:50:56","modified_gmt":"2026-04-15T08:50:56","slug":"essential-luxury-polo-collection","status":"publish","type":"product","link":"https:\/\/urban-clothingstore.com\/en\/product\/essential-luxury-polo-collection\/","title":{"rendered":"Essential Luxury Polo Collection"},"content":{"rendered":"<p data-start=\"213\" data-end=\"492\">Zbuloni <strong data-start=\"221\" data-end=\"257\">Koleksionin Premium Polo Minimal<\/strong>, i krijuar p\u00ebr meshkujt q\u00eb vler\u00ebsojn\u00eb stilin modern dhe eleganc\u00ebn e p\u00ebrditshme. Me nj\u00eb prerje <strong data-start=\"352\" data-end=\"364\">slim fit<\/strong> q\u00eb thekson trupin dhe material cil\u00ebsor t\u00eb but\u00eb e t\u00eb rehatsh\u00ebm, k\u00ebto polo ofrojn\u00eb kombinimin perfekt mes komoditetit dhe stilit.<\/p>\n<p data-start=\"494\" data-end=\"735\">Dizajni minimalist me <strong data-start=\"516\" data-end=\"546\">jak\u00eb klasike dhe tre kopsa<\/strong> e b\u00ebn k\u00ebt\u00eb polo ideale si p\u00ebr veshje t\u00eb p\u00ebrditshme ashtu edhe p\u00ebr kombinime m\u00eb elegante. Mund t\u00eb kombinohet leht\u00ebsisht me xhinse ose pantallona klasike p\u00ebr nj\u00eb pamje t\u00eb past\u00ebr dhe moderne.<\/p>\n<p data-start=\"737\" data-end=\"883\">Koleksioni vjen n\u00eb disa ngjyra elegante si <strong data-start=\"780\" data-end=\"833\">e zez\u00eb, e bardh\u00eb, navy blu, bezh\u00eb, kafe dhe bordo<\/strong>, duke e b\u00ebr\u00eb nj\u00eb zgjedhje perfekte p\u00ebr \u00e7do sezon.<\/p>\n<h3 data-section-id=\"iva1ri\" data-start=\"885\" data-end=\"904\">Karakteristikat<\/h3>\n<ul data-start=\"905\" data-end=\"1076\">\n<li data-section-id=\"ggqvuf\" data-start=\"905\" data-end=\"941\">\n<p data-start=\"907\" data-end=\"941\">Material cil\u00ebsor dhe i rehatsh\u00ebm<\/p>\n<\/li>\n<li data-section-id=\"1b28hrc\" data-start=\"942\" data-end=\"973\">\n<p data-start=\"944\" data-end=\"973\">Prerje moderne <strong data-start=\"959\" data-end=\"971\">slim fit<\/strong><\/p>\n<\/li>\n<li data-section-id=\"wfczfg\" data-start=\"974\" data-end=\"1003\">\n<p data-start=\"976\" data-end=\"1003\">Jak\u00eb klasike me tre kopsa<\/p>\n<\/li>\n<li data-section-id=\"1n983e6\" data-start=\"1004\" data-end=\"1037\">\n<p data-start=\"1006\" data-end=\"1037\">Dizajn minimalist dhe elegant<\/p>\n<\/li>\n<li data-section-id=\"190v33n\" data-start=\"1038\" data-end=\"1076\">\n<p data-start=\"1040\" data-end=\"1076\">Ideale p\u00ebr stil casual dhe elegant<\/p>\n<\/li>\n<\/ul>","protected":false},"excerpt":{"rendered":"<p>Zbuloni Koleksionin Premium Polo Minimal, i krijuar p\u00ebr meshkujt q\u00eb vler\u00ebsojn\u00eb stilin modern dhe eleganc\u00ebn e p\u00ebrditshme. Me nj\u00eb prerje slim fit q\u00eb thekson trupin dhe material cil\u00ebsor t\u00eb but\u00eb e t\u00eb rehatsh\u00ebm, k\u00ebto polo ofrojn\u00eb kombinimin perfekt mes komoditetit dhe stilit. Dizajni minimalist me jak\u00eb klasike dhe tre kopsa e b\u00ebn k\u00ebt\u00eb polo ideale [&hellip;]<\/p>","protected":false},"featured_media":14455,"comment_status":"open","ping_status":"closed","template":"","meta":[],"product_brand":[],"product_cat":[21],"product_tag":[711],"class_list":{"0":"post-14454","1":"product","2":"type-product","3":"status-publish","4":"has-post-thumbnail","6":"product_cat-tshirts","7":"product_tag-essential-luxury-polo-collection","9":"first","10":"instock","11":"sale","12":"taxable","13":"shipping-taxable","14":"purchasable","15":"product-type-variable"},"jetpack_sharing_enabled":true,"_links":{"self":[{"href":"https:\/\/urban-clothingstore.com\/en\/wp-json\/wp\/v2\/product\/14454","targetHints":{"allow":["GET"]}}],"collection":[{"href":"https:\/\/urban-clothingstore.com\/en\/wp-json\/wp\/v2\/product"}],"about":[{"href":"https:\/\/urban-clothingstore.com\/en\/wp-json\/wp\/v2\/types\/product"}],"replies":[{"embeddable":true,"href":"https:\/\/urban-clothingstore.com\/en\/wp-json\/wp\/v2\/comments?post=14454"}],"wp:featuredmedia":[{"embeddable":true,"href":"https:\/\/urban-clothingstore.com\/en\/wp-json\/wp\/v2\/media\/14455"}],"wp:attachment":[{"href":"https:\/\/urban-clothingstore.com\/en\/wp-json\/wp\/v2\/media?parent=14454"}],"wp:term":[{"taxonomy":"product_brand","embeddable":true,"href":"https:\/\/urban-clothingstore.com\/en\/wp-json\/wp\/v2\/product_brand?post=14454"},{"taxonomy":"product_cat","embeddable":true,"href":"https:\/\/urban-clothingstore.com\/en\/wp-json\/wp\/v2\/product_cat?post=14454"},{"taxonomy":"product_tag","embeddable":true,"href":"https:\/\/urban-clothingstore.com\/en\/wp-json\/wp\/v2\/product_tag?post=14454"}],"curies":[{"name":"wp","href":"https:\/\/api.w.org\/{rel}","templated":true}]}}