{"id":14679,"date":"2026-03-12T14:46:28","date_gmt":"2026-03-12T14:46:28","guid":{"rendered":"https:\/\/urban-clothingstore.com\/?post_type=product&#038;p=14679"},"modified":"2026-03-23T08:15:53","modified_gmt":"2026-03-23T08:15:53","slug":"premium-textured-polo-shirt","status":"publish","type":"product","link":"https:\/\/urban-clothingstore.com\/en\/product\/premium-textured-polo-shirt\/","title":{"rendered":"Premium Textured Polo Shirt"},"content":{"rendered":"<p data-start=\"74\" data-end=\"296\">Nj\u00eb polo moderne q\u00eb kombinon minimalizmin me eleganc\u00ebn e p\u00ebrditshme. <strong data-start=\"143\" data-end=\"174\">Premium Textured Polo Shirt<\/strong> \u00ebsht\u00eb krijuar p\u00ebr meshkujt q\u00eb preferojn\u00eb nj\u00eb stil t\u00eb past\u00ebr, t\u00eb rafinuar dhe shum\u00eb komod n\u00eb veshjen e tyre t\u00eb p\u00ebrditshme.<\/p>\n<p data-start=\"298\" data-end=\"602\">E punuar nga nj\u00eb material cil\u00ebsor me <strong data-start=\"335\" data-end=\"368\">tekstur\u00eb t\u00eb leht\u00eb horizontale<\/strong>, kjo polo ofron nj\u00eb pamje elegante dhe nj\u00eb ndjesi shum\u00eb t\u00eb rehatshme gjat\u00eb gjith\u00eb dit\u00ebs. Dizajni minimalist me <strong data-start=\"480\" data-end=\"524\">jak\u00eb klasike polo dhe tre kopsa elegante<\/strong> krijon nj\u00eb stil modern q\u00eb p\u00ebrshtatet perfekt me trupin fal\u00eb prerjes slim fit.<\/p>\n<p data-start=\"604\" data-end=\"791\">Materiali i but\u00eb dhe fleksib\u00ebl siguron rehati maksimale dhe frym\u00ebmarrje t\u00eb mir\u00eb t\u00eb trupit, duke e b\u00ebr\u00eb k\u00ebt\u00eb polo ideale p\u00ebr sezonet e ngrohta apo p\u00ebr kombinime t\u00eb p\u00ebrditshme smart casual.<\/p>\n<p data-start=\"793\" data-end=\"1007\">Kjo polo \u00ebsht\u00eb shum\u00eb e leht\u00eb p\u00ebr t\u2019u kombinuar dhe duket perfekte me <strong data-start=\"862\" data-end=\"902\">xhinse, chino apo pantallona klasike<\/strong>, duke krijuar nj\u00eb look modern dhe t\u00eb past\u00ebr p\u00ebr \u00e7do rast \u2014 nga p\u00ebrditshm\u00ebria deri te daljet m\u00eb elegante.<\/p>\n<p data-start=\"1009\" data-end=\"1144\"><strong data-start=\"1009\" data-end=\"1040\">Premium Textured Polo Shirt<\/strong> \u00ebsht\u00eb nj\u00eb pjes\u00eb esenciale n\u00eb garderob\u00ebn e \u00e7do mashkulli q\u00eb k\u00ebrkon stil, cil\u00ebsi dhe thjesht\u00ebsi elegante.<\/p>\n<h3 data-section-id=\"i1t9db\" data-start=\"1146\" data-end=\"1156\">Ngjyra<\/h3>\n<ul data-start=\"1157\" data-end=\"1166\">\n<li data-section-id=\"7km2y7\" data-start=\"1157\" data-end=\"1166\">\n<p data-start=\"1159\" data-end=\"1166\">White<\/p>\n<\/li>\n<\/ul>","protected":false},"excerpt":{"rendered":"<p>Nj\u00eb polo moderne q\u00eb kombinon minimalizmin me eleganc\u00ebn e p\u00ebrditshme. Premium Textured Polo Shirt \u00ebsht\u00eb krijuar p\u00ebr meshkujt q\u00eb preferojn\u00eb nj\u00eb stil t\u00eb past\u00ebr, t\u00eb rafinuar dhe shum\u00eb komod n\u00eb veshjen e tyre t\u00eb p\u00ebrditshme. E punuar nga nj\u00eb material cil\u00ebsor me tekstur\u00eb t\u00eb leht\u00eb horizontale, kjo polo ofron nj\u00eb pamje elegante dhe nj\u00eb ndjesi [&hellip;]<\/p>","protected":false},"featured_media":14680,"comment_status":"open","ping_status":"closed","template":"","meta":[],"product_brand":[],"product_cat":[704],"product_tag":[335,298,313,297,668,57],"class_list":{"0":"post-14679","1":"product","2":"type-product","3":"status-publish","4":"has-post-thumbnail","6":"product_cat-premium-slim-fit-t-shirt","7":"product_tag-elegante","8":"product_tag-klasike","9":"product_tag-maice","10":"product_tag-me-jake","11":"product_tag-per-meshkuj","12":"product_tag-slimfit","14":"first","15":"instock","16":"sale","17":"taxable","18":"shipping-taxable","19":"purchasable","20":"product-type-variable"},"jetpack_sharing_enabled":true,"_links":{"self":[{"href":"https:\/\/urban-clothingstore.com\/en\/wp-json\/wp\/v2\/product\/14679","targetHints":{"allow":["GET"]}}],"collection":[{"href":"https:\/\/urban-clothingstore.com\/en\/wp-json\/wp\/v2\/product"}],"about":[{"href":"https:\/\/urban-clothingstore.com\/en\/wp-json\/wp\/v2\/types\/product"}],"replies":[{"embeddable":true,"href":"https:\/\/urban-clothingstore.com\/en\/wp-json\/wp\/v2\/comments?post=14679"}],"wp:featuredmedia":[{"embeddable":true,"href":"https:\/\/urban-clothingstore.com\/en\/wp-json\/wp\/v2\/media\/14680"}],"wp:attachment":[{"href":"https:\/\/urban-clothingstore.com\/en\/wp-json\/wp\/v2\/media?parent=14679"}],"wp:term":[{"taxonomy":"product_brand","embeddable":true,"href":"https:\/\/urban-clothingstore.com\/en\/wp-json\/wp\/v2\/product_brand?post=14679"},{"taxonomy":"product_cat","embeddable":true,"href":"https:\/\/urban-clothingstore.com\/en\/wp-json\/wp\/v2\/product_cat?post=14679"},{"taxonomy":"product_tag","embeddable":true,"href":"https:\/\/urban-clothingstore.com\/en\/wp-json\/wp\/v2\/product_tag?post=14679"}],"curies":[{"name":"wp","href":"https:\/\/api.w.org\/{rel}","templated":true}]}}