{"id":14926,"date":"2026-03-16T13:06:08","date_gmt":"2026-03-16T13:06:08","guid":{"rendered":"https:\/\/urban-clothingstore.com\/?post_type=product&#038;p=14926"},"modified":"2026-04-25T08:53:33","modified_gmt":"2026-04-25T08:53:33","slug":"modern-zip-polo-collection","status":"publish","type":"product","link":"https:\/\/urban-clothingstore.com\/en\/product\/modern-zip-polo-collection\/","title":{"rendered":"Modern Zip Polo Collection"},"content":{"rendered":"<p data-start=\"63\" data-end=\"442\">Nj\u00eb koleksion polo modern i dizajnuar p\u00ebr nj\u00eb stil mashkullor elegant dhe t\u00eb rafinuar. Ky model dallohet nga dizajni minimalist me <strong data-start=\"194\" data-end=\"232\">zip metalik dhe tekstur\u00eb vertikale<\/strong>, q\u00eb i jep nj\u00eb pamje m\u00eb luksoze dhe moderne. Materiali i but\u00eb dhe elastik siguron rehati gjat\u00eb gjith\u00eb dit\u00ebs, nd\u00ebrsa prerja <strong data-start=\"355\" data-end=\"369\">modern fit<\/strong> thekson linjat e trupit p\u00ebr nj\u00eb pamje t\u00eb past\u00ebr dhe stil t\u00eb sofistikuar.<\/p>\n<p data-start=\"444\" data-end=\"643\">I p\u00ebrshtatsh\u00ebm p\u00ebr kombinime <strong data-start=\"473\" data-end=\"500\">smart-casual dhe casual<\/strong>, ky polo kombinohet perfekt me pantallona chino, pantallona klasike apo xhinse, duke krijuar nj\u00eb stil t\u00eb balancuar mes eleganc\u00ebs dhe rehatis\u00eb.<\/p>\n<p data-start=\"645\" data-end=\"798\">Koleksioni \u00ebsht\u00eb i disponuesh\u00ebm n\u00eb ngjyra klasike dhe t\u00eb lehta p\u00ebr kombinim, duke e b\u00ebr\u00eb k\u00ebt\u00eb polo nj\u00eb pjes\u00eb esenciale t\u00eb garderob\u00ebs moderne mashkullore.<\/p>\n<p data-start=\"800\" data-end=\"886\" data-is-last-node=\"\" data-is-only-node=\"\">\u2728 Modern Design<br data-start=\"815\" data-end=\"818\" \/>\u2728 Premium Comfort<br data-start=\"835\" data-end=\"838\" \/>\u2728 Elegant Texture<br data-start=\"855\" data-end=\"858\" \/>\u2728 Perfect for Everyday Style<\/p>","protected":false},"excerpt":{"rendered":"<p>Nj\u00eb koleksion polo modern i dizajnuar p\u00ebr nj\u00eb stil mashkullor elegant dhe t\u00eb rafinuar. Ky model dallohet nga dizajni minimalist me zip metalik dhe tekstur\u00eb vertikale, q\u00eb i jep nj\u00eb pamje m\u00eb luksoze dhe moderne. Materiali i but\u00eb dhe elastik siguron rehati gjat\u00eb gjith\u00eb dit\u00ebs, nd\u00ebrsa prerja modern fit thekson linjat e trupit p\u00ebr nj\u00eb [&hellip;]<\/p>","protected":false},"featured_media":14927,"comment_status":"open","ping_status":"closed","template":"","meta":[],"product_brand":[],"product_cat":[21],"product_tag":[722],"class_list":{"0":"post-14926","1":"product","2":"type-product","3":"status-publish","4":"has-post-thumbnail","6":"product_cat-tshirts","7":"product_tag-modern-zip-polo-collection","9":"first","10":"instock","11":"sale","12":"taxable","13":"shipping-taxable","14":"purchasable","15":"product-type-variable"},"jetpack_sharing_enabled":true,"_links":{"self":[{"href":"https:\/\/urban-clothingstore.com\/en\/wp-json\/wp\/v2\/product\/14926","targetHints":{"allow":["GET"]}}],"collection":[{"href":"https:\/\/urban-clothingstore.com\/en\/wp-json\/wp\/v2\/product"}],"about":[{"href":"https:\/\/urban-clothingstore.com\/en\/wp-json\/wp\/v2\/types\/product"}],"replies":[{"embeddable":true,"href":"https:\/\/urban-clothingstore.com\/en\/wp-json\/wp\/v2\/comments?post=14926"}],"wp:featuredmedia":[{"embeddable":true,"href":"https:\/\/urban-clothingstore.com\/en\/wp-json\/wp\/v2\/media\/14927"}],"wp:attachment":[{"href":"https:\/\/urban-clothingstore.com\/en\/wp-json\/wp\/v2\/media?parent=14926"}],"wp:term":[{"taxonomy":"product_brand","embeddable":true,"href":"https:\/\/urban-clothingstore.com\/en\/wp-json\/wp\/v2\/product_brand?post=14926"},{"taxonomy":"product_cat","embeddable":true,"href":"https:\/\/urban-clothingstore.com\/en\/wp-json\/wp\/v2\/product_cat?post=14926"},{"taxonomy":"product_tag","embeddable":true,"href":"https:\/\/urban-clothingstore.com\/en\/wp-json\/wp\/v2\/product_tag?post=14926"}],"curies":[{"name":"wp","href":"https:\/\/api.w.org\/{rel}","templated":true}]}}