{"id":14957,"date":"2026-03-16T13:16:35","date_gmt":"2026-03-16T13:16:35","guid":{"rendered":"https:\/\/urban-clothingstore.com\/?post_type=product&#038;p=14957"},"modified":"2026-03-16T13:16:36","modified_gmt":"2026-03-16T13:16:36","slug":"premium-black-leather-jacket","status":"publish","type":"product","link":"https:\/\/urban-clothingstore.com\/en\/product\/premium-black-leather-jacket\/","title":{"rendered":"Premium Black Leather Jacket"},"content":{"rendered":"<div class=\"flex flex-col text-sm pb-25\">\n<article class=\"text-token-text-primary w-full focus:outline-none [--shadow-height:45px] has-data-writing-block:pointer-events-none has-data-writing-block:-mt-(--shadow-height) has-data-writing-block:pt-(--shadow-height) [&amp;:has([data-writing-block])&gt;*]:pointer-events-auto scroll-mt-[calc(var(--header-height)+min(200px,max(70px,20svh)))]\" dir=\"auto\" tabindex=\"-1\" data-turn-id=\"request-WEB:1bef9080-f897-4bc7-b7a6-d9a15a14aa22-4\" data-testid=\"conversation-turn-10\" data-scroll-anchor=\"true\" data-turn=\"assistant\">\n<div class=\"text-base my-auto mx-auto pb-10 [--thread-content-margin:var(--thread-content-margin-xs,calc(var(--spacing)*4))] @w-sm\/main:[--thread-content-margin:var(--thread-content-margin-sm,calc(var(--spacing)*6))] @w-lg\/main:[--thread-content-margin:var(--thread-content-margin-lg,calc(var(--spacing)*16))] px-(--thread-content-margin)\">\n<div class=\"[--thread-content-max-width:40rem] @w-lg\/main:[--thread-content-max-width:48rem] mx-auto max-w-(--thread-content-max-width) flex-1 group\/turn-messages focus-visible:outline-hidden relative flex w-full min-w-0 flex-col agent-turn\" tabindex=\"-1\">\n<div class=\"flex max-w-full flex-col gap-4 grow\">\n<div class=\"min-h-8 text-message relative flex w-full flex-col items-end gap-2 text-start break-words whitespace-normal [.text-message+&amp;]:mt-1\" dir=\"auto\" data-message-author-role=\"assistant\" data-message-id=\"d9c6e28f-f270-4ace-86e4-6f4b2005acda\" data-message-model-slug=\"gpt-5-3\">\n<div class=\"flex w-full flex-col gap-1 empty:hidden\">\n<div class=\"markdown prose dark:prose-invert w-full wrap-break-word dark markdown-new-styling\">\n<p data-start=\"65\" data-end=\"432\">Nj\u00eb xhaket\u00eb l\u00ebkure elegante dhe moderne e krijuar p\u00ebr nj\u00eb stil mashkullor t\u00eb fuqish\u00ebm dhe t\u00eb rafinuar. E punuar me material cil\u00ebsor me tekstur\u00eb t\u00eb but\u00eb, kjo xhaket\u00eb ofron nj\u00eb pamje luksoze dhe nj\u00eb p\u00ebrshtatje perfekte q\u00eb thekson siluet\u00ebn e trupit. Dizajni minimalist me <strong data-start=\"334\" data-end=\"370\">zip metalik dhe detaje t\u00eb pastra<\/strong> e b\u00ebn k\u00ebt\u00eb model nj\u00eb zgjedhje ideale p\u00ebr \u00e7do kombinim modern.<\/p>\n<p data-start=\"434\" data-end=\"694\">Xhaketa \u00ebsht\u00eb perfekte p\u00ebr stil <strong data-start=\"466\" data-end=\"492\">smart-casual dhe urban<\/strong>, duke u kombinuar leht\u00ebsisht me polo, k\u00ebmisha apo bluza minimaliste dhe pantallona klasike ose xhinse. Nj\u00eb pjes\u00eb esenciale e garderob\u00ebs p\u00ebr ata q\u00eb k\u00ebrkojn\u00eb eleganc\u00eb, stil dhe karakter n\u00eb \u00e7do paraqitje.<\/p>\n<p data-start=\"696\" data-end=\"779\" data-is-last-node=\"\" data-is-only-node=\"\">\u2728 Premium Leather Look<br data-start=\"718\" data-end=\"721\" \/>\u2728 Modern Minimal Design<br data-start=\"744\" data-end=\"747\" \/>\u2728 Perfect Fit<br data-start=\"760\" data-end=\"763\" \/>\u2728 Timeless Style<\/p>\n<\/div>\n<\/div>\n<\/div>\n<\/div>\n<div class=\"z-0 flex min-h-[46px] justify-start\"><\/div>\n<div class=\"mt-3 w-full empty:hidden\">\n<div class=\"text-center\"><\/div>\n<\/div>\n<\/div>\n<\/div>\n<\/article>\n<\/div>\n<div class=\"pointer-events-none h-px w-px absolute bottom-0\" aria-hidden=\"true\" data-edge=\"true\"><\/div>","protected":false},"excerpt":{"rendered":"<p data-start=\"922\" data-end=\"1137\">Xhaket\u00eb l\u00ebkure me dizajn modern dhe minimalist, e krijuar p\u00ebr nj\u00eb stil mashkullor elegant dhe t\u00eb p\u00ebrjetsh\u00ebm. Me tekstur\u00eb premium dhe prerje perfekte, ajo ofron rehati, stil dhe nj\u00eb prezenc\u00eb t\u00eb fort\u00eb n\u00eb \u00e7do kombinim.<\/p>","protected":false},"featured_media":14958,"comment_status":"open","ping_status":"closed","template":"","meta":[],"product_brand":[],"product_cat":[25],"product_tag":[723],"class_list":{"0":"post-14957","1":"product","2":"type-product","3":"status-publish","4":"has-post-thumbnail","6":"product_cat-jackets","7":"product_tag-premium-black-leather-jacket","9":"first","10":"instock","11":"taxable","12":"shipping-taxable","13":"purchasable","14":"product-type-variable"},"jetpack_sharing_enabled":true,"_links":{"self":[{"href":"https:\/\/urban-clothingstore.com\/en\/wp-json\/wp\/v2\/product\/14957","targetHints":{"allow":["GET"]}}],"collection":[{"href":"https:\/\/urban-clothingstore.com\/en\/wp-json\/wp\/v2\/product"}],"about":[{"href":"https:\/\/urban-clothingstore.com\/en\/wp-json\/wp\/v2\/types\/product"}],"replies":[{"embeddable":true,"href":"https:\/\/urban-clothingstore.com\/en\/wp-json\/wp\/v2\/comments?post=14957"}],"wp:featuredmedia":[{"embeddable":true,"href":"https:\/\/urban-clothingstore.com\/en\/wp-json\/wp\/v2\/media\/14958"}],"wp:attachment":[{"href":"https:\/\/urban-clothingstore.com\/en\/wp-json\/wp\/v2\/media?parent=14957"}],"wp:term":[{"taxonomy":"product_brand","embeddable":true,"href":"https:\/\/urban-clothingstore.com\/en\/wp-json\/wp\/v2\/product_brand?post=14957"},{"taxonomy":"product_cat","embeddable":true,"href":"https:\/\/urban-clothingstore.com\/en\/wp-json\/wp\/v2\/product_cat?post=14957"},{"taxonomy":"product_tag","embeddable":true,"href":"https:\/\/urban-clothingstore.com\/en\/wp-json\/wp\/v2\/product_tag?post=14957"}],"curies":[{"name":"wp","href":"https:\/\/api.w.org\/{rel}","templated":true}]}}