{"id":14965,"date":"2026-03-16T20:38:55","date_gmt":"2026-03-16T20:38:55","guid":{"rendered":"https:\/\/urban-clothingstore.com\/?post_type=product&#038;p=14965"},"modified":"2026-03-16T20:38:55","modified_gmt":"2026-03-16T20:38:55","slug":"premium-striped-slim-fit-shirt","status":"publish","type":"product","link":"https:\/\/urban-clothingstore.com\/en\/product\/premium-striped-slim-fit-shirt\/","title":{"rendered":"Premium Striped Slim Fit Shirt"},"content":{"rendered":"<p data-start=\"67\" data-end=\"352\">Nj\u00eb k\u00ebmish\u00eb elegante me dizajn modern dhe vija vertikale q\u00eb krijojn\u00eb nj\u00eb pamje t\u00eb past\u00ebr dhe shum\u00eb stil. E dizajnuar me <strong data-start=\"187\" data-end=\"206\">prerje slim fit<\/strong>, kjo k\u00ebmish\u00eb thekson linjat e trupit dhe jep nj\u00eb stil t\u00eb rafinuar, perfekt p\u00ebr meshkujt q\u00eb k\u00ebrkojn\u00eb nj\u00eb kombinim mes eleganc\u00ebs dhe stilit modern.<\/p>\n<p data-start=\"354\" data-end=\"646\">Materiali cil\u00ebsor ofron <strong data-start=\"378\" data-end=\"407\">rehati gjat\u00eb gjith\u00eb dit\u00ebs<\/strong>, nd\u00ebrsa struktura e leht\u00eb dhe e but\u00eb e b\u00ebn ideale si p\u00ebr p\u00ebrditshm\u00ebri ashtu edhe p\u00ebr raste m\u00eb formale. Vija vertikale i shtojn\u00eb nj\u00eb prekje klasike dhe e b\u00ebjn\u00eb k\u00ebt\u00eb k\u00ebmish\u00eb shum\u00eb t\u00eb leht\u00eb p\u00ebr t&#8217;u kombinuar me pantallona elegante apo chino.<\/p>\n<p data-start=\"648\" data-end=\"823\">Detajet minimaliste, jak\u00eb klasike dhe p\u00ebrfundimi i past\u00ebr e b\u00ebjn\u00eb k\u00ebt\u00eb model nj\u00eb <strong data-start=\"729\" data-end=\"774\">pjes\u00eb esenciale t\u00eb garderob\u00ebs mashkullore<\/strong>, duke ofruar stil dhe eleganc\u00eb n\u00eb \u00e7do paraqitje.<\/p>","protected":false},"excerpt":{"rendered":"<p>Nj\u00eb k\u00ebmish\u00eb elegante me dizajn modern dhe vija vertikale q\u00eb krijojn\u00eb nj\u00eb pamje t\u00eb past\u00ebr dhe shum\u00eb stil. E dizajnuar me prerje slim fit, kjo k\u00ebmish\u00eb thekson linjat e trupit dhe jep nj\u00eb stil t\u00eb rafinuar, perfekt p\u00ebr meshkujt q\u00eb k\u00ebrkojn\u00eb nj\u00eb kombinim mes eleganc\u00ebs dhe stilit modern. Materiali cil\u00ebsor ofron rehati gjat\u00eb gjith\u00eb dit\u00ebs, [&hellip;]<\/p>","protected":false},"featured_media":14981,"comment_status":"open","ping_status":"closed","template":"","meta":[],"product_brand":[],"product_cat":[705],"product_tag":[724,725,521],"class_list":{"0":"post-14965","1":"product","2":"type-product","3":"status-publish","4":"has-post-thumbnail","6":"product_cat-slim-fit-elegant-shirt","7":"product_tag-kemisha","8":"product_tag-premium-striped-slim-fit-shirt","9":"product_tag-slim-fit","11":"first","12":"instock","13":"taxable","14":"shipping-taxable","15":"purchasable","16":"product-type-variable"},"jetpack_sharing_enabled":true,"_links":{"self":[{"href":"https:\/\/urban-clothingstore.com\/en\/wp-json\/wp\/v2\/product\/14965","targetHints":{"allow":["GET"]}}],"collection":[{"href":"https:\/\/urban-clothingstore.com\/en\/wp-json\/wp\/v2\/product"}],"about":[{"href":"https:\/\/urban-clothingstore.com\/en\/wp-json\/wp\/v2\/types\/product"}],"replies":[{"embeddable":true,"href":"https:\/\/urban-clothingstore.com\/en\/wp-json\/wp\/v2\/comments?post=14965"}],"wp:featuredmedia":[{"embeddable":true,"href":"https:\/\/urban-clothingstore.com\/en\/wp-json\/wp\/v2\/media\/14981"}],"wp:attachment":[{"href":"https:\/\/urban-clothingstore.com\/en\/wp-json\/wp\/v2\/media?parent=14965"}],"wp:term":[{"taxonomy":"product_brand","embeddable":true,"href":"https:\/\/urban-clothingstore.com\/en\/wp-json\/wp\/v2\/product_brand?post=14965"},{"taxonomy":"product_cat","embeddable":true,"href":"https:\/\/urban-clothingstore.com\/en\/wp-json\/wp\/v2\/product_cat?post=14965"},{"taxonomy":"product_tag","embeddable":true,"href":"https:\/\/urban-clothingstore.com\/en\/wp-json\/wp\/v2\/product_tag?post=14965"}],"curies":[{"name":"wp","href":"https:\/\/api.w.org\/{rel}","templated":true}]}}