{"id":14984,"date":"2026-03-16T21:12:18","date_gmt":"2026-03-16T21:12:18","guid":{"rendered":"https:\/\/urban-clothingstore.com\/?post_type=product&#038;p=14984"},"modified":"2026-03-16T21:16:46","modified_gmt":"2026-03-16T21:16:46","slug":"essential-slim-fit-shirt-collection","status":"publish","type":"product","link":"https:\/\/urban-clothingstore.com\/en\/product\/essential-slim-fit-shirt-collection\/","title":{"rendered":"Essential Slim Fit Shirt Collection"},"content":{"rendered":"<p data-start=\"72\" data-end=\"338\">Kjo k\u00ebmish\u00eb moderne \u00ebsht\u00eb krijuar p\u00ebr meshkujt q\u00eb k\u00ebrkojn\u00eb stil t\u00eb past\u00ebr, eleganc\u00eb dhe rehati n\u00eb \u00e7do moment t\u00eb dit\u00ebs. Me nj\u00eb <strong data-start=\"198\" data-end=\"217\">prerje slim fit<\/strong> q\u00eb thekson linjat e trupit dhe nj\u00eb dizajn minimalist, kjo k\u00ebmish\u00eb ofron nj\u00eb pamje shum\u00eb t\u00eb sofistikuar dhe bashk\u00ebkohore.<\/p>\n<p data-start=\"340\" data-end=\"622\">Materiali i but\u00eb dhe cil\u00ebsor siguron <strong data-start=\"377\" data-end=\"421\">komfort maksimal dhe frym\u00ebmarrje t\u00eb mir\u00eb<\/strong>, duke e b\u00ebr\u00eb ideale si p\u00ebr p\u00ebrdorim t\u00eb p\u00ebrditsh\u00ebm ashtu edhe p\u00ebr raste m\u00eb elegante. Dizajni i saj i thjesht\u00eb dhe premium e b\u00ebn shum\u00eb t\u00eb leht\u00eb p\u00ebr t&#8217;u kombinuar me pantallona klasike, chino apo xhinse.<\/p>\n<p data-start=\"624\" data-end=\"844\">Koleksioni p\u00ebrfshin disa ngjyra elegante dhe shum\u00eb t\u00eb k\u00ebrkuara, duke ju dh\u00ebn\u00eb mund\u00ebsin\u00eb t\u00eb krijoni <strong data-start=\"723\" data-end=\"767\">kombinime t\u00eb ndryshme stili p\u00ebr \u00e7do rast<\/strong> \u2013 nga nj\u00eb look casual modern deri tek nj\u00eb paraqitje m\u00eb formale dhe elegante.<\/p>\n<p data-start=\"846\" data-end=\"972\">Nj\u00eb k\u00ebmish\u00eb q\u00eb nuk duhet t\u00eb mungoj\u00eb n\u00eb garderob\u00ebn e \u00e7do mashkulli q\u00eb vler\u00ebson <strong data-start=\"924\" data-end=\"969\">stil minimal, cil\u00ebsi dhe eleganc\u00eb moderne<\/strong>.<\/p>","protected":false},"excerpt":{"rendered":"<p data-start=\"72\" data-end=\"338\">Kjo k\u00ebmish\u00eb moderne \u00ebsht\u00eb krijuar p\u00ebr meshkujt q\u00eb k\u00ebrkojn\u00eb stil t\u00eb past\u00ebr, eleganc\u00eb dhe rehati n\u00eb \u00e7do moment t\u00eb dit\u00ebs. Me nj\u00eb <strong data-start=\"198\" data-end=\"217\">prerje slim fit<\/strong> q\u00eb thekson linjat e trupit dhe nj\u00eb dizajn minimalist, kjo k\u00ebmish\u00eb ofron nj\u00eb pamje shum\u00eb t\u00eb sofistikuar dhe bashk\u00ebkohore.<\/p>\n<p data-start=\"340\" data-end=\"622\">Materiali i but\u00eb dhe cil\u00ebsor siguron <strong data-start=\"377\" data-end=\"421\">komfort maksimal dhe frym\u00ebmarrje t\u00eb mir\u00eb<\/strong>, duke e b\u00ebr\u00eb ideale si p\u00ebr p\u00ebrdorim t\u00eb p\u00ebrditsh\u00ebm ashtu edhe p\u00ebr raste m\u00eb elegante. Dizajni i saj i thjesht\u00eb dhe premium e b\u00ebn shum\u00eb t\u00eb leht\u00eb p\u00ebr t&#8217;u kombinuar me pantallona klasike, chino apo xhinse.<\/p>\n<p data-start=\"624\" data-end=\"844\">Koleksioni p\u00ebrfshin disa ngjyra elegante dhe shum\u00eb t\u00eb k\u00ebrkuara, duke ju dh\u00ebn\u00eb mund\u00ebsin\u00eb t\u00eb krijoni <strong data-start=\"723\" data-end=\"767\">kombinime t\u00eb ndryshme stili p\u00ebr \u00e7do rast<\/strong> \u2013 nga nj\u00eb look casual modern deri tek nj\u00eb paraqitje m\u00eb formale dhe elegante.<\/p>\n<p data-start=\"846\" data-end=\"972\">Nj\u00eb k\u00ebmish\u00eb q\u00eb nuk duhet t\u00eb mungoj\u00eb n\u00eb garderob\u00ebn e \u00e7do mashkulli q\u00eb vler\u00ebson <strong data-start=\"924\" data-end=\"969\">stil minimal, cil\u00ebsi dhe eleganc\u00eb moderne<\/strong>.<\/p>","protected":false},"featured_media":14987,"comment_status":"open","ping_status":"closed","template":"","meta":[],"product_brand":[],"product_cat":[705],"product_tag":[726,700],"class_list":{"0":"post-14984","1":"product","2":"type-product","3":"status-publish","4":"has-post-thumbnail","6":"product_cat-slim-fit-elegant-shirt","7":"product_tag-essential-slim-fit-shirt-collection","8":"product_tag-executive-slim-shirt","10":"first","11":"instock","12":"taxable","13":"shipping-taxable","14":"purchasable","15":"product-type-variable"},"jetpack_sharing_enabled":true,"_links":{"self":[{"href":"https:\/\/urban-clothingstore.com\/en\/wp-json\/wp\/v2\/product\/14984","targetHints":{"allow":["GET"]}}],"collection":[{"href":"https:\/\/urban-clothingstore.com\/en\/wp-json\/wp\/v2\/product"}],"about":[{"href":"https:\/\/urban-clothingstore.com\/en\/wp-json\/wp\/v2\/types\/product"}],"replies":[{"embeddable":true,"href":"https:\/\/urban-clothingstore.com\/en\/wp-json\/wp\/v2\/comments?post=14984"}],"wp:featuredmedia":[{"embeddable":true,"href":"https:\/\/urban-clothingstore.com\/en\/wp-json\/wp\/v2\/media\/14987"}],"wp:attachment":[{"href":"https:\/\/urban-clothingstore.com\/en\/wp-json\/wp\/v2\/media?parent=14984"}],"wp:term":[{"taxonomy":"product_brand","embeddable":true,"href":"https:\/\/urban-clothingstore.com\/en\/wp-json\/wp\/v2\/product_brand?post=14984"},{"taxonomy":"product_cat","embeddable":true,"href":"https:\/\/urban-clothingstore.com\/en\/wp-json\/wp\/v2\/product_cat?post=14984"},{"taxonomy":"product_tag","embeddable":true,"href":"https:\/\/urban-clothingstore.com\/en\/wp-json\/wp\/v2\/product_tag?post=14984"}],"curies":[{"name":"wp","href":"https:\/\/api.w.org\/{rel}","templated":true}]}}