{"id":1509,"date":"2025-04-06T19:03:20","date_gmt":"2025-04-06T19:03:20","guid":{"rendered":"https:\/\/urban-clothingstore.com\/?post_type=product&#038;p=1509"},"modified":"2025-08-21T19:19:05","modified_gmt":"2025-08-21T19:19:05","slug":"chaos-strokes-graphic-t-shirt","status":"publish","type":"product","link":"https:\/\/urban-clothingstore.com\/en\/product\/chaos-strokes-graphic-t-shirt\/","title":{"rendered":"Bluz\u00eb me grafik\u00eb Chaos Strokes"},"content":{"rendered":"<p>T\u00ebrhiqni v\u00ebmendjen me k\u00ebt\u00eb bluz\u00eb grafike abstrakte, t\u00eb frym\u00ebzuar nga grunge. Me modele t\u00eb theksuara me penelata t\u00eb zeza dhe t\u00eb bardha mbi nj\u00eb baz\u00eb gri t\u00eb zbeht\u00eb, kjo bluz\u00eb i shton nj\u00eb nuanc\u00eb artistike dhe rebele koleksionit tuaj t\u00eb veshjeve t\u00eb rrug\u00ebs. Dizajni kaotik si boj\u00eb ofron nj\u00eb pamje t\u00eb pap\u00ebrpunuar dhe ekspresive, duke e b\u00ebr\u00eb at\u00eb nj\u00eb veshje t\u00eb spikatur p\u00ebr ata q\u00eb e jetojn\u00eb mod\u00ebn me z\u00eb t\u00eb lart\u00eb.<\/p>\n<p>E b\u00ebr\u00eb nga nj\u00eb p\u00ebrzierje pambuku e but\u00eb dhe e frym\u00ebmarrshme, forma e relaksuar e madhe siguron rehati duke ruajtur at\u00eb atmosfer\u00eb t\u00eb fresk\u00ebt dhe t\u00eb relaksuar. Pavar\u00ebsisht n\u00ebse jeni n\u00eb qytet, n\u00eb nj\u00eb koncert apo thjesht duke shijuar atmosfer\u00ebn me miqt\u00eb, kjo bluz\u00eb b\u00ebn nj\u00eb deklarat\u00eb serioze stili.<\/p>","protected":false},"excerpt":{"rendered":"<p>T\u00ebrhiqni v\u00ebmendjen me k\u00ebt\u00eb bluz\u00eb grafike abstrakte, t\u00eb frym\u00ebzuar nga grunge. Me modele t\u00eb theksuara me penelata t\u00eb zeza dhe t\u00eb bardha mbi nj\u00eb baz\u00eb gri t\u00eb zbeht\u00eb, kjo bluz\u00eb i shton nj\u00eb nuanc\u00eb artistike dhe rebele koleksionit tuaj t\u00eb veshjeve t\u00eb rrug\u00ebs. Dizajni kaotik si boj\u00eb ofron nj\u00eb pamje t\u00eb pap\u00ebrpunuar dhe ekspresive, duke [&hellip;]<\/p>","protected":false},"featured_media":1518,"comment_status":"open","ping_status":"closed","template":"","meta":[],"product_brand":[],"product_cat":[16,21],"product_tag":[33,41,28],"class_list":{"0":"post-1509","1":"product","2":"type-product","3":"status-publish","4":"has-post-thumbnail","6":"product_cat-clothing","7":"product_cat-tshirts","8":"product_tag-oversize","9":"product_tag-street-wear","10":"product_tag-t-shirt","12":"first","13":"instock","14":"taxable","15":"shipping-taxable","16":"purchasable","17":"product-type-variable"},"jetpack_sharing_enabled":true,"_links":{"self":[{"href":"https:\/\/urban-clothingstore.com\/en\/wp-json\/wp\/v2\/product\/1509","targetHints":{"allow":["GET"]}}],"collection":[{"href":"https:\/\/urban-clothingstore.com\/en\/wp-json\/wp\/v2\/product"}],"about":[{"href":"https:\/\/urban-clothingstore.com\/en\/wp-json\/wp\/v2\/types\/product"}],"replies":[{"embeddable":true,"href":"https:\/\/urban-clothingstore.com\/en\/wp-json\/wp\/v2\/comments?post=1509"}],"wp:featuredmedia":[{"embeddable":true,"href":"https:\/\/urban-clothingstore.com\/en\/wp-json\/wp\/v2\/media\/1518"}],"wp:attachment":[{"href":"https:\/\/urban-clothingstore.com\/en\/wp-json\/wp\/v2\/media?parent=1509"}],"wp:term":[{"taxonomy":"product_brand","embeddable":true,"href":"https:\/\/urban-clothingstore.com\/en\/wp-json\/wp\/v2\/product_brand?post=1509"},{"taxonomy":"product_cat","embeddable":true,"href":"https:\/\/urban-clothingstore.com\/en\/wp-json\/wp\/v2\/product_cat?post=1509"},{"taxonomy":"product_tag","embeddable":true,"href":"https:\/\/urban-clothingstore.com\/en\/wp-json\/wp\/v2\/product_tag?post=1509"}],"curies":[{"name":"wp","href":"https:\/\/api.w.org\/{rel}","templated":true}]}}