{"id":1525,"date":"2025-04-06T19:05:52","date_gmt":"2025-04-06T19:05:52","guid":{"rendered":"https:\/\/urban-clothingstore.com\/?post_type=product&#038;p=1525"},"modified":"2025-08-21T19:17:44","modified_gmt":"2025-08-21T19:17:44","slug":"strange-hidden-spirits-vintage-graphic-t-shirt","status":"publish","type":"product","link":"https:\/\/urban-clothingstore.com\/en\/product\/strange-hidden-spirits-vintage-graphic-t-shirt\/","title":{"rendered":"Bluz\u00eb me Grafik\u00eb Klasike &#8211; Hidden Spirits"},"content":{"rendered":"<p class=\"\" data-start=\"61\" data-end=\"453\">Kanalizoni atmosfer\u00ebn retro dhe mistik\u00ebn e menduar me bluz\u00ebn grafike \u201cStrange Hidden Spirits\u201d. Me nj\u00eb dizajn minimalist me tekst p\u00ebrpara dhe nj\u00eb printim t\u00eb guximsh\u00ebm dhe t\u00eb nd\u00ebrlikuar n\u00eb pjes\u00ebn e pasme me ngjyr\u00eb blu t\u00eb but\u00eb qielli, kjo bluz\u00eb i sjell veshjes suaj nj\u00eb ndjesi historie dhe nj\u00eb nuanc\u00eb vintage. E punuar me pambuk cil\u00ebsor, p\u00ebrshtatja e saj e relaksuar dhe unisex e b\u00ebn at\u00eb perfekte p\u00ebr veshje t\u00eb p\u00ebrditshme pa mundim ose p\u00ebr pamje t\u00eb stiluara n\u00eb rrug\u00eb.<\/p>","protected":false},"excerpt":{"rendered":"<p>Kanalizoni atmosfer\u00ebn retro dhe mistik\u00ebn e menduar me bluz\u00ebn grafike \u201cStrange Hidden Spirits\u201d. Me nj\u00eb dizajn minimalist me tekst p\u00ebrpara dhe nj\u00eb printim t\u00eb guximsh\u00ebm dhe t\u00eb nd\u00ebrlikuar n\u00eb pjes\u00ebn e pasme me ngjyr\u00eb blu t\u00eb but\u00eb qielli, kjo bluz\u00eb i sjell veshjes suaj nj\u00eb ndjesi historie dhe nj\u00eb nuanc\u00eb vintage. E punuar me pambuk [&hellip;]<\/p>","protected":false},"featured_media":1531,"comment_status":"open","ping_status":"closed","template":"","meta":[],"product_brand":[],"product_cat":[16,21],"product_tag":[33,28],"class_list":{"0":"post-1525","1":"product","2":"type-product","3":"status-publish","4":"has-post-thumbnail","6":"product_cat-clothing","7":"product_cat-tshirts","8":"product_tag-oversize","9":"product_tag-t-shirt","11":"first","12":"instock","13":"taxable","14":"shipping-taxable","15":"purchasable","16":"product-type-variable"},"jetpack_sharing_enabled":true,"_links":{"self":[{"href":"https:\/\/urban-clothingstore.com\/en\/wp-json\/wp\/v2\/product\/1525","targetHints":{"allow":["GET"]}}],"collection":[{"href":"https:\/\/urban-clothingstore.com\/en\/wp-json\/wp\/v2\/product"}],"about":[{"href":"https:\/\/urban-clothingstore.com\/en\/wp-json\/wp\/v2\/types\/product"}],"replies":[{"embeddable":true,"href":"https:\/\/urban-clothingstore.com\/en\/wp-json\/wp\/v2\/comments?post=1525"}],"wp:featuredmedia":[{"embeddable":true,"href":"https:\/\/urban-clothingstore.com\/en\/wp-json\/wp\/v2\/media\/1531"}],"wp:attachment":[{"href":"https:\/\/urban-clothingstore.com\/en\/wp-json\/wp\/v2\/media?parent=1525"}],"wp:term":[{"taxonomy":"product_brand","embeddable":true,"href":"https:\/\/urban-clothingstore.com\/en\/wp-json\/wp\/v2\/product_brand?post=1525"},{"taxonomy":"product_cat","embeddable":true,"href":"https:\/\/urban-clothingstore.com\/en\/wp-json\/wp\/v2\/product_cat?post=1525"},{"taxonomy":"product_tag","embeddable":true,"href":"https:\/\/urban-clothingstore.com\/en\/wp-json\/wp\/v2\/product_tag?post=1525"}],"curies":[{"name":"wp","href":"https:\/\/api.w.org\/{rel}","templated":true}]}}