{"id":15336,"date":"2026-03-23T14:22:53","date_gmt":"2026-03-23T14:22:53","guid":{"rendered":"https:\/\/urban-clothingstore.com\/?post_type=product&#038;p=15336"},"modified":"2026-03-27T11:03:51","modified_gmt":"2026-03-27T11:03:51","slug":"black-washed-slim-fit-jeans-urban-essential","status":"publish","type":"product","link":"https:\/\/urban-clothingstore.com\/en\/product\/black-washed-slim-fit-jeans-urban-essential\/","title":{"rendered":"Black Washed Slim Fit Jeans \u2013 Urban Essential"},"content":{"rendered":"<p data-start=\"62\" data-end=\"334\">Xhinse moderne n\u00eb ngjyr\u00eb t\u00eb zez\u00eb \u201cwashed\u201d, t\u00eb dizajnuara me prerje slim fit q\u00eb theksojn\u00eb linjat e trupit dhe japin nj\u00eb look t\u00eb past\u00ebr urban. Materiali cil\u00ebsor ofron rehati gjat\u00eb gjith\u00eb dit\u00ebs, nd\u00ebrsa efekti i zbehjes (washed) shton karakter dhe stil unik.<\/p>\n<p data-start=\"336\" data-end=\"531\">Perfekte p\u00ebr kombinime casual apo smart-casual \u2013 nga nj\u00eb t-shirt e thjesht\u00eb deri tek nj\u00eb k\u00ebmish\u00eb elegante. Nj\u00eb pjes\u00eb esenciale p\u00ebr garderob\u00ebn e \u00e7do mashkulli q\u00eb k\u00ebrkon stil minimalist dhe modern.<\/p>\n<p data-start=\"533\" data-end=\"701\">\u2714 Slim fit \u2013 prerje e ngusht\u00eb dhe elegante<br data-start=\"575\" data-end=\"578\" \/>\u2714 Ngjyr\u00eb e zez\u00eb washed p\u00ebr efekt modern<br data-start=\"617\" data-end=\"620\" \/>\u2714 Komode dhe fleksibile p\u00ebr p\u00ebrdorim ditor<br data-start=\"662\" data-end=\"665\" \/>\u2714 Leht\u00eb p\u00ebr kombinim me \u00e7do outfit<\/p>","protected":false},"excerpt":{"rendered":"<p>Xhinse moderne n\u00eb ngjyr\u00eb t\u00eb zez\u00eb \u201cwashed\u201d, t\u00eb dizajnuara me prerje slim fit q\u00eb theksojn\u00eb linjat e trupit dhe japin nj\u00eb look t\u00eb past\u00ebr urban. Materiali cil\u00ebsor ofron rehati gjat\u00eb gjith\u00eb dit\u00ebs, nd\u00ebrsa efekti i zbehjes (washed) shton karakter dhe stil unik. Perfekte p\u00ebr kombinime casual apo smart-casual \u2013 nga nj\u00eb t-shirt e thjesht\u00eb deri [&hellip;]<\/p>","protected":false},"featured_media":15337,"comment_status":"open","ping_status":"closed","template":"","meta":[],"product_brand":[],"product_cat":[27,702],"product_tag":[750,751],"class_list":{"0":"post-15336","1":"product","2":"type-product","3":"status-publish","4":"has-post-thumbnail","6":"product_cat-jeans","7":"product_cat-premium-slim-fit-jeans","8":"product_tag-slim-fit-jeans","9":"product_tag-urban-essential","11":"first","12":"instock","13":"sale","14":"taxable","15":"shipping-taxable","16":"purchasable","17":"product-type-variable"},"jetpack_sharing_enabled":true,"_links":{"self":[{"href":"https:\/\/urban-clothingstore.com\/en\/wp-json\/wp\/v2\/product\/15336","targetHints":{"allow":["GET"]}}],"collection":[{"href":"https:\/\/urban-clothingstore.com\/en\/wp-json\/wp\/v2\/product"}],"about":[{"href":"https:\/\/urban-clothingstore.com\/en\/wp-json\/wp\/v2\/types\/product"}],"replies":[{"embeddable":true,"href":"https:\/\/urban-clothingstore.com\/en\/wp-json\/wp\/v2\/comments?post=15336"}],"wp:featuredmedia":[{"embeddable":true,"href":"https:\/\/urban-clothingstore.com\/en\/wp-json\/wp\/v2\/media\/15337"}],"wp:attachment":[{"href":"https:\/\/urban-clothingstore.com\/en\/wp-json\/wp\/v2\/media?parent=15336"}],"wp:term":[{"taxonomy":"product_brand","embeddable":true,"href":"https:\/\/urban-clothingstore.com\/en\/wp-json\/wp\/v2\/product_brand?post=15336"},{"taxonomy":"product_cat","embeddable":true,"href":"https:\/\/urban-clothingstore.com\/en\/wp-json\/wp\/v2\/product_cat?post=15336"},{"taxonomy":"product_tag","embeddable":true,"href":"https:\/\/urban-clothingstore.com\/en\/wp-json\/wp\/v2\/product_tag?post=15336"}],"curies":[{"name":"wp","href":"https:\/\/api.w.org\/{rel}","templated":true}]}}