{"id":1537,"date":"2025-04-06T19:21:11","date_gmt":"2025-04-06T19:21:11","guid":{"rendered":"https:\/\/urban-clothingstore.com\/?post_type=product&#038;p=1537"},"modified":"2025-08-21T19:16:17","modified_gmt":"2025-08-21T19:16:17","slug":"graffiti-eye-oversized-t-shirt-street-art-edition","status":"publish","type":"product","link":"https:\/\/urban-clothingstore.com\/en\/product\/graffiti-eye-oversized-t-shirt-street-art-edition\/","title":{"rendered":"Bluz\u00eb me M\u00ebng\u00eb t\u00eb Gjata Graffiti Eye \u2013 Edicioni i Artit t\u00eb Rrug\u00ebs"},"content":{"rendered":"<p class=\"\" data-start=\"125\" data-end=\"620\">B\u00ebj nj\u00eb deklarat\u00eb t\u00eb guximshme me bluz\u00ebn e madhe Graffiti Eye. E projektuar p\u00ebr rehati dhe individualitet, kjo bluz\u00eb paraqet nj\u00eb grafik\u00eb mbres\u00ebl\u00ebn\u00ebse t\u00eb nj\u00eb syri q\u00eb qan n\u00eb gjoks, t\u00eb plot\u00ebsuar nga numra n\u00eb stilin e grafitit n\u00eb m\u00ebng\u00eb. Pjesa e pasme shfaq nj\u00eb dizajn dinamik me boj\u00eb spraj q\u00eb shton nj\u00eb atmosfer\u00eb autentike rruge.<\/p>\n<p class=\"\" data-start=\"125\" data-end=\"620\">E b\u00ebr\u00eb nga p\u00eblhur\u00eb e but\u00eb dhe e frym\u00ebmarrshme, kombinohet leht\u00ebsisht me bluza t\u00eb gjata, xhinse ose pantallona t\u00eb shkurtra &#8211; perfekte p\u00ebr k\u00ebdo q\u00eb d\u00ebshiron t\u00eb dallohet me stil, pavar\u00ebsisht ngjyr\u00ebs q\u00eb zgjedh.<\/p>","protected":false},"excerpt":{"rendered":"<p>B\u00ebj nj\u00eb deklarat\u00eb t\u00eb guximshme me bluz\u00ebn e madhe Graffiti Eye. E projektuar p\u00ebr rehati dhe individualitet, kjo bluz\u00eb paraqet nj\u00eb grafik\u00eb mbres\u00ebl\u00ebn\u00ebse t\u00eb nj\u00eb syri q\u00eb qan n\u00eb gjoks, t\u00eb plot\u00ebsuar nga numra n\u00eb stilin e grafitit n\u00eb m\u00ebng\u00eb. Pjesa e pasme shfaq nj\u00eb dizajn dinamik me boj\u00eb spraj q\u00eb shton nj\u00eb atmosfer\u00eb autentike [&hellip;]<\/p>","protected":false},"featured_media":1548,"comment_status":"open","ping_status":"closed","template":"","meta":[],"product_brand":[],"product_cat":[16,21],"product_tag":[30,28,29],"class_list":{"0":"post-1537","1":"product","2":"type-product","3":"status-publish","4":"has-post-thumbnail","6":"product_cat-clothing","7":"product_cat-tshirts","8":"product_tag-black","9":"product_tag-t-shirt","10":"product_tag-white","12":"first","13":"instock","14":"taxable","15":"shipping-taxable","16":"purchasable","17":"product-type-variable"},"jetpack_sharing_enabled":true,"_links":{"self":[{"href":"https:\/\/urban-clothingstore.com\/en\/wp-json\/wp\/v2\/product\/1537","targetHints":{"allow":["GET"]}}],"collection":[{"href":"https:\/\/urban-clothingstore.com\/en\/wp-json\/wp\/v2\/product"}],"about":[{"href":"https:\/\/urban-clothingstore.com\/en\/wp-json\/wp\/v2\/types\/product"}],"replies":[{"embeddable":true,"href":"https:\/\/urban-clothingstore.com\/en\/wp-json\/wp\/v2\/comments?post=1537"}],"wp:featuredmedia":[{"embeddable":true,"href":"https:\/\/urban-clothingstore.com\/en\/wp-json\/wp\/v2\/media\/1548"}],"wp:attachment":[{"href":"https:\/\/urban-clothingstore.com\/en\/wp-json\/wp\/v2\/media?parent=1537"}],"wp:term":[{"taxonomy":"product_brand","embeddable":true,"href":"https:\/\/urban-clothingstore.com\/en\/wp-json\/wp\/v2\/product_brand?post=1537"},{"taxonomy":"product_cat","embeddable":true,"href":"https:\/\/urban-clothingstore.com\/en\/wp-json\/wp\/v2\/product_cat?post=1537"},{"taxonomy":"product_tag","embeddable":true,"href":"https:\/\/urban-clothingstore.com\/en\/wp-json\/wp\/v2\/product_tag?post=1537"}],"curies":[{"name":"wp","href":"https:\/\/api.w.org\/{rel}","templated":true}]}}