{"id":15479,"date":"2026-03-27T12:55:42","date_gmt":"2026-03-27T12:55:42","guid":{"rendered":"https:\/\/urban-clothingstore.com\/?post_type=product&#038;p=15479"},"modified":"2026-03-29T21:51:06","modified_gmt":"2026-03-29T21:51:06","slug":"set-elegant-navy-brown-prestige","status":"publish","type":"product","link":"https:\/\/urban-clothingstore.com\/en\/product\/set-elegant-navy-brown-prestige\/","title":{"rendered":"Xhaket\u00eb Klasike Slim-Fit n\u00eb Ngjyr\u00eb Blu Navy \u2013 Stil Elegant &#038; Smart-Casual"},"content":{"rendered":"<div class=\"relative basis-auto flex-col -mb-(--composer-overlap-px) pb-(--composer-overlap-px) [--composer-overlap-px:28px] grow flex\">\n<div class=\"flex flex-col text-sm pb-25\">\n<section class=\"text-token-text-primary w-full focus:outline-none [--shadow-height:45px] has-data-writing-block:pointer-events-none has-data-writing-block:-mt-(--shadow-height) has-data-writing-block:pt-(--shadow-height) [&amp;:has([data-writing-block])&gt;*]:pointer-events-auto scroll-mt-[calc(var(--header-height)+min(200px,max(70px,20svh)))]\" dir=\"auto\" data-turn-id=\"request-WEB:e568d32c-64f6-4d0f-9f27-3a9994987b7d-3\" data-testid=\"conversation-turn-8\" data-scroll-anchor=\"true\" data-turn=\"assistant\">\n<div class=\"text-base my-auto mx-auto pb-10 [--thread-content-margin:var(--thread-content-margin-xs,calc(var(--spacing)*4))] @w-sm\/main:[--thread-content-margin:var(--thread-content-margin-sm,calc(var(--spacing)*6))] @w-lg\/main:[--thread-content-margin:var(--thread-content-margin-lg,calc(var(--spacing)*16))] px-(--thread-content-margin)\">\n<div class=\"[--thread-content-max-width:40rem] @w-lg\/main:[--thread-content-max-width:48rem] mx-auto max-w-(--thread-content-max-width) flex-1 group\/turn-messages focus-visible:outline-hidden relative flex w-full min-w-0 flex-col agent-turn\">\n<div class=\"flex max-w-full flex-col gap-4 grow\">\n<div class=\"min-h-8 text-message relative flex w-full flex-col items-end gap-2 text-start break-words whitespace-normal outline-none keyboard-focused:focus-ring [.text-message+&amp;]:mt-1\" dir=\"auto\" tabindex=\"0\" data-message-author-role=\"assistant\" data-message-id=\"1e75da2b-5d6b-4cc7-9e0a-b32b28fc2b5f\" data-message-model-slug=\"gpt-5-4-thinking\" data-turn-start-message=\"true\">\n<div class=\"flex w-full flex-col gap-1 empty:hidden\">\n<div class=\"markdown prose dark:prose-invert w-full wrap-break-word dark markdown-new-styling\">\n<p data-start=\"89\" data-end=\"487\">Kjo xhaket\u00eb n\u00eb ngjyr\u00eb blu navy \u00ebsht\u00eb zgjedhja ideale p\u00ebr nj\u00eb stil t\u00eb rafinuar dhe modern. Me prerje slim-fit dhe dizajn minimalist, ajo ofron nj\u00eb pamje t\u00eb past\u00ebr dhe shum\u00eb elegante. Xhepat e m\u00ebdhenj dhe jak\u00eb klasike i japin nj\u00eb prekje bashk\u00ebkohore, nd\u00ebrsa kombinimi me k\u00ebmish\u00eb dhe pantallona t\u00eb \u00e7el\u00ebta e b\u00ebn perfekte p\u00ebr \u00e7do rast \u2013 nga takime biznesi deri te daljet casual me stil.<\/p>\n<p data-start=\"489\" data-end=\"508\"><strong data-start=\"489\" data-end=\"506\">Key Features:<\/strong><\/p>\n<ul data-start=\"509\" data-end=\"943\">\n<li data-section-id=\"snzedp\" data-start=\"509\" data-end=\"578\"><strong data-start=\"511\" data-end=\"531\">Prerje Slim-Fit:<\/strong> P\u00ebrshtatje perfekte p\u00ebr nj\u00eb siluet\u00eb elegante<\/li>\n<li data-section-id=\"f50w1c\" data-start=\"579\" data-end=\"641\"><strong data-start=\"581\" data-end=\"601\">Ngjyr\u00eb Blu Navy:<\/strong> Klasike dhe leht\u00ebsisht e kombinueshme<\/li>\n<li data-section-id=\"h4gq1z\" data-start=\"642\" data-end=\"695\"><strong data-start=\"644\" data-end=\"666\">Dizajn Minimalist:<\/strong> Pamje e past\u00ebr dhe moderne<\/li>\n<li data-section-id=\"hqu7vu\" data-start=\"696\" data-end=\"754\"><strong data-start=\"698\" data-end=\"726\">Xhepa Funksional &amp; Stil:<\/strong> Detaj praktik dhe estetik<\/li>\n<li data-section-id=\"a9qa3t\" data-start=\"755\" data-end=\"811\"><strong data-start=\"757\" data-end=\"774\">Jak\u00eb Klasike:<\/strong> Jep eleganc\u00eb dhe struktur\u00eb look-ut<\/li>\n<li data-section-id=\"1435gc6\" data-start=\"812\" data-end=\"874\"><strong data-start=\"814\" data-end=\"835\">Material Cil\u00ebsor:<\/strong> Rehati dhe q\u00ebndrueshm\u00ebri gjat\u00eb dit\u00ebs<\/li>\n<li data-section-id=\"1snl924\" data-start=\"875\" data-end=\"943\"><strong data-start=\"877\" data-end=\"895\">Stil Versatil:<\/strong> Ideale p\u00ebr kombinime smart-casual dhe formale<\/li>\n<\/ul>\n<\/div>\n<\/div>\n<\/div>\n<\/div>\n<div class=\"z-0 flex min-h-[46px] justify-start\"><\/div>\n<div class=\"mt-3 w-full empty:hidden\">\n<div class=\"text-center\"><\/div>\n<\/div>\n<\/div>\n<\/div>\n<\/section>\n<\/div>\n<div class=\"pointer-events-none h-px w-px absolute bottom-0\" aria-hidden=\"true\" data-edge=\"true\"><\/div>\n<\/div>\n<div id=\"thread-bottom-container\" class=\"sticky bottom-0 z-10 group\/thread-bottom-container relative isolate w-full basis-auto has-data-has-thread-error:pt-2 has-data-has-thread-error:[box-shadow:var(--sharp-edge-bottom-shadow)] md:border-transparent md:pt-0 dark:border-white\/20 md:dark:border-transparent print:hidden content-fade single-line flex flex-col\">\n<div class=\"relative mx-auto h-0\">\n<div><\/div>\n<\/div>\n<div id=\"thread-bottom\">\n<div>\n<div class=\"text-base mx-auto [--thread-content-margin:var(--thread-content-margin-xs,calc(var(--spacing)*4))] @w-sm\/main:[--thread-content-margin:var(--thread-content-margin-sm,calc(var(--spacing)*6))] @w-lg\/main:[--thread-content-margin:var(--thread-content-margin-lg,calc(var(--spacing)*16))] px-(--thread-content-margin)\">\n<div class=\"[--thread-content-max-width:40rem] @w-lg\/main:[--thread-content-max-width:48rem] mx-auto max-w-(--thread-content-max-width) flex-1 mb-[var(--thread-component-gap,1rem)]\">\n<div class=\"flex justify-center empty:hidden\"><\/div>\n<div class=\"pointer-events-auto relative z-1 flex h-(--composer-container-height,100%) max-w-full flex-(--composer-container-flex,1) flex-col\">\n<div class=\"absolute start-0 end-0 bottom-full z-20\"><\/div>\n<form class=\"group\/composer w-full\" data-expanded=\"\" data-type=\"unified-composer\" aria-label=\"Chat with ChatGPT\" data-gtm-form-interact-id=\"0\" action=\"\">\n<div class=\"hidden\"><input id=\"upload-files\" tabindex=\"-1\" multiple=\"multiple\" type=\"file\" data-gtm-form-interact-field-id=\"0\" \/><\/div>\n<div class=\"\">\n<div class=\"bg-token-bg-primary corner-superellipse\/1.1 cursor-text overflow-clip bg-clip-padding p-2.5 contain-inline-size motion-safe:transition-colors motion-safe:duration-200 motion-safe:ease-in-out dark:bg-[#303030] grid grid-cols-[auto_1fr_auto] [grid-template-areas:'header_header_header'_'leading_primary_trailing'_'._footer_.'] group-data-expanded\/composer:[grid-template-areas:'header_header_header'_'primary_primary_primary'_'leading_footer_trailing'] shadow-short-composer\" data-composer-surface=\"true\">\n<div class=\"[grid-area:leading]\"><\/div>\n<div class=\"-my-2.5 flex min-h-14 items-center overflow-x-hidden px-1.5 [grid-area:primary] group-data-expanded\/composer:mb-0 group-data-expanded\/composer:px-2.5\">\n<div class=\"wcDTda_prosemirror-parent text-token-text-primary max-h-[max(30svh,5rem)] max-h-52 min-h-[var(--deep-research-composer-extra-height,unset)] flex-1 overflow-auto [scrollbar-width:thin] default-browser vertical-scroll-fade-mask\">\n<p><textarea class=\"wcDTda_fallbackTextarea\" name=\"prompt-textarea\" autofocus=\"\" placeholder=\"Ask anything\" aria-label=\"Chat with ChatGPT\" data-virtualkeyboard=\"true\"><\/textarea><\/p>\n<div id=\"prompt-textarea\" class=\"ProseMirror\" role=\"textbox\" contenteditable=\"true\" translate=\"no\" data-virtualkeyboard=\"true\" aria-multiline=\"true\" aria-label=\"Chat with ChatGPT\"><\/div>\n<\/div>\n<\/div>\n<\/div>\n<\/div>\n<input type=\"hidden\" name=\"trp-form-language\" value=\"en\"\/><\/form>\n<\/div>\n<\/div>\n<\/div>\n<\/div>\n<\/div>\n<\/div>","protected":false},"excerpt":{"rendered":"<p>Kjo xhaket\u00eb n\u00eb ngjyr\u00eb blu navy \u00ebsht\u00eb zgjedhja ideale p\u00ebr nj\u00eb stil t\u00eb rafinuar dhe modern. Me prerje slim-fit dhe dizajn minimalist, ajo ofron nj\u00eb pamje t\u00eb past\u00ebr dhe shum\u00eb elegante. Xhepat e m\u00ebdhenj dhe jak\u00eb klasike i japin nj\u00eb prekje bashk\u00ebkohore, nd\u00ebrsa kombinimi me k\u00ebmish\u00eb dhe pantallona t\u00eb \u00e7el\u00ebta e b\u00ebn perfekte p\u00ebr \u00e7do [&hellip;]<\/p>","protected":false},"featured_media":16112,"comment_status":"open","ping_status":"closed","template":"","meta":[],"product_brand":[],"product_cat":[701],"product_tag":[755,754,521],"class_list":{"0":"post-15479","1":"product","2":"type-product","3":"status-publish","4":"has-post-thumbnail","6":"product_cat-premium-elegant-sweater","7":"product_tag-premium-elegant-sweater","8":"product_tag-set-elegant-navy","9":"product_tag-slim-fit","11":"first","12":"instock","13":"taxable","14":"shipping-taxable","15":"purchasable","16":"product-type-variable"},"jetpack_sharing_enabled":true,"_links":{"self":[{"href":"https:\/\/urban-clothingstore.com\/en\/wp-json\/wp\/v2\/product\/15479","targetHints":{"allow":["GET"]}}],"collection":[{"href":"https:\/\/urban-clothingstore.com\/en\/wp-json\/wp\/v2\/product"}],"about":[{"href":"https:\/\/urban-clothingstore.com\/en\/wp-json\/wp\/v2\/types\/product"}],"replies":[{"embeddable":true,"href":"https:\/\/urban-clothingstore.com\/en\/wp-json\/wp\/v2\/comments?post=15479"}],"wp:featuredmedia":[{"embeddable":true,"href":"https:\/\/urban-clothingstore.com\/en\/wp-json\/wp\/v2\/media\/16112"}],"wp:attachment":[{"href":"https:\/\/urban-clothingstore.com\/en\/wp-json\/wp\/v2\/media?parent=15479"}],"wp:term":[{"taxonomy":"product_brand","embeddable":true,"href":"https:\/\/urban-clothingstore.com\/en\/wp-json\/wp\/v2\/product_brand?post=15479"},{"taxonomy":"product_cat","embeddable":true,"href":"https:\/\/urban-clothingstore.com\/en\/wp-json\/wp\/v2\/product_cat?post=15479"},{"taxonomy":"product_tag","embeddable":true,"href":"https:\/\/urban-clothingstore.com\/en\/wp-json\/wp\/v2\/product_tag?post=15479"}],"curies":[{"name":"wp","href":"https:\/\/api.w.org\/{rel}","templated":true}]}}