{"id":15529,"date":"2026-03-27T14:09:29","date_gmt":"2026-03-27T14:09:29","guid":{"rendered":"https:\/\/urban-clothingstore.com\/?post_type=product&#038;p=15529"},"modified":"2026-03-29T20:46:15","modified_gmt":"2026-03-29T20:46:15","slug":"black-leather-signature-jacket","status":"publish","type":"product","link":"https:\/\/urban-clothingstore.com\/en\/product\/black-leather-signature-jacket\/","title":{"rendered":"Black Leather Signature Jacket"},"content":{"rendered":"<p>Xhup premium p\u00ebr meshkuj i realizuar n\u00eb stil modern dhe elegant, me pamje t\u00eb past\u00ebr, prerje t\u00eb rregullt dhe prezenc\u00eb t\u00eb fuqishme vizuale. I punuar me efekt l\u00ebkure t\u00eb zez\u00eb dhe me detaje t\u00eb kuruara n\u00eb \u00e7do pjes\u00eb, ky model sjell nj\u00eb kombinim perfekt mes fines\u00ebs urbane dhe stilit luksoz. Dizajni me jak\u00eb klasike, mbyllje me zinxhir dhe vij\u00eb horizontale n\u00eb pjes\u00ebn e gjoksit i jep karakter t\u00eb ve\u00e7ant\u00eb, nd\u00ebrsa kombinimi me k\u00ebmish\u00eb t\u00eb zez\u00eb krijon nj\u00eb paraqitje all black shum\u00eb t\u00eb sofistikuar dhe mashkullore. Ideal p\u00ebr dalje, darka, evente dhe \u00e7do rast ku k\u00ebrkohet stil i fort\u00eb, modern dhe me prezenc\u00eb.<\/p>","protected":false},"excerpt":{"rendered":"<p>Xhup premium p\u00ebr meshkuj i realizuar n\u00eb stil modern dhe elegant, me pamje t\u00eb past\u00ebr, prerje t\u00eb rregullt dhe prezenc\u00eb t\u00eb fuqishme vizuale. I punuar me efekt l\u00ebkure t\u00eb zez\u00eb dhe me detaje t\u00eb kuruara n\u00eb \u00e7do pjes\u00eb, ky model sjell nj\u00eb kombinim perfekt mes fines\u00ebs urbane dhe stilit luksoz. Dizajni me jak\u00eb klasike, mbyllje [&hellip;]<\/p>","protected":false},"featured_media":16058,"comment_status":"open","ping_status":"closed","template":"","meta":[],"product_brand":[],"product_cat":[25],"product_tag":[756,696],"class_list":{"0":"post-15529","1":"product","2":"type-product","3":"status-publish","4":"has-post-thumbnail","6":"product_cat-jackets","7":"product_tag-black-leather-signature-jacket","8":"product_tag-urban-elite-jacket","10":"first","11":"instock","12":"taxable","13":"shipping-taxable","14":"purchasable","15":"product-type-variable"},"jetpack_sharing_enabled":true,"_links":{"self":[{"href":"https:\/\/urban-clothingstore.com\/en\/wp-json\/wp\/v2\/product\/15529","targetHints":{"allow":["GET"]}}],"collection":[{"href":"https:\/\/urban-clothingstore.com\/en\/wp-json\/wp\/v2\/product"}],"about":[{"href":"https:\/\/urban-clothingstore.com\/en\/wp-json\/wp\/v2\/types\/product"}],"replies":[{"embeddable":true,"href":"https:\/\/urban-clothingstore.com\/en\/wp-json\/wp\/v2\/comments?post=15529"}],"wp:featuredmedia":[{"embeddable":true,"href":"https:\/\/urban-clothingstore.com\/en\/wp-json\/wp\/v2\/media\/16058"}],"wp:attachment":[{"href":"https:\/\/urban-clothingstore.com\/en\/wp-json\/wp\/v2\/media?parent=15529"}],"wp:term":[{"taxonomy":"product_brand","embeddable":true,"href":"https:\/\/urban-clothingstore.com\/en\/wp-json\/wp\/v2\/product_brand?post=15529"},{"taxonomy":"product_cat","embeddable":true,"href":"https:\/\/urban-clothingstore.com\/en\/wp-json\/wp\/v2\/product_cat?post=15529"},{"taxonomy":"product_tag","embeddable":true,"href":"https:\/\/urban-clothingstore.com\/en\/wp-json\/wp\/v2\/product_tag?post=15529"}],"curies":[{"name":"wp","href":"https:\/\/api.w.org\/{rel}","templated":true}]}}