{"id":15538,"date":"2026-03-27T14:13:44","date_gmt":"2026-03-27T14:13:44","guid":{"rendered":"https:\/\/urban-clothingstore.com\/?post_type=product&#038;p=15538"},"modified":"2026-03-27T14:13:44","modified_gmt":"2026-03-27T14:13:44","slug":"black-minimal-leather-jacket","status":"publish","type":"product","link":"https:\/\/urban-clothingstore.com\/en\/product\/black-minimal-leather-jacket\/","title":{"rendered":"Black Minimal Leather Jacket"},"content":{"rendered":"<p>Xhup elegant p\u00ebr meshkuj me dizajn minimalist dhe pamje moderne, i krijuar p\u00ebr nj\u00eb stil t\u00eb past\u00ebr, t\u00eb fort\u00eb dhe leht\u00ebsisht t\u00eb kombinuesh\u00ebm. I realizuar n\u00eb ngjyr\u00eb t\u00eb zez\u00eb klasike me efekt l\u00ebkure premium, ky model dallohet p\u00ebr prerjen e rregullt, jak\u00ebn klasike dhe mbylljen frontale me zinxhir, duke ofruar nj\u00eb paraqitje t\u00eb sofistikuar dhe bashk\u00ebkohore. Linjat e pastra dhe p\u00ebrfundimi i l\u00ebmuar i japin xhupit nj\u00eb karakter urban luksoz, nd\u00ebrsa kombinimi me k\u00ebmish\u00eb t\u00eb zez\u00eb e b\u00ebn ideal p\u00ebr pamje all black me shum\u00eb prezenc\u00eb. Zgjedhje perfekte p\u00ebr dalje, darka, evente dhe \u00e7do rast ku k\u00ebrkohet eleganc\u00eb moderne me stil mashkullor.<\/p>","protected":false},"excerpt":{"rendered":"<p>Xhup elegant p\u00ebr meshkuj me dizajn minimalist dhe pamje moderne, i krijuar p\u00ebr nj\u00eb stil t\u00eb past\u00ebr, t\u00eb fort\u00eb dhe leht\u00ebsisht t\u00eb kombinuesh\u00ebm. I realizuar n\u00eb ngjyr\u00eb t\u00eb zez\u00eb klasike me efekt l\u00ebkure premium, ky model dallohet p\u00ebr prerjen e rregullt, jak\u00ebn klasike dhe mbylljen frontale me zinxhir, duke ofruar nj\u00eb paraqitje t\u00eb sofistikuar dhe [&hellip;]<\/p>","protected":false},"featured_media":15539,"comment_status":"open","ping_status":"closed","template":"","meta":[],"product_brand":[],"product_cat":[25],"product_tag":[757,758],"class_list":{"0":"post-15538","1":"product","2":"type-product","3":"status-publish","4":"has-post-thumbnail","6":"product_cat-jackets","7":"product_tag-black-minimal-leather-jacket","8":"product_tag-oversize-jacket","10":"first","11":"instock","12":"taxable","13":"shipping-taxable","14":"purchasable","15":"product-type-variable"},"jetpack_sharing_enabled":true,"_links":{"self":[{"href":"https:\/\/urban-clothingstore.com\/en\/wp-json\/wp\/v2\/product\/15538","targetHints":{"allow":["GET"]}}],"collection":[{"href":"https:\/\/urban-clothingstore.com\/en\/wp-json\/wp\/v2\/product"}],"about":[{"href":"https:\/\/urban-clothingstore.com\/en\/wp-json\/wp\/v2\/types\/product"}],"replies":[{"embeddable":true,"href":"https:\/\/urban-clothingstore.com\/en\/wp-json\/wp\/v2\/comments?post=15538"}],"wp:featuredmedia":[{"embeddable":true,"href":"https:\/\/urban-clothingstore.com\/en\/wp-json\/wp\/v2\/media\/15539"}],"wp:attachment":[{"href":"https:\/\/urban-clothingstore.com\/en\/wp-json\/wp\/v2\/media?parent=15538"}],"wp:term":[{"taxonomy":"product_brand","embeddable":true,"href":"https:\/\/urban-clothingstore.com\/en\/wp-json\/wp\/v2\/product_brand?post=15538"},{"taxonomy":"product_cat","embeddable":true,"href":"https:\/\/urban-clothingstore.com\/en\/wp-json\/wp\/v2\/product_cat?post=15538"},{"taxonomy":"product_tag","embeddable":true,"href":"https:\/\/urban-clothingstore.com\/en\/wp-json\/wp\/v2\/product_tag?post=15538"}],"curies":[{"name":"wp","href":"https:\/\/api.w.org\/{rel}","templated":true}]}}