{"id":15757,"date":"2026-03-27T23:04:45","date_gmt":"2026-03-27T23:04:45","guid":{"rendered":"https:\/\/urban-clothingstore.com\/?post_type=product&#038;p=15757"},"modified":"2026-03-27T23:04:45","modified_gmt":"2026-03-27T23:04:45","slug":"sako-beige-royal-double-breasted-premium","status":"publish","type":"product","link":"https:\/\/urban-clothingstore.com\/en\/product\/sako-beige-royal-double-breasted-premium\/","title":{"rendered":"Sako Beige Royal \u2013 Double Breasted Premium"},"content":{"rendered":"<div class=\"flex flex-col text-sm pb-25\">\n<section class=\"text-token-text-primary w-full focus:outline-none [--shadow-height:45px] has-data-writing-block:pointer-events-none has-data-writing-block:-mt-(--shadow-height) has-data-writing-block:pt-(--shadow-height) [&amp;:has([data-writing-block])&gt;*]:pointer-events-auto scroll-mt-[calc(var(--header-height)+min(200px,max(70px,20svh)))]\" dir=\"auto\" data-turn-id=\"request-WEB:35d58022-ab98-48c7-bca1-b23d691ac1ce-5\" data-testid=\"conversation-turn-12\" data-scroll-anchor=\"true\" data-turn=\"assistant\">\n<div class=\"text-base my-auto mx-auto pb-10 [--thread-content-margin:var(--thread-content-margin-xs,calc(var(--spacing)*4))] @w-sm\/main:[--thread-content-margin:var(--thread-content-margin-sm,calc(var(--spacing)*6))] @w-lg\/main:[--thread-content-margin:var(--thread-content-margin-lg,calc(var(--spacing)*16))] px-(--thread-content-margin)\">\n<div class=\"[--thread-content-max-width:40rem] @w-lg\/main:[--thread-content-max-width:48rem] mx-auto max-w-(--thread-content-max-width) flex-1 group\/turn-messages focus-visible:outline-hidden relative flex w-full min-w-0 flex-col agent-turn\">\n<div class=\"flex max-w-full flex-col gap-4 grow\">\n<div class=\"min-h-8 text-message relative flex w-full flex-col items-end gap-2 text-start break-words whitespace-normal outline-none keyboard-focused:focus-ring [.text-message+&amp;]:mt-1\" dir=\"auto\" tabindex=\"0\" data-message-author-role=\"assistant\" data-message-id=\"66076169-ab63-42f8-a4d5-79d1746ef913\" data-message-model-slug=\"gpt-5-3\" data-turn-start-message=\"true\">\n<div class=\"flex w-full flex-col gap-1 empty:hidden\">\n<div class=\"markdown prose dark:prose-invert w-full wrap-break-word dark markdown-new-styling\">\n<p data-start=\"59\" data-end=\"397\">Sako elegante n\u00eb ngjyr\u00eb bezh me prerje slim fit dhe dizajn double-breasted, e krijuar p\u00ebr mashkullin q\u00eb k\u00ebrkon t\u00eb duket me klas, stil dhe prezenc\u00eb luksoze. Nuanca bezh e kombinuar me k\u00ebmish\u00eb me vija baby blue dhe pantollona t\u00eb bardha krijon nj\u00eb pamje shum\u00eb t\u00eb past\u00ebr, t\u00eb shtrenjt\u00eb dhe perfekte p\u00ebr sezonin pranver\u00eb-ver\u00eb.<\/p>\n<p data-start=\"399\" data-end=\"644\">Materiali premium me tekstur\u00eb fine dhe prerja e ngusht\u00eb i japin sakos form\u00eb perfekte n\u00eb trup, nd\u00ebrsa detajet si pullat n\u00eb t\u00eb nj\u00ebjt\u00ebn ngjyr\u00eb, xhepat me kapak dhe shamia kafe e err\u00ebt n\u00eb xhep e b\u00ebjn\u00eb k\u00ebt\u00eb model t\u00eb duket ekskluziv dhe shum\u00eb elegant.<\/p>\n<p data-start=\"646\" data-end=\"763\">Ky kombinim \u00ebsht\u00eb ideal p\u00ebr dalje, darka, evente, pushime apo takime ku d\u00ebshiron t\u00eb dukesh ndryshe dhe me shum\u00eb stil.<\/p>\n<ul data-start=\"765\" data-end=\"1000\">\n<li data-section-id=\"14lqdad\" data-start=\"765\" data-end=\"788\">Ngjyr\u00eb bezh premium<\/li>\n<li data-section-id=\"ie2eiy\" data-start=\"789\" data-end=\"826\">Dizajn double-breasted me 6 pulla<\/li>\n<li data-section-id=\"muv7ag\" data-start=\"827\" data-end=\"854\">Prerje slim fit moderne<\/li>\n<li data-section-id=\"d2rmnq\" data-start=\"855\" data-end=\"893\">Material i leht\u00eb dhe shum\u00eb cil\u00ebsor<\/li>\n<li data-section-id=\"11jnnq5\" data-start=\"894\" data-end=\"962\">Kombinohet perfekt me k\u00ebmish\u00eb baby blue dhe pantollona t\u00eb bardha<\/li>\n<li data-section-id=\"596ow0\" data-start=\"963\" data-end=\"1000\">Stil \u201cold money\u201d dhe urban luxury<\/li>\n<\/ul>\n<p data-start=\"1002\" data-end=\"1092\" data-is-last-node=\"\" data-is-only-node=\"\">Nj\u00eb sako q\u00eb t\u00eb jep pamjen e nj\u00eb mashkulli me klas, vet\u00ebbesim dhe eleganc\u00eb n\u00eb nivel tjet\u00ebr.<\/p>\n<\/div>\n<\/div>\n<\/div>\n<\/div>\n<div class=\"z-0 flex min-h-[46px] justify-start\"><\/div>\n<div class=\"mt-3 w-full empty:hidden\">\n<div class=\"text-center\"><\/div>\n<\/div>\n<\/div>\n<\/div>\n<\/section>\n<\/div>\n<div class=\"pointer-events-none h-px w-px absolute bottom-0\" aria-hidden=\"true\" data-edge=\"true\"><\/div>","protected":false},"excerpt":{"rendered":"<p>Sako elegante n\u00eb ngjyr\u00eb bezh me prerje slim fit dhe dizajn double-breasted, e krijuar p\u00ebr mashkullin q\u00eb k\u00ebrkon t\u00eb duket me klas, stil dhe prezenc\u00eb luksoze. Nuanca bezh e kombinuar me k\u00ebmish\u00eb me vija baby blue dhe pantollona t\u00eb bardha krijon nj\u00eb pamje shum\u00eb t\u00eb past\u00ebr, t\u00eb shtrenjt\u00eb dhe perfekte p\u00ebr sezonin pranver\u00eb-ver\u00eb. Materiali premium [&hellip;]<\/p>","protected":false},"featured_media":15758,"comment_status":"open","ping_status":"closed","template":"","meta":[],"product_brand":[],"product_cat":[701],"product_tag":[760,335,536,668,57,312],"class_list":{"0":"post-15757","1":"product","2":"type-product","3":"status-publish","4":"has-post-thumbnail","6":"product_cat-premium-elegant-sweater","7":"product_tag-6-pullesh","8":"product_tag-elegante","9":"product_tag-moderne","10":"product_tag-per-meshkuj","11":"product_tag-slimfit","12":"product_tag-xhakete","14":"first","15":"instock","16":"taxable","17":"shipping-taxable","18":"purchasable","19":"product-type-variable"},"jetpack_sharing_enabled":true,"_links":{"self":[{"href":"https:\/\/urban-clothingstore.com\/en\/wp-json\/wp\/v2\/product\/15757","targetHints":{"allow":["GET"]}}],"collection":[{"href":"https:\/\/urban-clothingstore.com\/en\/wp-json\/wp\/v2\/product"}],"about":[{"href":"https:\/\/urban-clothingstore.com\/en\/wp-json\/wp\/v2\/types\/product"}],"replies":[{"embeddable":true,"href":"https:\/\/urban-clothingstore.com\/en\/wp-json\/wp\/v2\/comments?post=15757"}],"wp:featuredmedia":[{"embeddable":true,"href":"https:\/\/urban-clothingstore.com\/en\/wp-json\/wp\/v2\/media\/15758"}],"wp:attachment":[{"href":"https:\/\/urban-clothingstore.com\/en\/wp-json\/wp\/v2\/media?parent=15757"}],"wp:term":[{"taxonomy":"product_brand","embeddable":true,"href":"https:\/\/urban-clothingstore.com\/en\/wp-json\/wp\/v2\/product_brand?post=15757"},{"taxonomy":"product_cat","embeddable":true,"href":"https:\/\/urban-clothingstore.com\/en\/wp-json\/wp\/v2\/product_cat?post=15757"},{"taxonomy":"product_tag","embeddable":true,"href":"https:\/\/urban-clothingstore.com\/en\/wp-json\/wp\/v2\/product_tag?post=15757"}],"curies":[{"name":"wp","href":"https:\/\/api.w.org\/{rel}","templated":true}]}}