{"id":15786,"date":"2026-03-29T16:41:57","date_gmt":"2026-03-29T16:41:57","guid":{"rendered":"https:\/\/urban-clothingstore.com\/?post_type=product&#038;p=15786"},"modified":"2026-03-29T16:41:57","modified_gmt":"2026-03-29T16:41:57","slug":"kostum-elegant-double-breasted-ne-ngjyre-blu-te-lehte","status":"publish","type":"product","link":"https:\/\/urban-clothingstore.com\/en\/product\/kostum-elegant-double-breasted-ne-ngjyre-blu-te-lehte\/","title":{"rendered":"Kostum Elegant Double-Breasted n\u00eb Ngjyr\u00eb Blu t\u00eb Leht\u00eb"},"content":{"rendered":"<div class=\"flex flex-col text-sm pb-25\">\n<section class=\"text-token-text-primary w-full focus:outline-none [--shadow-height:45px] has-data-writing-block:pointer-events-none has-data-writing-block:-mt-(--shadow-height) has-data-writing-block:pt-(--shadow-height) [&amp;:has([data-writing-block])&gt;*]:pointer-events-auto scroll-mt-[calc(var(--header-height)+min(200px,max(70px,20svh)))]\" dir=\"auto\" data-turn-id=\"request-WEB:14089b82-3e02-4b24-9a34-86d299dc2494-1\" data-testid=\"conversation-turn-4\" data-scroll-anchor=\"true\" data-turn=\"assistant\">\n<div class=\"text-base my-auto mx-auto pb-10 [--thread-content-margin:var(--thread-content-margin-xs,calc(var(--spacing)*4))] @w-sm\/main:[--thread-content-margin:var(--thread-content-margin-sm,calc(var(--spacing)*6))] @w-lg\/main:[--thread-content-margin:var(--thread-content-margin-lg,calc(var(--spacing)*16))] px-(--thread-content-margin)\">\n<div class=\"[--thread-content-max-width:40rem] @w-lg\/main:[--thread-content-max-width:48rem] mx-auto max-w-(--thread-content-max-width) flex-1 group\/turn-messages focus-visible:outline-hidden relative flex w-full min-w-0 flex-col agent-turn\">\n<div class=\"flex max-w-full flex-col gap-4 grow\">\n<div class=\"min-h-8 text-message relative flex w-full flex-col items-end gap-2 text-start break-words whitespace-normal outline-none keyboard-focused:focus-ring [.text-message+&amp;]:mt-1\" dir=\"auto\" tabindex=\"0\" data-message-author-role=\"assistant\" data-message-id=\"0ee2b908-c234-4824-92d4-eecd81de79e0\" data-message-model-slug=\"gpt-5-3\" data-turn-start-message=\"true\">\n<div class=\"flex w-full flex-col gap-1 empty:hidden\">\n<div class=\"markdown prose dark:prose-invert w-full wrap-break-word light markdown-new-styling\">\n<p data-start=\"69\" data-end=\"312\">Nj\u00eb kostum modern dhe i rafinuar q\u00eb kombinon eleganc\u00ebn klasike me nj\u00eb estetik\u00eb bashk\u00ebkohore. Ngjyra blu e leht\u00eb i jep freski dhe dallueshm\u00ebri, duke e b\u00ebr\u00eb ideal p\u00ebr evente formale, takime biznesi apo dalje stilistike n\u00eb qytet.<\/p>\n<p data-start=\"314\" data-end=\"333\"><strong data-start=\"314\" data-end=\"331\">Key Features:<\/strong><\/p>\n<ul data-start=\"334\" data-end=\"942\">\n<li data-section-id=\"1i37nxw\" data-start=\"334\" data-end=\"427\"><strong data-start=\"336\" data-end=\"363\">Dizajn Double-Breasted:<\/strong> Xhaket\u00eb me gjasht\u00eb kopsa p\u00ebr nj\u00eb pamje klasike dhe autoritare<\/li>\n<li data-section-id=\"z26fuj\" data-start=\"428\" data-end=\"504\"><strong data-start=\"430\" data-end=\"450\">Prerje Slim-Fit:<\/strong> P\u00ebrshtatje perfekte q\u00eb thekson siluet\u00ebn mashkullore<\/li>\n<li data-section-id=\"h6gceb\" data-start=\"505\" data-end=\"587\"><strong data-start=\"507\" data-end=\"526\">Ngjyr\u00eb Premium:<\/strong> Blu e hapur p\u00ebr nj\u00eb look modern, t\u00eb fresk\u00ebt dhe t\u00eb ve\u00e7ant\u00eb<\/li>\n<li data-section-id=\"1xyh37k\" data-start=\"588\" data-end=\"672\"><strong data-start=\"590\" data-end=\"611\">Material Cil\u00ebsor:<\/strong> P\u00eblhur\u00eb e leht\u00eb dhe komode p\u00ebr p\u00ebrdorim gjat\u00eb gjith\u00eb dit\u00ebs<\/li>\n<li data-section-id=\"4rirpg\" data-start=\"673\" data-end=\"754\"><strong data-start=\"675\" data-end=\"695\">Detaje Elegante:<\/strong> Xhep me shami dekorative dhe kopsa metalike t\u00eb rafinuara<\/li>\n<li data-section-id=\"1vcqmyk\" data-start=\"755\" data-end=\"852\"><strong data-start=\"757\" data-end=\"782\">Versatilitet i Lart\u00eb:<\/strong> I p\u00ebrshtatsh\u00ebm p\u00ebr evente formale, biznes casual dhe raste speciale<\/li>\n<li data-section-id=\"1r2e5o7\" data-start=\"853\" data-end=\"942\"><strong data-start=\"855\" data-end=\"876\">Kombinim i Leht\u00eb:<\/strong> Harmonizohet leht\u00ebsisht me k\u00ebmisha t\u00eb bardha dhe k\u00ebpuc\u00eb klasike<\/li>\n<\/ul>\n<p data-start=\"944\" data-end=\"1045\" data-is-last-node=\"\" data-is-only-node=\"\">Nj\u00eb zgjedhje ideale p\u00ebr meshkujt q\u00eb k\u00ebrkojn\u00eb stil t\u00eb past\u00ebr, modern dhe profesional n\u00eb \u00e7do paraqitje.<\/p>\n<\/div>\n<\/div>\n<\/div>\n<\/div>\n<div class=\"z-0 flex min-h-[46px] justify-start\"><\/div>\n<div class=\"mt-3 w-full empty:hidden\">\n<div class=\"text-center\"><\/div>\n<\/div>\n<\/div>\n<\/div>\n<\/section>\n<\/div>\n<div class=\"pointer-events-none h-px w-px absolute bottom-0\" aria-hidden=\"true\" data-edge=\"true\"><\/div>","protected":false},"excerpt":{"rendered":"<p>Nj\u00eb kostum modern dhe i rafinuar q\u00eb kombinon eleganc\u00ebn klasike me nj\u00eb estetik\u00eb bashk\u00ebkohore. Ngjyra blu e leht\u00eb i jep freski dhe dallueshm\u00ebri, duke e b\u00ebr\u00eb ideal p\u00ebr evente formale, takime biznesi apo dalje stilistike n\u00eb qytet. Key Features: Dizajn Double-Breasted: Xhaket\u00eb me gjasht\u00eb kopsa p\u00ebr nj\u00eb pamje klasike dhe autoritare Prerje Slim-Fit: P\u00ebrshtatje perfekte [&hellip;]<\/p>","protected":false},"featured_media":15789,"comment_status":"open","ping_status":"closed","template":"","meta":[],"product_brand":[],"product_cat":[108],"product_tag":[765,766,80,673,761,668,57,767],"class_list":{"0":"post-15786","1":"product","2":"type-product","3":"status-publish","4":"has-post-thumbnail","6":"product_cat-suit","7":"product_tag-baby-blue","8":"product_tag-elegance","9":"product_tag-elegant","10":"product_tag-kostum","11":"product_tag-ngjyra","12":"product_tag-per-meshkuj","13":"product_tag-slimfit","14":"product_tag-stile","16":"first","17":"instock","18":"taxable","19":"shipping-taxable","20":"purchasable","21":"product-type-variable"},"jetpack_sharing_enabled":true,"_links":{"self":[{"href":"https:\/\/urban-clothingstore.com\/en\/wp-json\/wp\/v2\/product\/15786","targetHints":{"allow":["GET"]}}],"collection":[{"href":"https:\/\/urban-clothingstore.com\/en\/wp-json\/wp\/v2\/product"}],"about":[{"href":"https:\/\/urban-clothingstore.com\/en\/wp-json\/wp\/v2\/types\/product"}],"replies":[{"embeddable":true,"href":"https:\/\/urban-clothingstore.com\/en\/wp-json\/wp\/v2\/comments?post=15786"}],"wp:featuredmedia":[{"embeddable":true,"href":"https:\/\/urban-clothingstore.com\/en\/wp-json\/wp\/v2\/media\/15789"}],"wp:attachment":[{"href":"https:\/\/urban-clothingstore.com\/en\/wp-json\/wp\/v2\/media?parent=15786"}],"wp:term":[{"taxonomy":"product_brand","embeddable":true,"href":"https:\/\/urban-clothingstore.com\/en\/wp-json\/wp\/v2\/product_brand?post=15786"},{"taxonomy":"product_cat","embeddable":true,"href":"https:\/\/urban-clothingstore.com\/en\/wp-json\/wp\/v2\/product_cat?post=15786"},{"taxonomy":"product_tag","embeddable":true,"href":"https:\/\/urban-clothingstore.com\/en\/wp-json\/wp\/v2\/product_tag?post=15786"}],"curies":[{"name":"wp","href":"https:\/\/api.w.org\/{rel}","templated":true}]}}