{"id":15836,"date":"2026-03-29T17:36:32","date_gmt":"2026-03-29T17:36:32","guid":{"rendered":"https:\/\/urban-clothingstore.com\/?post_type=product&#038;p=15836"},"modified":"2026-03-29T17:36:33","modified_gmt":"2026-03-29T17:36:33","slug":"xhakete-double-breasted-ne-ngjyre-gri-elegance-moderne","status":"publish","type":"product","link":"https:\/\/urban-clothingstore.com\/en\/product\/xhakete-double-breasted-ne-ngjyre-gri-elegance-moderne\/","title":{"rendered":"Xhaket\u00eb Double-Breasted n\u00eb Ngjyr\u00eb Gri \u2013 Eleganc\u00eb Moderne"},"content":{"rendered":"<div class=\"flex flex-col text-sm pb-25\">\n<section class=\"text-token-text-primary w-full focus:outline-none [--shadow-height:45px] has-data-writing-block:pointer-events-none has-data-writing-block:-mt-(--shadow-height) has-data-writing-block:pt-(--shadow-height) [&amp;:has([data-writing-block])&gt;*]:pointer-events-auto scroll-mt-[calc(var(--header-height)+min(200px,max(70px,20svh)))]\" dir=\"auto\" data-turn-id=\"request-WEB:14089b82-3e02-4b24-9a34-86d299dc2494-5\" data-testid=\"conversation-turn-12\" data-scroll-anchor=\"true\" data-turn=\"assistant\">\n<div class=\"text-base my-auto mx-auto pb-10 [--thread-content-margin:var(--thread-content-margin-xs,calc(var(--spacing)*4))] @w-sm\/main:[--thread-content-margin:var(--thread-content-margin-sm,calc(var(--spacing)*6))] @w-lg\/main:[--thread-content-margin:var(--thread-content-margin-lg,calc(var(--spacing)*16))] px-(--thread-content-margin)\">\n<div class=\"[--thread-content-max-width:40rem] @w-lg\/main:[--thread-content-max-width:48rem] mx-auto max-w-(--thread-content-max-width) flex-1 group\/turn-messages focus-visible:outline-hidden relative flex w-full min-w-0 flex-col agent-turn\">\n<div class=\"flex max-w-full flex-col gap-4 grow\">\n<div class=\"min-h-8 text-message relative flex w-full flex-col items-end gap-2 text-start break-words whitespace-normal outline-none keyboard-focused:focus-ring [.text-message+&amp;]:mt-1\" dir=\"auto\" tabindex=\"0\" data-message-author-role=\"assistant\" data-message-id=\"add045c3-b806-42ea-bfdd-3a72beb4cd05\" data-message-model-slug=\"gpt-5-3\" data-turn-start-message=\"true\">\n<div class=\"flex w-full flex-col gap-1 empty:hidden\">\n<div class=\"markdown prose dark:prose-invert w-full wrap-break-word light markdown-new-styling\">\n<p data-start=\"72\" data-end=\"439\">Kjo xhaket\u00eb n\u00eb ngjyr\u00eb gri t\u00eb \u00e7el\u00ebt me dizajn double-breasted p\u00ebrfaq\u00ebson balanc\u00ebn perfekte mes stilit klasik dhe modern. Me nj\u00eb prerje t\u00eb past\u00ebr dhe detaje t\u00eb rafinuara, ajo ofron nj\u00eb paraqitje elegante dhe profesionale. Kombinimi me k\u00ebmish\u00eb t\u00eb zez\u00eb krijon kontrast t\u00eb fort\u00eb dhe nj\u00eb look t\u00eb sofistikuar, ideal p\u00ebr evente formale apo stil smart-casual.<\/p>\n<p data-start=\"441\" data-end=\"460\"><strong data-start=\"441\" data-end=\"458\">Key Features:<\/strong><\/p>\n<ul data-start=\"461\" data-end=\"1028\">\n<li data-section-id=\"1mtl5bn\" data-start=\"461\" data-end=\"551\"><strong data-start=\"463\" data-end=\"490\">Dizajn Double-Breasted:<\/strong> Struktur\u00eb klasike me kopsa metalike p\u00ebr nj\u00eb pamje elegante<\/li>\n<li data-section-id=\"vwyrkb\" data-start=\"552\" data-end=\"624\"><strong data-start=\"554\" data-end=\"577\">Ngjyr\u00eb Gri e \u00c7el\u00ebt:<\/strong> E past\u00ebr, versatile dhe e leht\u00eb p\u00ebr kombinim<\/li>\n<li data-section-id=\"10lmrqn\" data-start=\"625\" data-end=\"696\"><strong data-start=\"627\" data-end=\"647\">Prerje Slim-Fit:<\/strong> Thekson linjat trupore p\u00ebr nj\u00eb siluet\u00eb moderne<\/li>\n<li data-section-id=\"wf53vm\" data-start=\"697\" data-end=\"771\"><strong data-start=\"699\" data-end=\"718\">Detaje Premium:<\/strong> Xhep me shami t\u00eb zez\u00eb dhe p\u00ebrfundime t\u00eb kujdesshme<\/li>\n<li data-section-id=\"praah0\" data-start=\"772\" data-end=\"854\"><strong data-start=\"774\" data-end=\"795\">Material Cil\u00ebsor:<\/strong> I rehatsh\u00ebm dhe i q\u00ebndruesh\u00ebm p\u00ebr p\u00ebrdorim t\u00eb p\u00ebrditsh\u00ebm<\/li>\n<li data-section-id=\"1lp2syn\" data-start=\"855\" data-end=\"944\"><strong data-start=\"857\" data-end=\"880\">Kontrast Stilistik:<\/strong> Kombinohet perfekt me k\u00ebmisha t\u00eb err\u00ebta p\u00ebr nj\u00eb look t\u00eb fort\u00eb<\/li>\n<li data-section-id=\"1xfdl52\" data-start=\"945\" data-end=\"1028\"><strong data-start=\"947\" data-end=\"973\">P\u00ebrdorim i Shumansh\u00ebm:<\/strong> I p\u00ebrshtatsh\u00ebm p\u00ebr biznes, evente dhe dalje elegante<\/li>\n<\/ul>\n<p data-start=\"1030\" data-end=\"1132\" data-is-last-node=\"\" data-is-only-node=\"\">Nj\u00eb xhaket\u00eb ideale p\u00ebr meshkujt q\u00eb k\u00ebrkojn\u00eb nj\u00eb stil t\u00eb sofistikuar, t\u00eb past\u00ebr dhe gjithmon\u00eb n\u00eb trend.<\/p>\n<\/div>\n<\/div>\n<\/div>\n<\/div>\n<div class=\"z-0 flex min-h-[46px] justify-start\"><\/div>\n<div class=\"mt-3 w-full empty:hidden\">\n<div class=\"text-center\"><\/div>\n<\/div>\n<\/div>\n<\/div>\n<\/section>\n<\/div>\n<div class=\"pointer-events-none h-px w-px absolute bottom-0\" aria-hidden=\"true\" data-edge=\"true\"><\/div>","protected":false},"excerpt":{"rendered":"<p>Kjo xhaket\u00eb n\u00eb ngjyr\u00eb gri t\u00eb \u00e7el\u00ebt me dizajn double-breasted p\u00ebrfaq\u00ebson balanc\u00ebn perfekte mes stilit klasik dhe modern. Me nj\u00eb prerje t\u00eb past\u00ebr dhe detaje t\u00eb rafinuara, ajo ofron nj\u00eb paraqitje elegante dhe profesionale. Kombinimi me k\u00ebmish\u00eb t\u00eb zez\u00eb krijon kontrast t\u00eb fort\u00eb dhe nj\u00eb look t\u00eb sofistikuar, ideal p\u00ebr evente formale apo stil smart-casual. [&hellip;]<\/p>","protected":false},"featured_media":15837,"comment_status":"open","ping_status":"closed","template":"","meta":[],"product_brand":[],"product_cat":[701],"product_tag":[759,335,668,57,312],"class_list":{"0":"post-15836","1":"product","2":"type-product","3":"status-publish","4":"has-post-thumbnail","6":"product_cat-premium-elegant-sweater","7":"product_tag-6-pullshe","8":"product_tag-elegante","9":"product_tag-per-meshkuj","10":"product_tag-slimfit","11":"product_tag-xhakete","13":"first","14":"instock","15":"taxable","16":"shipping-taxable","17":"purchasable","18":"product-type-variable"},"jetpack_sharing_enabled":true,"_links":{"self":[{"href":"https:\/\/urban-clothingstore.com\/en\/wp-json\/wp\/v2\/product\/15836","targetHints":{"allow":["GET"]}}],"collection":[{"href":"https:\/\/urban-clothingstore.com\/en\/wp-json\/wp\/v2\/product"}],"about":[{"href":"https:\/\/urban-clothingstore.com\/en\/wp-json\/wp\/v2\/types\/product"}],"replies":[{"embeddable":true,"href":"https:\/\/urban-clothingstore.com\/en\/wp-json\/wp\/v2\/comments?post=15836"}],"wp:featuredmedia":[{"embeddable":true,"href":"https:\/\/urban-clothingstore.com\/en\/wp-json\/wp\/v2\/media\/15837"}],"wp:attachment":[{"href":"https:\/\/urban-clothingstore.com\/en\/wp-json\/wp\/v2\/media?parent=15836"}],"wp:term":[{"taxonomy":"product_brand","embeddable":true,"href":"https:\/\/urban-clothingstore.com\/en\/wp-json\/wp\/v2\/product_brand?post=15836"},{"taxonomy":"product_cat","embeddable":true,"href":"https:\/\/urban-clothingstore.com\/en\/wp-json\/wp\/v2\/product_cat?post=15836"},{"taxonomy":"product_tag","embeddable":true,"href":"https:\/\/urban-clothingstore.com\/en\/wp-json\/wp\/v2\/product_tag?post=15836"}],"curies":[{"name":"wp","href":"https:\/\/api.w.org\/{rel}","templated":true}]}}