{"id":15861,"date":"2026-03-29T17:54:44","date_gmt":"2026-03-29T17:54:44","guid":{"rendered":"https:\/\/urban-clothingstore.com\/?post_type=product&#038;p=15861"},"modified":"2026-03-29T17:54:44","modified_gmt":"2026-03-29T17:54:44","slug":"xhakete-double-breasted-ne-ngjyre-jeshile-olive-stil-modern-sofistikim","status":"publish","type":"product","link":"https:\/\/urban-clothingstore.com\/en\/product\/xhakete-double-breasted-ne-ngjyre-jeshile-olive-stil-modern-sofistikim\/","title":{"rendered":"Xhaket\u00eb Double-Breasted n\u00eb Ngjyr\u00eb Jeshile Olive \u2013 Stil Modern &#038; Sofistikim"},"content":{"rendered":"<div class=\"flex flex-col text-sm pb-25\">\n<section class=\"text-token-text-primary w-full focus:outline-none [--shadow-height:45px] has-data-writing-block:pointer-events-none has-data-writing-block:-mt-(--shadow-height) has-data-writing-block:pt-(--shadow-height) [&amp;:has([data-writing-block])&gt;*]:pointer-events-auto scroll-mt-[calc(var(--header-height)+min(200px,max(70px,20svh)))]\" dir=\"auto\" data-turn-id=\"request-WEB:14089b82-3e02-4b24-9a34-86d299dc2494-8\" data-testid=\"conversation-turn-18\" data-scroll-anchor=\"true\" data-turn=\"assistant\">\n<div class=\"text-base my-auto mx-auto pb-10 [--thread-content-margin:var(--thread-content-margin-xs,calc(var(--spacing)*4))] @w-sm\/main:[--thread-content-margin:var(--thread-content-margin-sm,calc(var(--spacing)*6))] @w-lg\/main:[--thread-content-margin:var(--thread-content-margin-lg,calc(var(--spacing)*16))] px-(--thread-content-margin)\">\n<div class=\"[--thread-content-max-width:40rem] @w-lg\/main:[--thread-content-max-width:48rem] mx-auto max-w-(--thread-content-max-width) flex-1 group\/turn-messages focus-visible:outline-hidden relative flex w-full min-w-0 flex-col agent-turn\">\n<div class=\"flex max-w-full flex-col gap-4 grow\">\n<div class=\"min-h-8 text-message relative flex w-full flex-col items-end gap-2 text-start break-words whitespace-normal outline-none keyboard-focused:focus-ring [.text-message+&amp;]:mt-1\" dir=\"auto\" tabindex=\"0\" data-message-author-role=\"assistant\" data-message-id=\"71bed0ff-7f51-47b9-ae93-693f182d4687\" data-message-model-slug=\"gpt-5-3\" data-turn-start-message=\"true\">\n<div class=\"flex w-full flex-col gap-1 empty:hidden\">\n<div class=\"markdown prose dark:prose-invert w-full wrap-break-word light markdown-new-styling\">\n<p data-start=\"90\" data-end=\"473\">Kjo xhaket\u00eb n\u00eb nuanc\u00eb jeshile olive p\u00ebrfaq\u00ebson nj\u00eb kombinim perfekt mes eleganc\u00ebs klasike dhe stilit modern urban. Dizajni double-breasted me kopsa t\u00eb theksuara krijon nj\u00eb struktur\u00eb t\u00eb fort\u00eb dhe t\u00eb rafinuar, nd\u00ebrsa ngjyra unike sjell freski dhe dallueshm\u00ebri n\u00eb \u00e7do paraqitje. E kombinuar me k\u00ebmish\u00eb t\u00eb bardh\u00eb, ofron nj\u00eb look t\u00eb past\u00ebr dhe shum\u00eb elegant p\u00ebr \u00e7do rast.<\/p>\n<p data-start=\"475\" data-end=\"494\"><strong data-start=\"475\" data-end=\"492\">Key Features:<\/strong><\/p>\n<ul data-start=\"495\" data-end=\"1044\">\n<li data-section-id=\"u2bply\" data-start=\"495\" data-end=\"581\"><strong data-start=\"497\" data-end=\"524\">Dizajn Double-Breasted:<\/strong> Struktur\u00eb klasike me prezenc\u00eb t\u00eb fuqishme dhe elegante<\/li>\n<li data-section-id=\"1v5tigu\" data-start=\"582\" data-end=\"656\"><strong data-start=\"584\" data-end=\"609\">Ngjyr\u00eb Jeshile Olive:<\/strong> Moderne, unike dhe leht\u00ebsisht e kombinueshme<\/li>\n<li data-section-id=\"1sojg5a\" data-start=\"657\" data-end=\"741\"><strong data-start=\"659\" data-end=\"679\">Prerje Slim-Fit:<\/strong> Thekson siluet\u00ebn p\u00ebr nj\u00eb pamje t\u00eb rregullt dhe bashk\u00ebkohore<\/li>\n<li data-section-id=\"15oh5hv\" data-start=\"742\" data-end=\"813\"><strong data-start=\"744\" data-end=\"767\">Kopsa Kontrastuese:<\/strong> Detaj q\u00eb shton karakter dhe stil t\u00eb ve\u00e7ant\u00eb<\/li>\n<li data-section-id=\"1e2nqs8\" data-start=\"814\" data-end=\"878\"><strong data-start=\"816\" data-end=\"835\">Detaje Premium:<\/strong> Xhep minimalist dhe p\u00ebrfundime t\u00eb pastra<\/li>\n<li data-section-id=\"xfethm\" data-start=\"879\" data-end=\"961\"><strong data-start=\"881\" data-end=\"902\">Material Cil\u00ebsor:<\/strong> Komod dhe i p\u00ebrshtatsh\u00ebm p\u00ebr p\u00ebrdorim gjat\u00eb gjith\u00eb dit\u00ebs<\/li>\n<li data-section-id=\"7yzpns\" data-start=\"962\" data-end=\"1044\"><strong data-start=\"964\" data-end=\"990\">P\u00ebrdorim i Shumansh\u00ebm:<\/strong> Ideale p\u00ebr biznes casual, evente dhe dalje elegante<\/li>\n<\/ul>\n<p data-start=\"1046\" data-end=\"1163\" data-is-last-node=\"\" data-is-only-node=\"\">Nj\u00eb zgjedhje perfekte p\u00ebr meshkujt q\u00eb k\u00ebrkojn\u00eb t\u00eb kombinojn\u00eb stilin modern me eleganc\u00ebn klasike n\u00eb m\u00ebnyr\u00eb t\u00eb ve\u00e7ant\u00eb.<\/p>\n<\/div>\n<\/div>\n<\/div>\n<\/div>\n<div class=\"z-0 flex min-h-[46px] justify-start\"><\/div>\n<div class=\"mt-3 w-full empty:hidden\">\n<div class=\"text-center\"><\/div>\n<\/div>\n<\/div>\n<\/div>\n<\/section>\n<\/div>\n<div class=\"pointer-events-none h-px w-px absolute bottom-0\" aria-hidden=\"true\" data-edge=\"true\"><\/div>","protected":false},"excerpt":{"rendered":"<p>Kjo xhaket\u00eb n\u00eb nuanc\u00eb jeshile olive p\u00ebrfaq\u00ebson nj\u00eb kombinim perfekt mes eleganc\u00ebs klasike dhe stilit modern urban. Dizajni double-breasted me kopsa t\u00eb theksuara krijon nj\u00eb struktur\u00eb t\u00eb fort\u00eb dhe t\u00eb rafinuar, nd\u00ebrsa ngjyra unike sjell freski dhe dallueshm\u00ebri n\u00eb \u00e7do paraqitje. E kombinuar me k\u00ebmish\u00eb t\u00eb bardh\u00eb, ofron nj\u00eb look t\u00eb past\u00ebr dhe shum\u00eb elegant [&hellip;]<\/p>","protected":false},"featured_media":15862,"comment_status":"open","ping_status":"closed","template":"","meta":[],"product_brand":[],"product_cat":[701],"product_tag":[759,335,668,57,312],"class_list":{"0":"post-15861","1":"product","2":"type-product","3":"status-publish","4":"has-post-thumbnail","6":"product_cat-premium-elegant-sweater","7":"product_tag-6-pullshe","8":"product_tag-elegante","9":"product_tag-per-meshkuj","10":"product_tag-slimfit","11":"product_tag-xhakete","13":"first","14":"instock","15":"taxable","16":"shipping-taxable","17":"purchasable","18":"product-type-variable"},"jetpack_sharing_enabled":true,"_links":{"self":[{"href":"https:\/\/urban-clothingstore.com\/en\/wp-json\/wp\/v2\/product\/15861","targetHints":{"allow":["GET"]}}],"collection":[{"href":"https:\/\/urban-clothingstore.com\/en\/wp-json\/wp\/v2\/product"}],"about":[{"href":"https:\/\/urban-clothingstore.com\/en\/wp-json\/wp\/v2\/types\/product"}],"replies":[{"embeddable":true,"href":"https:\/\/urban-clothingstore.com\/en\/wp-json\/wp\/v2\/comments?post=15861"}],"wp:featuredmedia":[{"embeddable":true,"href":"https:\/\/urban-clothingstore.com\/en\/wp-json\/wp\/v2\/media\/15862"}],"wp:attachment":[{"href":"https:\/\/urban-clothingstore.com\/en\/wp-json\/wp\/v2\/media?parent=15861"}],"wp:term":[{"taxonomy":"product_brand","embeddable":true,"href":"https:\/\/urban-clothingstore.com\/en\/wp-json\/wp\/v2\/product_brand?post=15861"},{"taxonomy":"product_cat","embeddable":true,"href":"https:\/\/urban-clothingstore.com\/en\/wp-json\/wp\/v2\/product_cat?post=15861"},{"taxonomy":"product_tag","embeddable":true,"href":"https:\/\/urban-clothingstore.com\/en\/wp-json\/wp\/v2\/product_tag?post=15861"}],"curies":[{"name":"wp","href":"https:\/\/api.w.org\/{rel}","templated":true}]}}