{"id":15885,"date":"2026-03-29T18:08:24","date_gmt":"2026-03-29T18:08:24","guid":{"rendered":"https:\/\/urban-clothingstore.com\/?post_type=product&#038;p=15885"},"modified":"2026-03-29T18:08:25","modified_gmt":"2026-03-29T18:08:25","slug":"xhakete-double-breasted-ne-ngjyre-navy-elegance-klasike-stil-premium","status":"publish","type":"product","link":"https:\/\/urban-clothingstore.com\/en\/product\/xhakete-double-breasted-ne-ngjyre-navy-elegance-klasike-stil-premium\/","title":{"rendered":"Xhaket\u00eb Double-Breasted n\u00eb Ngjyr\u00eb Navy \u2013 Eleganc\u00eb Klasike &#038; Stil Premium"},"content":{"rendered":"<div class=\"flex flex-col text-sm pb-25\">\n<section class=\"text-token-text-primary w-full focus:outline-none [--shadow-height:45px] has-data-writing-block:pointer-events-none has-data-writing-block:-mt-(--shadow-height) has-data-writing-block:pt-(--shadow-height) [&amp;:has([data-writing-block])&gt;*]:pointer-events-auto scroll-mt-[calc(var(--header-height)+min(200px,max(70px,20svh)))]\" dir=\"auto\" data-turn-id=\"request-WEB:14089b82-3e02-4b24-9a34-86d299dc2494-11\" data-testid=\"conversation-turn-24\" data-scroll-anchor=\"true\" data-turn=\"assistant\">\n<div class=\"text-base my-auto mx-auto pb-10 [--thread-content-margin:var(--thread-content-margin-xs,calc(var(--spacing)*4))] @w-sm\/main:[--thread-content-margin:var(--thread-content-margin-sm,calc(var(--spacing)*6))] @w-lg\/main:[--thread-content-margin:var(--thread-content-margin-lg,calc(var(--spacing)*16))] px-(--thread-content-margin)\">\n<div class=\"[--thread-content-max-width:40rem] @w-lg\/main:[--thread-content-max-width:48rem] mx-auto max-w-(--thread-content-max-width) flex-1 group\/turn-messages focus-visible:outline-hidden relative flex w-full min-w-0 flex-col agent-turn\">\n<div class=\"flex max-w-full flex-col gap-4 grow\">\n<div class=\"min-h-8 text-message relative flex w-full flex-col items-end gap-2 text-start break-words whitespace-normal outline-none keyboard-focused:focus-ring [.text-message+&amp;]:mt-1\" dir=\"auto\" tabindex=\"0\" data-message-author-role=\"assistant\" data-message-id=\"ae48439e-28d1-4aad-8e1b-a8d495444287\" data-message-model-slug=\"gpt-5-3\" data-turn-start-message=\"true\">\n<div class=\"flex w-full flex-col gap-1 empty:hidden\">\n<div class=\"markdown prose dark:prose-invert w-full wrap-break-word light markdown-new-styling\">\n<p data-start=\"88\" data-end=\"482\">Kjo xhaket\u00eb n\u00eb ngjyr\u00eb navy \u00ebsht\u00eb nj\u00eb zgjedhje perfekte p\u00ebr nj\u00eb stil elegant dhe t\u00eb p\u00ebrjetsh\u00ebm. Dizajni double-breasted i kombinuar me prerjen slim-fit krijon nj\u00eb siluet\u00eb t\u00eb past\u00ebr dhe autoritare, nd\u00ebrsa nuanca e thell\u00eb blu sjell klas dhe fines\u00eb. E kombinuar me k\u00ebmish\u00eb t\u00eb zez\u00eb, kjo xhaket\u00eb ofron nj\u00eb pamje moderne dhe shum\u00eb t\u00eb sofistikuar, ideale p\u00ebr evente formale dhe biznes.<\/p>\n<p data-start=\"484\" data-end=\"503\"><strong data-start=\"484\" data-end=\"501\">Key Features:<\/strong><\/p>\n<ul data-start=\"504\" data-end=\"1045\">\n<li data-section-id=\"1onrp5m\" data-start=\"504\" data-end=\"587\"><strong data-start=\"506\" data-end=\"533\">Dizajn Double-Breasted:<\/strong> Struktur\u00eb klasike me prezenc\u00eb t\u00eb fort\u00eb dhe elegante<\/li>\n<li data-section-id=\"1erjkny\" data-start=\"588\" data-end=\"659\"><strong data-start=\"590\" data-end=\"614\">Ngjyr\u00eb Navy Klasike:<\/strong> E rafinuar, moderne dhe gjithmon\u00eb n\u00eb trend<\/li>\n<li data-section-id=\"18fnn5b\" data-start=\"660\" data-end=\"744\"><strong data-start=\"662\" data-end=\"682\">Prerje Slim-Fit:<\/strong> Thekson siluet\u00ebn p\u00ebr nj\u00eb pamje t\u00eb rregullt dhe profesionale<\/li>\n<li data-section-id=\"2q8y7g\" data-start=\"745\" data-end=\"828\"><strong data-start=\"747\" data-end=\"774\">Look Elegant Kontrasti:<\/strong> Kombinim perfekt me k\u00ebmish\u00eb t\u00eb zez\u00eb p\u00ebr stil modern<\/li>\n<li data-section-id=\"7k3rg0\" data-start=\"829\" data-end=\"898\"><strong data-start=\"831\" data-end=\"854\">Detaje Minimaliste:<\/strong> Xhep i past\u00ebr dhe p\u00ebrfundime t\u00eb rafinuara<\/li>\n<li data-section-id=\"10qwoti\" data-start=\"899\" data-end=\"970\"><strong data-start=\"901\" data-end=\"922\">Material Cil\u00ebsor:<\/strong> Komod dhe i q\u00ebndruesh\u00ebm p\u00ebr p\u00ebrdorim t\u00eb gjat\u00eb<\/li>\n<li data-section-id=\"jfi5ms\" data-start=\"971\" data-end=\"1045\"><strong data-start=\"973\" data-end=\"999\">P\u00ebrdorim i Shumansh\u00ebm:<\/strong> Ideal p\u00ebr biznes, evente dhe dalje elegante<\/li>\n<\/ul>\n<p data-start=\"1047\" data-end=\"1139\" data-is-last-node=\"\" data-is-only-node=\"\">Nj\u00eb xhaket\u00eb q\u00eb reflekton profesionaliz\u00ebm, stil t\u00eb p\u00ebrjetsh\u00ebm dhe vet\u00ebbesim n\u00eb \u00e7do paraqitje.<\/p>\n<\/div>\n<\/div>\n<\/div>\n<\/div>\n<div class=\"z-0 flex min-h-[46px] justify-start\"><\/div>\n<div class=\"mt-3 w-full empty:hidden\">\n<div class=\"text-center\"><\/div>\n<\/div>\n<\/div>\n<\/div>\n<\/section>\n<\/div>\n<div class=\"pointer-events-none h-px w-px absolute bottom-0\" aria-hidden=\"true\" data-edge=\"true\"><\/div>","protected":false},"excerpt":{"rendered":"<p>Kjo xhaket\u00eb n\u00eb ngjyr\u00eb navy \u00ebsht\u00eb nj\u00eb zgjedhje perfekte p\u00ebr nj\u00eb stil elegant dhe t\u00eb p\u00ebrjetsh\u00ebm. Dizajni double-breasted i kombinuar me prerjen slim-fit krijon nj\u00eb siluet\u00eb t\u00eb past\u00ebr dhe autoritare, nd\u00ebrsa nuanca e thell\u00eb blu sjell klas dhe fines\u00eb. E kombinuar me k\u00ebmish\u00eb t\u00eb zez\u00eb, kjo xhaket\u00eb ofron nj\u00eb pamje moderne dhe shum\u00eb t\u00eb sofistikuar, [&hellip;]<\/p>","protected":false},"featured_media":15886,"comment_status":"open","ping_status":"closed","template":"","meta":[],"product_brand":[],"product_cat":[701],"product_tag":[759,335,668,57,312],"class_list":{"0":"post-15885","1":"product","2":"type-product","3":"status-publish","4":"has-post-thumbnail","6":"product_cat-premium-elegant-sweater","7":"product_tag-6-pullshe","8":"product_tag-elegante","9":"product_tag-per-meshkuj","10":"product_tag-slimfit","11":"product_tag-xhakete","13":"first","14":"instock","15":"taxable","16":"shipping-taxable","17":"purchasable","18":"product-type-variable"},"jetpack_sharing_enabled":true,"_links":{"self":[{"href":"https:\/\/urban-clothingstore.com\/en\/wp-json\/wp\/v2\/product\/15885","targetHints":{"allow":["GET"]}}],"collection":[{"href":"https:\/\/urban-clothingstore.com\/en\/wp-json\/wp\/v2\/product"}],"about":[{"href":"https:\/\/urban-clothingstore.com\/en\/wp-json\/wp\/v2\/types\/product"}],"replies":[{"embeddable":true,"href":"https:\/\/urban-clothingstore.com\/en\/wp-json\/wp\/v2\/comments?post=15885"}],"wp:featuredmedia":[{"embeddable":true,"href":"https:\/\/urban-clothingstore.com\/en\/wp-json\/wp\/v2\/media\/15886"}],"wp:attachment":[{"href":"https:\/\/urban-clothingstore.com\/en\/wp-json\/wp\/v2\/media?parent=15885"}],"wp:term":[{"taxonomy":"product_brand","embeddable":true,"href":"https:\/\/urban-clothingstore.com\/en\/wp-json\/wp\/v2\/product_brand?post=15885"},{"taxonomy":"product_cat","embeddable":true,"href":"https:\/\/urban-clothingstore.com\/en\/wp-json\/wp\/v2\/product_cat?post=15885"},{"taxonomy":"product_tag","embeddable":true,"href":"https:\/\/urban-clothingstore.com\/en\/wp-json\/wp\/v2\/product_tag?post=15885"}],"curies":[{"name":"wp","href":"https:\/\/api.w.org\/{rel}","templated":true}]}}