{"id":15934,"date":"2026-03-29T18:32:00","date_gmt":"2026-03-29T18:32:00","guid":{"rendered":"https:\/\/urban-clothingstore.com\/?post_type=product&#038;p=15934"},"modified":"2026-03-29T18:32:00","modified_gmt":"2026-03-29T18:32:00","slug":"xhakete-klasike-ne-ngjyre-jeshile-olive-stil-i-paster-modern","status":"publish","type":"product","link":"https:\/\/urban-clothingstore.com\/en\/product\/xhakete-klasike-ne-ngjyre-jeshile-olive-stil-i-paster-modern\/","title":{"rendered":"Xhaket\u00eb Klasike n\u00eb Ngjyr\u00eb Jeshile Olive \u2013 Stil i Past\u00ebr &#038; Modern"},"content":{"rendered":"<div class=\"flex flex-col text-sm pb-25\">\n<section class=\"text-token-text-primary w-full focus:outline-none [--shadow-height:45px] has-data-writing-block:pointer-events-none has-data-writing-block:-mt-(--shadow-height) has-data-writing-block:pt-(--shadow-height) [&amp;:has([data-writing-block])&gt;*]:pointer-events-auto scroll-mt-[calc(var(--header-height)+min(200px,max(70px,20svh)))]\" dir=\"auto\" data-turn-id=\"request-WEB:14089b82-3e02-4b24-9a34-86d299dc2494-17\" data-testid=\"conversation-turn-36\" data-scroll-anchor=\"true\" data-turn=\"assistant\">\n<div class=\"text-base my-auto mx-auto pb-10 [--thread-content-margin:var(--thread-content-margin-xs,calc(var(--spacing)*4))] @w-sm\/main:[--thread-content-margin:var(--thread-content-margin-sm,calc(var(--spacing)*6))] @w-lg\/main:[--thread-content-margin:var(--thread-content-margin-lg,calc(var(--spacing)*16))] px-(--thread-content-margin)\">\n<div class=\"[--thread-content-max-width:40rem] @w-lg\/main:[--thread-content-max-width:48rem] mx-auto max-w-(--thread-content-max-width) flex-1 group\/turn-messages focus-visible:outline-hidden relative flex w-full min-w-0 flex-col agent-turn\">\n<div class=\"flex max-w-full flex-col gap-4 grow\">\n<div class=\"min-h-8 text-message relative flex w-full flex-col items-end gap-2 text-start break-words whitespace-normal outline-none keyboard-focused:focus-ring [.text-message+&amp;]:mt-1\" dir=\"auto\" tabindex=\"0\" data-message-author-role=\"assistant\" data-message-id=\"5aa3f204-0bc8-4c8f-8d77-d639693631ea\" data-message-model-slug=\"gpt-5-3\" data-turn-start-message=\"true\">\n<div class=\"flex w-full flex-col gap-1 empty:hidden\">\n<div class=\"markdown prose dark:prose-invert w-full wrap-break-word light markdown-new-styling\">\n<p data-start=\"80\" data-end=\"448\">Kjo xhaket\u00eb n\u00eb ngjyr\u00eb jeshile olive p\u00ebrfaq\u00ebson nj\u00eb stil t\u00eb rafinuar dhe bashk\u00ebkohor, ideal p\u00ebr meshkujt q\u00eb k\u00ebrkojn\u00eb eleganc\u00eb me nj\u00eb prekje unike. Dizajni minimalist me nj\u00eb kop\u00ebs t\u00eb vet\u00ebm dhe prerja slim-fit krijojn\u00eb nj\u00eb siluet\u00eb t\u00eb past\u00ebr dhe moderne. Kombinimi me k\u00ebmish\u00eb t\u00eb bardh\u00eb ofron nj\u00eb kontrast elegant dhe t\u00eb balancuar, perfekt p\u00ebr \u00e7do ambient.<\/p>\n<p data-start=\"450\" data-end=\"469\"><strong data-start=\"450\" data-end=\"467\">Key Features:<\/strong><\/p>\n<ul data-start=\"470\" data-end=\"1045\">\n<li data-section-id=\"7vrn9q\" data-start=\"470\" data-end=\"552\"><strong data-start=\"472\" data-end=\"499\">Dizajn Single-Breasted:<\/strong> Stil minimalist me nj\u00eb kop\u00ebs p\u00ebr nj\u00eb pamje moderne<\/li>\n<li data-section-id=\"2typo7\" data-start=\"553\" data-end=\"632\"><strong data-start=\"555\" data-end=\"580\">Ngjyr\u00eb Jeshile Olive:<\/strong> Ton elegant dhe unik q\u00eb sjell freski dhe karakter<\/li>\n<li data-section-id=\"zc5tv0\" data-start=\"633\" data-end=\"721\"><strong data-start=\"635\" data-end=\"655\">Prerje Slim-Fit:<\/strong> Thekson siluet\u00ebn p\u00ebr nj\u00eb paraqitje t\u00eb rregullt dhe bashk\u00ebkohore<\/li>\n<li data-section-id=\"fjkn9n\" data-start=\"722\" data-end=\"796\"><strong data-start=\"724\" data-end=\"744\">Stil Minimalist:<\/strong> Linja t\u00eb pastra dhe fokus n\u00eb eleganc\u00eb t\u00eb thjesht\u00eb<\/li>\n<li data-section-id=\"jzna6u\" data-start=\"797\" data-end=\"885\"><strong data-start=\"799\" data-end=\"820\">Material Cil\u00ebsor:<\/strong> I rehatsh\u00ebm dhe i p\u00ebrshtatsh\u00ebm p\u00ebr p\u00ebrdorim gjat\u00eb gjith\u00eb dit\u00ebs<\/li>\n<li data-section-id=\"1pn7415\" data-start=\"886\" data-end=\"962\"><strong data-start=\"888\" data-end=\"909\">Kombinim i Leht\u00eb:<\/strong> Perfekte me k\u00ebmisha t\u00eb bardha, bezh\u00eb ose t\u00eb err\u00ebta<\/li>\n<li data-section-id=\"me8e0u\" data-start=\"963\" data-end=\"1045\"><strong data-start=\"965\" data-end=\"991\">P\u00ebrdorim i Shumansh\u00ebm:<\/strong> Ideale p\u00ebr biznes casual, takime dhe dalje elegante<\/li>\n<\/ul>\n<p data-start=\"1047\" data-end=\"1133\" data-is-last-node=\"\" data-is-only-node=\"\">Nj\u00eb xhaket\u00eb q\u00eb reflekton stil modern, eleganc\u00eb t\u00eb qet\u00eb dhe vet\u00ebbesim n\u00eb \u00e7do paraqitje.<\/p>\n<\/div>\n<\/div>\n<\/div>\n<\/div>\n<div class=\"z-0 flex min-h-[46px] justify-start\"><\/div>\n<div class=\"mt-3 w-full empty:hidden\">\n<div class=\"text-center\"><\/div>\n<\/div>\n<\/div>\n<\/div>\n<\/section>\n<\/div>\n<div class=\"pointer-events-none h-px w-px absolute bottom-0\" aria-hidden=\"true\" data-edge=\"true\"><\/div>","protected":false},"excerpt":{"rendered":"<p>Kjo xhaket\u00eb n\u00eb ngjyr\u00eb jeshile olive p\u00ebrfaq\u00ebson nj\u00eb stil t\u00eb rafinuar dhe bashk\u00ebkohor, ideal p\u00ebr meshkujt q\u00eb k\u00ebrkojn\u00eb eleganc\u00eb me nj\u00eb prekje unike. Dizajni minimalist me nj\u00eb kop\u00ebs t\u00eb vet\u00ebm dhe prerja slim-fit krijojn\u00eb nj\u00eb siluet\u00eb t\u00eb past\u00ebr dhe moderne. Kombinimi me k\u00ebmish\u00eb t\u00eb bardh\u00eb ofron nj\u00eb kontrast elegant dhe t\u00eb balancuar, perfekt p\u00ebr \u00e7do [&hellip;]<\/p>","protected":false},"featured_media":15935,"comment_status":"open","ping_status":"closed","template":"","meta":[],"product_brand":[],"product_cat":[701],"product_tag":[335,298,668,57,312],"class_list":{"0":"post-15934","1":"product","2":"type-product","3":"status-publish","4":"has-post-thumbnail","6":"product_cat-premium-elegant-sweater","7":"product_tag-elegante","8":"product_tag-klasike","9":"product_tag-per-meshkuj","10":"product_tag-slimfit","11":"product_tag-xhakete","13":"first","14":"instock","15":"taxable","16":"shipping-taxable","17":"purchasable","18":"product-type-variable"},"jetpack_sharing_enabled":true,"_links":{"self":[{"href":"https:\/\/urban-clothingstore.com\/en\/wp-json\/wp\/v2\/product\/15934","targetHints":{"allow":["GET"]}}],"collection":[{"href":"https:\/\/urban-clothingstore.com\/en\/wp-json\/wp\/v2\/product"}],"about":[{"href":"https:\/\/urban-clothingstore.com\/en\/wp-json\/wp\/v2\/types\/product"}],"replies":[{"embeddable":true,"href":"https:\/\/urban-clothingstore.com\/en\/wp-json\/wp\/v2\/comments?post=15934"}],"wp:featuredmedia":[{"embeddable":true,"href":"https:\/\/urban-clothingstore.com\/en\/wp-json\/wp\/v2\/media\/15935"}],"wp:attachment":[{"href":"https:\/\/urban-clothingstore.com\/en\/wp-json\/wp\/v2\/media?parent=15934"}],"wp:term":[{"taxonomy":"product_brand","embeddable":true,"href":"https:\/\/urban-clothingstore.com\/en\/wp-json\/wp\/v2\/product_brand?post=15934"},{"taxonomy":"product_cat","embeddable":true,"href":"https:\/\/urban-clothingstore.com\/en\/wp-json\/wp\/v2\/product_cat?post=15934"},{"taxonomy":"product_tag","embeddable":true,"href":"https:\/\/urban-clothingstore.com\/en\/wp-json\/wp\/v2\/product_tag?post=15934"}],"curies":[{"name":"wp","href":"https:\/\/api.w.org\/{rel}","templated":true}]}}