{"id":16006,"date":"2026-03-29T19:21:30","date_gmt":"2026-03-29T19:21:30","guid":{"rendered":"https:\/\/urban-clothingstore.com\/?post_type=product&#038;p=16006"},"modified":"2026-03-29T19:21:31","modified_gmt":"2026-03-29T19:21:31","slug":"pantallona-slim-fit-ne-ngjyre-gri-elegance-klasike-stil-i-paster","status":"publish","type":"product","link":"https:\/\/urban-clothingstore.com\/en\/product\/pantallona-slim-fit-ne-ngjyre-gri-elegance-klasike-stil-i-paster\/","title":{"rendered":"Pantallona Slim-Fit n\u00eb Ngjyr\u00eb Gri \u2013 Eleganc\u00eb Klasike &#038; Stil i Past\u00ebr"},"content":{"rendered":"<div class=\"flex flex-col text-sm pb-25\">\n<section class=\"text-token-text-primary w-full focus:outline-none [--shadow-height:45px] has-data-writing-block:pointer-events-none has-data-writing-block:-mt-(--shadow-height) has-data-writing-block:pt-(--shadow-height) [&amp;:has([data-writing-block])&gt;*]:pointer-events-auto scroll-mt-[calc(var(--header-height)+min(200px,max(70px,20svh)))]\" dir=\"auto\" data-turn-id=\"request-WEB:14089b82-3e02-4b24-9a34-86d299dc2494-24\" data-testid=\"conversation-turn-50\" data-scroll-anchor=\"true\" data-turn=\"assistant\">\n<div class=\"text-base my-auto mx-auto pb-10 [--thread-content-margin:var(--thread-content-margin-xs,calc(var(--spacing)*4))] @w-sm\/main:[--thread-content-margin:var(--thread-content-margin-sm,calc(var(--spacing)*6))] @w-lg\/main:[--thread-content-margin:var(--thread-content-margin-lg,calc(var(--spacing)*16))] px-(--thread-content-margin)\">\n<div class=\"[--thread-content-max-width:40rem] @w-lg\/main:[--thread-content-max-width:48rem] mx-auto max-w-(--thread-content-max-width) flex-1 group\/turn-messages focus-visible:outline-hidden relative flex w-full min-w-0 flex-col agent-turn\">\n<div class=\"flex max-w-full flex-col gap-4 grow\">\n<div class=\"min-h-8 text-message relative flex w-full flex-col items-end gap-2 text-start break-words whitespace-normal outline-none keyboard-focused:focus-ring [.text-message+&amp;]:mt-1\" dir=\"auto\" tabindex=\"0\" data-message-author-role=\"assistant\" data-message-id=\"62d37ada-ac55-4ac9-b8af-f39150070024\" data-message-model-slug=\"gpt-5-3\" data-turn-start-message=\"true\">\n<div class=\"flex w-full flex-col gap-1 empty:hidden\">\n<div class=\"markdown prose dark:prose-invert w-full wrap-break-word light markdown-new-styling\">\n<p data-start=\"84\" data-end=\"435\">K\u00ebto pantallona n\u00eb ngjyr\u00eb gri jan\u00eb nj\u00eb element esencial n\u00eb garderob\u00ebn e \u00e7do mashkulli modern. Me prerje slim-fit dhe gjat\u00ebsi t\u00eb p\u00ebrshtatur mbi ky\u00e7, ato ofrojn\u00eb nj\u00eb pamje elegante dhe t\u00eb rregullt. Ngjyra gri sjell balanc\u00eb mes formalitetit dhe stilit t\u00eb p\u00ebrditsh\u00ebm, nd\u00ebrsa detaji me zinxhir dekorativ shton nj\u00eb prekje moderne dhe unike.<\/p>\n<p data-start=\"437\" data-end=\"456\"><strong data-start=\"437\" data-end=\"454\">Key Features:<\/strong><\/p>\n<ul data-start=\"457\" data-end=\"987\">\n<li data-section-id=\"wu63g2\" data-start=\"457\" data-end=\"527\"><strong data-start=\"459\" data-end=\"479\">Prerje Slim-Fit:<\/strong> P\u00ebrshtatje perfekte q\u00eb thekson linjat trupore<\/li>\n<li data-section-id=\"1lp5l6l\" data-start=\"528\" data-end=\"599\"><strong data-start=\"530\" data-end=\"553\">Ngjyr\u00eb Gri Klasike:<\/strong> Elegante, neutrale dhe shum\u00eb e kombinueshme<\/li>\n<li data-section-id=\"1hbn85j\" data-start=\"600\" data-end=\"671\"><strong data-start=\"602\" data-end=\"623\">Detaj me Zinxhir:<\/strong> Element stilistik q\u00eb shton karakter dhe trend<\/li>\n<li data-section-id=\"3ukk68\" data-start=\"672\" data-end=\"736\"><strong data-start=\"674\" data-end=\"694\">Gjat\u00ebsi Moderne:<\/strong> Prerje mbi ky\u00e7 p\u00ebr nj\u00eb look bashk\u00ebkohor<\/li>\n<li data-section-id=\"1fprqfr\" data-start=\"737\" data-end=\"824\"><strong data-start=\"739\" data-end=\"760\">Material Cil\u00ebsor:<\/strong> I rehatsh\u00ebm dhe i q\u00ebndruesh\u00ebm p\u00ebr p\u00ebrdorim gjat\u00eb gjith\u00eb dit\u00ebs<\/li>\n<li data-section-id=\"1vzdh2o\" data-start=\"825\" data-end=\"906\"><strong data-start=\"827\" data-end=\"848\">Kombinim i Leht\u00eb:<\/strong> Perfekte me k\u00ebmisha t\u00eb bardha, blu apo xhaketa elegante<\/li>\n<li data-section-id=\"1l5p69e\" data-start=\"907\" data-end=\"987\"><strong data-start=\"909\" data-end=\"935\">P\u00ebrdorim i Shumansh\u00ebm:<\/strong> Ideale p\u00ebr biznes casual, evente dhe dalje urbane<\/li>\n<\/ul>\n<p data-start=\"989\" data-end=\"1088\" data-is-last-node=\"\" data-is-only-node=\"\">Nj\u00eb pal\u00eb pantallona q\u00eb reflektojn\u00eb stil t\u00eb rafinuar, eleganc\u00eb dhe profesionaliz\u00ebm n\u00eb \u00e7do paraqitje.<\/p>\n<\/div>\n<\/div>\n<\/div>\n<\/div>\n<div class=\"z-0 flex min-h-[46px] justify-start\"><\/div>\n<div class=\"mt-3 w-full empty:hidden\">\n<div class=\"text-center\"><\/div>\n<\/div>\n<\/div>\n<\/div>\n<\/section>\n<\/div>\n<div class=\"pointer-events-none h-px w-px absolute bottom-0\" aria-hidden=\"true\" data-edge=\"true\"><\/div>","protected":false},"excerpt":{"rendered":"<p>K\u00ebto pantallona n\u00eb ngjyr\u00eb gri jan\u00eb nj\u00eb element esencial n\u00eb garderob\u00ebn e \u00e7do mashkulli modern. Me prerje slim-fit dhe gjat\u00ebsi t\u00eb p\u00ebrshtatur mbi ky\u00e7, ato ofrojn\u00eb nj\u00eb pamje elegante dhe t\u00eb rregullt. Ngjyra gri sjell balanc\u00eb mes formalitetit dhe stilit t\u00eb p\u00ebrditsh\u00ebm, nd\u00ebrsa detaji me zinxhir dekorativ shton nj\u00eb prekje moderne dhe unike. Key Features: [&hellip;]<\/p>","protected":false},"featured_media":15962,"comment_status":"open","ping_status":"closed","template":"","meta":[],"product_brand":[],"product_cat":[58],"product_tag":[80,323,768,678,668,57],"class_list":{"0":"post-16006","1":"product","2":"type-product","3":"status-publish","4":"has-post-thumbnail","6":"product_cat-pants","7":"product_tag-elegant","8":"product_tag-hiri","9":"product_tag-ngjyre","10":"product_tag-pantollona","11":"product_tag-per-meshkuj","12":"product_tag-slimfit","14":"first","15":"instock","16":"taxable","17":"shipping-taxable","18":"purchasable","19":"product-type-variable"},"jetpack_sharing_enabled":true,"_links":{"self":[{"href":"https:\/\/urban-clothingstore.com\/en\/wp-json\/wp\/v2\/product\/16006","targetHints":{"allow":["GET"]}}],"collection":[{"href":"https:\/\/urban-clothingstore.com\/en\/wp-json\/wp\/v2\/product"}],"about":[{"href":"https:\/\/urban-clothingstore.com\/en\/wp-json\/wp\/v2\/types\/product"}],"replies":[{"embeddable":true,"href":"https:\/\/urban-clothingstore.com\/en\/wp-json\/wp\/v2\/comments?post=16006"}],"wp:featuredmedia":[{"embeddable":true,"href":"https:\/\/urban-clothingstore.com\/en\/wp-json\/wp\/v2\/media\/15962"}],"wp:attachment":[{"href":"https:\/\/urban-clothingstore.com\/en\/wp-json\/wp\/v2\/media?parent=16006"}],"wp:term":[{"taxonomy":"product_brand","embeddable":true,"href":"https:\/\/urban-clothingstore.com\/en\/wp-json\/wp\/v2\/product_brand?post=16006"},{"taxonomy":"product_cat","embeddable":true,"href":"https:\/\/urban-clothingstore.com\/en\/wp-json\/wp\/v2\/product_cat?post=16006"},{"taxonomy":"product_tag","embeddable":true,"href":"https:\/\/urban-clothingstore.com\/en\/wp-json\/wp\/v2\/product_tag?post=16006"}],"curies":[{"name":"wp","href":"https:\/\/api.w.org\/{rel}","templated":true}]}}