{"id":16014,"date":"2026-03-29T19:24:38","date_gmt":"2026-03-29T19:24:38","guid":{"rendered":"https:\/\/urban-clothingstore.com\/?post_type=product&#038;p=16014"},"modified":"2026-03-29T19:24:38","modified_gmt":"2026-03-29T19:24:38","slug":"pantallona-slim-fit-ne-ngjyre-te-zeze-elegance-klasike-stil-modern","status":"publish","type":"product","link":"https:\/\/urban-clothingstore.com\/en\/product\/pantallona-slim-fit-ne-ngjyre-te-zeze-elegance-klasike-stil-modern\/","title":{"rendered":"Pantallona Slim-Fit n\u00eb Ngjyr\u00eb t\u00eb Zez\u00eb \u2013 Eleganc\u00eb Klasike &#038; Stil Modern"},"content":{"rendered":"<div class=\"flex flex-col text-sm pb-25\">\n<section class=\"text-token-text-primary w-full focus:outline-none [--shadow-height:45px] has-data-writing-block:pointer-events-none has-data-writing-block:-mt-(--shadow-height) has-data-writing-block:pt-(--shadow-height) [&amp;:has([data-writing-block])&gt;*]:pointer-events-auto scroll-mt-[calc(var(--header-height)+min(200px,max(70px,20svh)))]\" dir=\"auto\" data-turn-id=\"request-WEB:14089b82-3e02-4b24-9a34-86d299dc2494-25\" data-testid=\"conversation-turn-52\" data-scroll-anchor=\"true\" data-turn=\"assistant\">\n<div class=\"text-base my-auto mx-auto pb-10 [--thread-content-margin:var(--thread-content-margin-xs,calc(var(--spacing)*4))] @w-sm\/main:[--thread-content-margin:var(--thread-content-margin-sm,calc(var(--spacing)*6))] @w-lg\/main:[--thread-content-margin:var(--thread-content-margin-lg,calc(var(--spacing)*16))] px-(--thread-content-margin)\">\n<div class=\"[--thread-content-max-width:40rem] @w-lg\/main:[--thread-content-max-width:48rem] mx-auto max-w-(--thread-content-max-width) flex-1 group\/turn-messages focus-visible:outline-hidden relative flex w-full min-w-0 flex-col agent-turn\">\n<div class=\"flex max-w-full flex-col gap-4 grow\">\n<div class=\"min-h-8 text-message relative flex w-full flex-col items-end gap-2 text-start break-words whitespace-normal outline-none keyboard-focused:focus-ring [.text-message+&amp;]:mt-1\" dir=\"auto\" tabindex=\"0\" data-message-author-role=\"assistant\" data-message-id=\"f1e485b4-5c6f-40f6-bd26-2e60308e955b\" data-message-model-slug=\"gpt-5-3\" data-turn-start-message=\"true\">\n<div class=\"flex w-full flex-col gap-1 empty:hidden\">\n<div class=\"markdown prose dark:prose-invert w-full wrap-break-word light markdown-new-styling\">\n<p data-start=\"86\" data-end=\"454\">K\u00ebto pantallona n\u00eb ngjyr\u00eb t\u00eb zez\u00eb jan\u00eb nj\u00eb element baz\u00eb dhe i domosdosh\u00ebm p\u00ebr \u00e7do garderob\u00eb mashkullore. Me prerje slim-fit dhe gjat\u00ebsi moderne mbi ky\u00e7, ato ofrojn\u00eb nj\u00eb pamje elegante, t\u00eb past\u00ebr dhe shum\u00eb profesionale. Detaji me zinxhir dekorativ shton nj\u00eb prekje moderne dhe trendi, duke i b\u00ebr\u00eb ideale si p\u00ebr evente formale ashtu edhe p\u00ebr stil urban.<\/p>\n<p data-start=\"456\" data-end=\"475\"><strong data-start=\"456\" data-end=\"473\">Key Features:<\/strong><\/p>\n<ul data-start=\"476\" data-end=\"1008\">\n<li data-section-id=\"wu63g2\" data-start=\"476\" data-end=\"546\"><strong data-start=\"478\" data-end=\"498\">Prerje Slim-Fit:<\/strong> P\u00ebrshtatje perfekte q\u00eb thekson linjat trupore<\/li>\n<li data-section-id=\"20xchv\" data-start=\"547\" data-end=\"621\"><strong data-start=\"549\" data-end=\"575\">Ngjyr\u00eb e Zez\u00eb Klasike:<\/strong> Universale, elegante dhe gjithmon\u00eb n\u00eb trend<\/li>\n<li data-section-id=\"5lbjlw\" data-start=\"622\" data-end=\"694\"><strong data-start=\"624\" data-end=\"645\">Detaj me Zinxhir:<\/strong> Element modern q\u00eb shton karakter dhe stil unik<\/li>\n<li data-section-id=\"fx6xyp\" data-start=\"695\" data-end=\"761\"><strong data-start=\"697\" data-end=\"717\">Gjat\u00ebsi Moderne:<\/strong> Prerje mbi ky\u00e7 p\u00ebr nj\u00eb pamje bashk\u00ebkohore<\/li>\n<li data-section-id=\"1fprqfr\" data-start=\"762\" data-end=\"849\"><strong data-start=\"764\" data-end=\"785\">Material Cil\u00ebsor:<\/strong> I rehatsh\u00ebm dhe i q\u00ebndruesh\u00ebm p\u00ebr p\u00ebrdorim gjat\u00eb gjith\u00eb dit\u00ebs<\/li>\n<li data-section-id=\"uhse0b\" data-start=\"850\" data-end=\"932\"><strong data-start=\"852\" data-end=\"873\">Kombinim i Leht\u00eb:<\/strong> Perfekte me \u00e7do lloj k\u00ebmishe, xhakete apo k\u00ebpuc\u00eb klasike<\/li>\n<li data-section-id=\"1enfup\" data-start=\"933\" data-end=\"1008\"><strong data-start=\"935\" data-end=\"961\">P\u00ebrdorim i Shumansh\u00ebm:<\/strong> Ideale p\u00ebr biznes, evente dhe dalje elegante<\/li>\n<\/ul>\n<p data-start=\"1010\" data-end=\"1099\" data-is-last-node=\"\" data-is-only-node=\"\">Nj\u00eb pal\u00eb pantallona q\u00eb reflektojn\u00eb stil t\u00eb p\u00ebrjetsh\u00ebm, eleganc\u00eb dhe vet\u00ebbesim n\u00eb \u00e7do hap.<\/p>\n<\/div>\n<\/div>\n<\/div>\n<\/div>\n<div class=\"z-0 flex min-h-[46px] justify-start\"><\/div>\n<div class=\"mt-3 w-full empty:hidden\">\n<div class=\"text-center\"><\/div>\n<\/div>\n<\/div>\n<\/div>\n<\/section>\n<\/div>\n<div class=\"pointer-events-none h-px w-px absolute bottom-0\" aria-hidden=\"true\" data-edge=\"true\"><\/div>","protected":false},"excerpt":{"rendered":"<p>K\u00ebto pantallona n\u00eb ngjyr\u00eb t\u00eb zez\u00eb jan\u00eb nj\u00eb element baz\u00eb dhe i domosdosh\u00ebm p\u00ebr \u00e7do garderob\u00eb mashkullore. Me prerje slim-fit dhe gjat\u00ebsi moderne mbi ky\u00e7, ato ofrojn\u00eb nj\u00eb pamje elegante, t\u00eb past\u00ebr dhe shum\u00eb profesionale. Detaji me zinxhir dekorativ shton nj\u00eb prekje moderne dhe trendi, duke i b\u00ebr\u00eb ideale si p\u00ebr evente formale ashtu edhe [&hellip;]<\/p>","protected":false},"featured_media":15965,"comment_status":"open","ping_status":"closed","template":"","meta":[],"product_brand":[],"product_cat":[58],"product_tag":[296,80,768,678,668,57],"class_list":{"0":"post-16014","1":"product","2":"type-product","3":"status-publish","4":"has-post-thumbnail","6":"product_cat-pants","7":"product_tag-e-zeze","8":"product_tag-elegant","9":"product_tag-ngjyre","10":"product_tag-pantollona","11":"product_tag-per-meshkuj","12":"product_tag-slimfit","14":"first","15":"instock","16":"taxable","17":"shipping-taxable","18":"purchasable","19":"product-type-variable"},"jetpack_sharing_enabled":true,"_links":{"self":[{"href":"https:\/\/urban-clothingstore.com\/en\/wp-json\/wp\/v2\/product\/16014","targetHints":{"allow":["GET"]}}],"collection":[{"href":"https:\/\/urban-clothingstore.com\/en\/wp-json\/wp\/v2\/product"}],"about":[{"href":"https:\/\/urban-clothingstore.com\/en\/wp-json\/wp\/v2\/types\/product"}],"replies":[{"embeddable":true,"href":"https:\/\/urban-clothingstore.com\/en\/wp-json\/wp\/v2\/comments?post=16014"}],"wp:featuredmedia":[{"embeddable":true,"href":"https:\/\/urban-clothingstore.com\/en\/wp-json\/wp\/v2\/media\/15965"}],"wp:attachment":[{"href":"https:\/\/urban-clothingstore.com\/en\/wp-json\/wp\/v2\/media?parent=16014"}],"wp:term":[{"taxonomy":"product_brand","embeddable":true,"href":"https:\/\/urban-clothingstore.com\/en\/wp-json\/wp\/v2\/product_brand?post=16014"},{"taxonomy":"product_cat","embeddable":true,"href":"https:\/\/urban-clothingstore.com\/en\/wp-json\/wp\/v2\/product_cat?post=16014"},{"taxonomy":"product_tag","embeddable":true,"href":"https:\/\/urban-clothingstore.com\/en\/wp-json\/wp\/v2\/product_tag?post=16014"}],"curies":[{"name":"wp","href":"https:\/\/api.w.org\/{rel}","templated":true}]}}