{"id":16068,"date":"2026-03-29T21:09:05","date_gmt":"2026-03-29T21:09:05","guid":{"rendered":"https:\/\/urban-clothingstore.com\/?post_type=product&#038;p=16068"},"modified":"2026-04-01T13:59:15","modified_gmt":"2026-04-01T13:59:15","slug":"jeans-slim-fit-ne-ngjyre-blu-e-celet-stil-casual-modern","status":"publish","type":"product","link":"https:\/\/urban-clothingstore.com\/en\/product\/jeans-slim-fit-ne-ngjyre-blu-e-celet-stil-casual-modern\/","title":{"rendered":"Jeans Slim-Fit n\u00eb Ngjyr\u00eb Blu e \u00c7el\u00ebt \u2013 Stil Casual &#038; Modern"},"content":{"rendered":"<p data-start=\"75\" data-end=\"389\">K\u00ebto jeans n\u00eb ngjyr\u00eb blu t\u00eb \u00e7el\u00ebt jan\u00eb zgjedhja perfekte p\u00ebr nj\u00eb stil casual, t\u00eb past\u00ebr dhe modern. Me efekt t\u00eb leht\u00eb \u201cwashed\u201d dhe prerje slim-fit, ato p\u00ebrshtaten bukur me trupin duke ofruar nj\u00eb look t\u00eb relaksuar por gjithmon\u00eb stil. Ideale p\u00ebr p\u00ebrditshm\u00ebri, kombinime t\u00eb lehta dhe dalje informale.<\/p>\n<p data-start=\"391\" data-end=\"410\"><strong data-start=\"391\" data-end=\"408\">Key Features:<\/strong><\/p>\n<ul data-start=\"411\" data-end=\"809\">\n<li data-section-id=\"19z2jun\" data-start=\"411\" data-end=\"473\"><strong data-start=\"413\" data-end=\"433\">Prerje Slim-Fit:<\/strong> P\u00ebrshtatje komode dhe stil i rregullt<\/li>\n<li data-section-id=\"e1k10h\" data-start=\"474\" data-end=\"539\"><strong data-start=\"476\" data-end=\"512\">Ngjyr\u00eb Blu e \u00c7el\u00ebt (Light Wash):<\/strong> Look i fresk\u00ebt dhe veror<\/li>\n<li data-section-id=\"1emfft0\" data-start=\"540\" data-end=\"597\"><strong data-start=\"542\" data-end=\"566\">Efekt i Leht\u00eb Faded:<\/strong> Jep karakter dhe stil modern<\/li>\n<li data-section-id=\"1dwal4t\" data-start=\"598\" data-end=\"666\"><strong data-start=\"600\" data-end=\"627\">Material Denim Cil\u00ebsor:<\/strong> Q\u00ebndrueshm\u00ebri dhe rehati gjat\u00eb dit\u00ebs<\/li>\n<li data-section-id=\"1cno2bt\" data-start=\"667\" data-end=\"732\"><strong data-start=\"669\" data-end=\"685\">Stil Casual:<\/strong> Perfekte p\u00ebr kombinim me t-shirt apo k\u00ebmish\u00eb<\/li>\n<li data-section-id=\"4kpd2\" data-start=\"733\" data-end=\"809\"><strong data-start=\"735\" data-end=\"761\">P\u00ebrdorim i P\u00ebrditsh\u00ebm:<\/strong> Ideale p\u00ebr qytet, sh\u00ebtitje apo dalje me miqt\u00eb<\/li>\n<li data-section-id=\"4kpd2\" data-start=\"733\" data-end=\"809\">Nj\u00eb \u201cmust-have\u201d n\u00eb garderob\u00ebn e \u00e7do mashkulli q\u00eb k\u00ebrkon stil t\u00eb thjesht\u00eb, t\u00eb fresk\u00ebt dhe modern.<\/li>\n<\/ul>","protected":false},"excerpt":{"rendered":"<p>K\u00ebto jeans n\u00eb ngjyr\u00eb blu t\u00eb \u00e7el\u00ebt jan\u00eb zgjedhja perfekte p\u00ebr nj\u00eb stil casual, t\u00eb past\u00ebr dhe modern. Me efekt t\u00eb leht\u00eb \u201cwashed\u201d dhe prerje slim-fit, ato p\u00ebrshtaten bukur me trupin duke ofruar nj\u00eb look t\u00eb relaksuar por gjithmon\u00eb stil. Ideale p\u00ebr p\u00ebrditshm\u00ebri, kombinime t\u00eb lehta dhe dalje informale. Key Features: Prerje Slim-Fit: P\u00ebrshtatje komode [&hellip;]<\/p>","protected":false},"featured_media":16069,"comment_status":"open","ping_status":"closed","template":"","meta":[],"product_brand":[],"product_cat":[27,702],"product_tag":[],"class_list":{"0":"post-16068","1":"product","2":"type-product","3":"status-publish","4":"has-post-thumbnail","6":"product_cat-jeans","7":"product_cat-premium-slim-fit-jeans","9":"first","10":"instock","11":"taxable","12":"shipping-taxable","13":"purchasable","14":"product-type-variable"},"jetpack_sharing_enabled":true,"_links":{"self":[{"href":"https:\/\/urban-clothingstore.com\/en\/wp-json\/wp\/v2\/product\/16068","targetHints":{"allow":["GET"]}}],"collection":[{"href":"https:\/\/urban-clothingstore.com\/en\/wp-json\/wp\/v2\/product"}],"about":[{"href":"https:\/\/urban-clothingstore.com\/en\/wp-json\/wp\/v2\/types\/product"}],"replies":[{"embeddable":true,"href":"https:\/\/urban-clothingstore.com\/en\/wp-json\/wp\/v2\/comments?post=16068"}],"wp:featuredmedia":[{"embeddable":true,"href":"https:\/\/urban-clothingstore.com\/en\/wp-json\/wp\/v2\/media\/16069"}],"wp:attachment":[{"href":"https:\/\/urban-clothingstore.com\/en\/wp-json\/wp\/v2\/media?parent=16068"}],"wp:term":[{"taxonomy":"product_brand","embeddable":true,"href":"https:\/\/urban-clothingstore.com\/en\/wp-json\/wp\/v2\/product_brand?post=16068"},{"taxonomy":"product_cat","embeddable":true,"href":"https:\/\/urban-clothingstore.com\/en\/wp-json\/wp\/v2\/product_cat?post=16068"},{"taxonomy":"product_tag","embeddable":true,"href":"https:\/\/urban-clothingstore.com\/en\/wp-json\/wp\/v2\/product_tag?post=16068"}],"curies":[{"name":"wp","href":"https:\/\/api.w.org\/{rel}","templated":true}]}}