{"id":16078,"date":"2026-03-29T21:13:22","date_gmt":"2026-03-29T21:13:22","guid":{"rendered":"https:\/\/urban-clothingstore.com\/?post_type=product&#038;p=16078"},"modified":"2026-04-01T13:58:55","modified_gmt":"2026-04-01T13:58:55","slug":"jeans-slim-fit-ne-ngjyre-blu-e-erret-stil-urban-elegant","status":"publish","type":"product","link":"https:\/\/urban-clothingstore.com\/en\/product\/jeans-slim-fit-ne-ngjyre-blu-e-erret-stil-urban-elegant\/","title":{"rendered":"Jeans Slim-Fit n\u00eb Ngjyr\u00eb Blu e Err\u00ebt \u2013 Stil Urban &#038; Elegant"},"content":{"rendered":"<div class=\"flex flex-col text-sm pb-25\">\n<section class=\"text-token-text-primary w-full focus:outline-none [--shadow-height:45px] has-data-writing-block:pointer-events-none has-data-writing-block:-mt-(--shadow-height) has-data-writing-block:pt-(--shadow-height) [&amp;:has([data-writing-block])&gt;*]:pointer-events-auto scroll-mt-[calc(var(--header-height)+min(200px,max(70px,20svh)))]\" dir=\"auto\" data-turn-id=\"request-WEB:14089b82-3e02-4b24-9a34-86d299dc2494-29\" data-testid=\"conversation-turn-60\" data-scroll-anchor=\"true\" data-turn=\"assistant\">\n<div class=\"text-base my-auto mx-auto pb-10 [--thread-content-margin:var(--thread-content-margin-xs,calc(var(--spacing)*4))] @w-sm\/main:[--thread-content-margin:var(--thread-content-margin-sm,calc(var(--spacing)*6))] @w-lg\/main:[--thread-content-margin:var(--thread-content-margin-lg,calc(var(--spacing)*16))] px-(--thread-content-margin)\">\n<div class=\"[--thread-content-max-width:40rem] @w-lg\/main:[--thread-content-max-width:48rem] mx-auto max-w-(--thread-content-max-width) flex-1 group\/turn-messages focus-visible:outline-hidden relative flex w-full min-w-0 flex-col agent-turn\">\n<div class=\"flex max-w-full flex-col gap-4 grow\">\n<div class=\"min-h-8 text-message relative flex w-full flex-col items-end gap-2 text-start break-words whitespace-normal outline-none keyboard-focused:focus-ring [.text-message+&amp;]:mt-1\" dir=\"auto\" tabindex=\"0\" data-message-author-role=\"assistant\" data-message-id=\"36c17cdb-0217-44d5-ac10-64c9e9a65c3a\" data-message-model-slug=\"gpt-5-3\" data-turn-start-message=\"true\">\n<div class=\"flex w-full flex-col gap-1 empty:hidden\">\n<div class=\"markdown prose dark:prose-invert w-full wrap-break-word light markdown-new-styling\">\n<p data-start=\"75\" data-end=\"423\">K\u00ebto jeans n\u00eb ngjyr\u00eb blu t\u00eb err\u00ebt jan\u00eb kombinimi ideal i stilit casual dhe eleganc\u00ebs moderne. Me efekt t\u00eb leht\u00eb faded dhe prerje slim-fit, ato ofrojn\u00eb nj\u00eb pamje t\u00eb past\u00ebr dhe mashkullore q\u00eb p\u00ebrshtatet leht\u00ebsisht si p\u00ebr p\u00ebrditshm\u00ebri ashtu edhe p\u00ebr dalje m\u00eb t\u00eb kuruara. Ngjyra e err\u00ebt i b\u00ebn shum\u00eb t\u00eb lehta p\u00ebr kombinim me \u00e7do veshje.<\/p>\n<p data-start=\"425\" data-end=\"444\"><strong data-start=\"425\" data-end=\"442\">Key Features:<\/strong><\/p>\n<ul data-start=\"445\" data-end=\"863\">\n<li data-section-id=\"1m7kgl5\" data-start=\"445\" data-end=\"509\"><strong data-start=\"447\" data-end=\"467\">Prerje Slim-Fit:<\/strong> P\u00ebrshtatje perfekte p\u00ebr nj\u00eb look modern<\/li>\n<li data-section-id=\"100oj3c\" data-start=\"510\" data-end=\"587\"><strong data-start=\"512\" data-end=\"547\">Ngjyr\u00eb Blu e Err\u00ebt (Dark Wash):<\/strong> Stil elegant dhe i leht\u00eb p\u00ebr kombinim<\/li>\n<li data-section-id=\"ke0uc1\" data-start=\"588\" data-end=\"644\"><strong data-start=\"590\" data-end=\"614\">Efekt Faded i Leht\u00eb:<\/strong> Jep karakter dhe stil urban<\/li>\n<li data-section-id=\"16daq8l\" data-start=\"645\" data-end=\"718\"><strong data-start=\"647\" data-end=\"674\">Material Denim Cil\u00ebsor:<\/strong> Rehati dhe q\u00ebndrueshm\u00ebri gjat\u00eb p\u00ebrdorimit<\/li>\n<li data-section-id=\"sdhu45\" data-start=\"719\" data-end=\"790\"><strong data-start=\"721\" data-end=\"739\">Stil Versatil:<\/strong> Kombinohet leht\u00eb me t-shirt, k\u00ebmish\u00eb apo xhaket\u00eb<\/li>\n<li data-section-id=\"ro14s3\" data-start=\"791\" data-end=\"863\"><strong data-start=\"793\" data-end=\"814\">P\u00ebrdorim i Gjer\u00eb:<\/strong> Ideale p\u00ebr p\u00ebrditshm\u00ebri dhe dalje casual-smart<\/li>\n<\/ul>\n<p data-start=\"865\" data-end=\"952\" data-is-last-node=\"\" data-is-only-node=\"\">Nj\u00eb zgjedhje perfekte p\u00ebr meshkujt q\u00eb duan t\u00eb duken t\u00eb stiluar pa b\u00ebr\u00eb shum\u00eb p\u00ebrpjekje.<\/p>\n<\/div>\n<\/div>\n<\/div>\n<\/div>\n<div class=\"z-0 flex min-h-[46px] justify-start\"><\/div>\n<div class=\"mt-3 w-full empty:hidden\">\n<div class=\"text-center\"><\/div>\n<\/div>\n<\/div>\n<\/div>\n<\/section>\n<\/div>\n<div class=\"pointer-events-none h-px w-px absolute bottom-0\" aria-hidden=\"true\" data-edge=\"true\"><\/div>","protected":false},"excerpt":{"rendered":"<p>K\u00ebto jeans n\u00eb ngjyr\u00eb blu t\u00eb err\u00ebt jan\u00eb kombinimi ideal i stilit casual dhe eleganc\u00ebs moderne. Me efekt t\u00eb leht\u00eb faded dhe prerje slim-fit, ato ofrojn\u00eb nj\u00eb pamje t\u00eb past\u00ebr dhe mashkullore q\u00eb p\u00ebrshtatet leht\u00ebsisht si p\u00ebr p\u00ebrditshm\u00ebri ashtu edhe p\u00ebr dalje m\u00eb t\u00eb kuruara. Ngjyra e err\u00ebt i b\u00ebn shum\u00eb t\u00eb lehta p\u00ebr kombinim [&hellip;]<\/p>","protected":false},"featured_media":16089,"comment_status":"open","ping_status":"closed","template":"","meta":[],"product_brand":[],"product_cat":[27,702],"product_tag":[448,774,775],"class_list":{"0":"post-16078","1":"product","2":"type-product","3":"status-publish","4":"has-post-thumbnail","6":"product_cat-jeans","7":"product_cat-premium-slim-fit-jeans","8":"product_tag-jeans-slim-fit","9":"product_tag-ngjyre-blu-e-erret","10":"product_tag-stil-urban-elegant","12":"first","13":"instock","14":"taxable","15":"shipping-taxable","16":"purchasable","17":"product-type-variable"},"jetpack_sharing_enabled":true,"_links":{"self":[{"href":"https:\/\/urban-clothingstore.com\/en\/wp-json\/wp\/v2\/product\/16078","targetHints":{"allow":["GET"]}}],"collection":[{"href":"https:\/\/urban-clothingstore.com\/en\/wp-json\/wp\/v2\/product"}],"about":[{"href":"https:\/\/urban-clothingstore.com\/en\/wp-json\/wp\/v2\/types\/product"}],"replies":[{"embeddable":true,"href":"https:\/\/urban-clothingstore.com\/en\/wp-json\/wp\/v2\/comments?post=16078"}],"wp:featuredmedia":[{"embeddable":true,"href":"https:\/\/urban-clothingstore.com\/en\/wp-json\/wp\/v2\/media\/16089"}],"wp:attachment":[{"href":"https:\/\/urban-clothingstore.com\/en\/wp-json\/wp\/v2\/media?parent=16078"}],"wp:term":[{"taxonomy":"product_brand","embeddable":true,"href":"https:\/\/urban-clothingstore.com\/en\/wp-json\/wp\/v2\/product_brand?post=16078"},{"taxonomy":"product_cat","embeddable":true,"href":"https:\/\/urban-clothingstore.com\/en\/wp-json\/wp\/v2\/product_cat?post=16078"},{"taxonomy":"product_tag","embeddable":true,"href":"https:\/\/urban-clothingstore.com\/en\/wp-json\/wp\/v2\/product_tag?post=16078"}],"curies":[{"name":"wp","href":"https:\/\/api.w.org\/{rel}","templated":true}]}}