{"id":16091,"date":"2026-03-29T21:19:47","date_gmt":"2026-03-29T21:19:47","guid":{"rendered":"https:\/\/urban-clothingstore.com\/?post_type=product&#038;p=16091"},"modified":"2026-04-01T13:58:32","modified_gmt":"2026-04-01T13:58:32","slug":"jeans-slim-fit-ne-ngjyre-blu-klasike-stil-casual-i-rafinuar","status":"publish","type":"product","link":"https:\/\/urban-clothingstore.com\/en\/product\/jeans-slim-fit-ne-ngjyre-blu-klasike-stil-casual-i-rafinuar\/","title":{"rendered":"Jeans Slim-Fit n\u00eb Ngjyr\u00eb Blu Klasike \u2013 Stil Casual &#038; i Rafinuar"},"content":{"rendered":"<p data-start=\"79\" data-end=\"391\">K\u00ebto jeans n\u00eb ngjyr\u00eb blu klasike jan\u00eb nj\u00eb kombinim perfekt mes stilit t\u00eb p\u00ebrditsh\u00ebm dhe eleganc\u00ebs s\u00eb thjesht\u00eb. Me nj\u00eb efekt t\u00eb leht\u00eb faded dhe prerje slim-fit, ato krijojn\u00eb nj\u00eb pamje moderne dhe t\u00eb past\u00ebr q\u00eb p\u00ebrshtatet n\u00eb \u00e7do situat\u00eb. Ideale p\u00ebr meshkujt q\u00eb k\u00ebrkojn\u00eb rehati pa kompromis n\u00eb stil.<\/p>\n<p data-start=\"393\" data-end=\"412\"><strong data-start=\"393\" data-end=\"410\">Key Features:<\/strong><\/p>\n<ul data-start=\"413\" data-end=\"814\">\n<li data-section-id=\"pf83dl\" data-start=\"413\" data-end=\"476\"><strong data-start=\"415\" data-end=\"435\">Prerje Slim-Fit:<\/strong> P\u00ebrshtatje e bukur p\u00ebr nj\u00eb look modern<\/li>\n<li data-section-id=\"xawaht\" data-start=\"477\" data-end=\"539\"><strong data-start=\"479\" data-end=\"502\">Ngjyr\u00eb Blu Klasike:<\/strong> E leht\u00eb p\u00ebr kombinim me \u00e7do veshje<\/li>\n<li data-section-id=\"wb7hax\" data-start=\"540\" data-end=\"594\"><strong data-start=\"542\" data-end=\"570\">Efekt Faded i Balancuar:<\/strong> Jep stil pa e tepruar<\/li>\n<li data-section-id=\"1mxchhs\" data-start=\"595\" data-end=\"666\"><strong data-start=\"597\" data-end=\"624\">Material Denim Cil\u00ebsor:<\/strong> Komoditet dhe q\u00ebndrueshm\u00ebri gjat\u00eb dit\u00ebs<\/li>\n<li data-section-id=\"1xzun0t\" data-start=\"667\" data-end=\"741\"><strong data-start=\"669\" data-end=\"692\">Stil i Gjithansh\u00ebm:<\/strong> Kombinohet leht\u00eb me atlete, k\u00ebpuc\u00eb apo xhaket\u00eb<\/li>\n<li data-section-id=\"rahflx\" data-start=\"742\" data-end=\"814\"><strong data-start=\"744\" data-end=\"770\">P\u00ebrdorim i P\u00ebrditsh\u00ebm:<\/strong> Perfekte p\u00ebr qytet, pun\u00eb apo dalje casual<\/li>\n<\/ul>\n<p data-start=\"816\" data-end=\"879\" data-is-last-node=\"\" data-is-only-node=\"\">Nj\u00eb pal\u00eb jeans esenciale p\u00ebr garderob\u00ebn e \u00e7do mashkulli modern.<\/p>","protected":false},"excerpt":{"rendered":"<p>K\u00ebto jeans n\u00eb ngjyr\u00eb blu klasike jan\u00eb nj\u00eb kombinim perfekt mes stilit t\u00eb p\u00ebrditsh\u00ebm dhe eleganc\u00ebs s\u00eb thjesht\u00eb. Me nj\u00eb efekt t\u00eb leht\u00eb faded dhe prerje slim-fit, ato krijojn\u00eb nj\u00eb pamje moderne dhe t\u00eb past\u00ebr q\u00eb p\u00ebrshtatet n\u00eb \u00e7do situat\u00eb. Ideale p\u00ebr meshkujt q\u00eb k\u00ebrkojn\u00eb rehati pa kompromis n\u00eb stil. Key Features: Prerje Slim-Fit: P\u00ebrshtatje [&hellip;]<\/p>","protected":false},"featured_media":16092,"comment_status":"open","ping_status":"closed","template":"","meta":[],"product_brand":[],"product_cat":[27,702],"product_tag":[448,776,777],"class_list":{"0":"post-16091","1":"product","2":"type-product","3":"status-publish","4":"has-post-thumbnail","6":"product_cat-jeans","7":"product_cat-premium-slim-fit-jeans","8":"product_tag-jeans-slim-fit","9":"product_tag-ngjyre-blu-klasike","10":"product_tag-stil-casual-i-rafinuar","12":"first","13":"instock","14":"taxable","15":"shipping-taxable","16":"purchasable","17":"product-type-variable"},"jetpack_sharing_enabled":true,"_links":{"self":[{"href":"https:\/\/urban-clothingstore.com\/en\/wp-json\/wp\/v2\/product\/16091","targetHints":{"allow":["GET"]}}],"collection":[{"href":"https:\/\/urban-clothingstore.com\/en\/wp-json\/wp\/v2\/product"}],"about":[{"href":"https:\/\/urban-clothingstore.com\/en\/wp-json\/wp\/v2\/types\/product"}],"replies":[{"embeddable":true,"href":"https:\/\/urban-clothingstore.com\/en\/wp-json\/wp\/v2\/comments?post=16091"}],"wp:featuredmedia":[{"embeddable":true,"href":"https:\/\/urban-clothingstore.com\/en\/wp-json\/wp\/v2\/media\/16092"}],"wp:attachment":[{"href":"https:\/\/urban-clothingstore.com\/en\/wp-json\/wp\/v2\/media?parent=16091"}],"wp:term":[{"taxonomy":"product_brand","embeddable":true,"href":"https:\/\/urban-clothingstore.com\/en\/wp-json\/wp\/v2\/product_brand?post=16091"},{"taxonomy":"product_cat","embeddable":true,"href":"https:\/\/urban-clothingstore.com\/en\/wp-json\/wp\/v2\/product_cat?post=16091"},{"taxonomy":"product_tag","embeddable":true,"href":"https:\/\/urban-clothingstore.com\/en\/wp-json\/wp\/v2\/product_tag?post=16091"}],"curies":[{"name":"wp","href":"https:\/\/api.w.org\/{rel}","templated":true}]}}