{"id":16100,"date":"2026-03-29T21:25:06","date_gmt":"2026-03-29T21:25:06","guid":{"rendered":"https:\/\/urban-clothingstore.com\/?post_type=product&#038;p=16100"},"modified":"2026-04-01T13:58:01","modified_gmt":"2026-04-01T13:58:01","slug":"jeans-slim-fit-ne-ngjyre-blu-shume-e-erret-stil-minimal-elegant","status":"publish","type":"product","link":"https:\/\/urban-clothingstore.com\/en\/product\/jeans-slim-fit-ne-ngjyre-blu-shume-e-erret-stil-minimal-elegant\/","title":{"rendered":"Jeans Slim-Fit n\u00eb Ngjyr\u00eb Blu Shum\u00eb e Err\u00ebt \u2013 Stil Minimal &#038; Elegant"},"content":{"rendered":"<div class=\"flex flex-col text-sm pb-25\">\n<section class=\"text-token-text-primary w-full focus:outline-none [--shadow-height:45px] has-data-writing-block:pointer-events-none has-data-writing-block:-mt-(--shadow-height) has-data-writing-block:pt-(--shadow-height) [&amp;:has([data-writing-block])&gt;*]:pointer-events-auto scroll-mt-[calc(var(--header-height)+min(200px,max(70px,20svh)))]\" dir=\"auto\" data-turn-id=\"request-WEB:14089b82-3e02-4b24-9a34-86d299dc2494-31\" data-testid=\"conversation-turn-64\" data-scroll-anchor=\"true\" data-turn=\"assistant\">\n<div class=\"text-base my-auto mx-auto pb-10 [--thread-content-margin:var(--thread-content-margin-xs,calc(var(--spacing)*4))] @w-sm\/main:[--thread-content-margin:var(--thread-content-margin-sm,calc(var(--spacing)*6))] @w-lg\/main:[--thread-content-margin:var(--thread-content-margin-lg,calc(var(--spacing)*16))] px-(--thread-content-margin)\">\n<div class=\"[--thread-content-max-width:40rem] @w-lg\/main:[--thread-content-max-width:48rem] mx-auto max-w-(--thread-content-max-width) flex-1 group\/turn-messages focus-visible:outline-hidden relative flex w-full min-w-0 flex-col agent-turn\">\n<div class=\"flex max-w-full flex-col gap-4 grow\">\n<div class=\"min-h-8 text-message relative flex w-full flex-col items-end gap-2 text-start break-words whitespace-normal outline-none keyboard-focused:focus-ring [.text-message+&amp;]:mt-1\" dir=\"auto\" tabindex=\"0\" data-message-author-role=\"assistant\" data-message-id=\"ba8e746d-aede-4e9e-8fbc-a409399dbf05\" data-message-model-slug=\"gpt-5-3\" data-turn-start-message=\"true\">\n<div class=\"flex w-full flex-col gap-1 empty:hidden\">\n<div class=\"markdown prose dark:prose-invert w-full wrap-break-word light markdown-new-styling\">\n<p data-start=\"83\" data-end=\"409\">K\u00ebto jeans n\u00eb ngjyr\u00eb blu shum\u00eb t\u00eb err\u00ebt ofrojn\u00eb nj\u00eb pamje t\u00eb past\u00ebr, elegante dhe moderne. Me dizajn minimalist dhe pa shum\u00eb efekte faded, ato jan\u00eb perfekte p\u00ebr nj\u00eb stil m\u00eb t\u00eb rafinuar q\u00eb mund t\u00eb kaloj\u00eb leht\u00ebsisht nga casual n\u00eb smart-casual. Prerja slim-fit i jep trupit nj\u00eb form\u00eb t\u00eb bukur dhe stil t\u00eb kuruar.<\/p>\n<p data-start=\"411\" data-end=\"430\"><strong data-start=\"411\" data-end=\"428\">Key Features:<\/strong><\/p>\n<ul data-start=\"431\" data-end=\"843\">\n<li data-section-id=\"ystdj3\" data-start=\"431\" data-end=\"487\"><strong data-start=\"433\" data-end=\"453\">Prerje Slim-Fit:<\/strong> P\u00ebrshtatje elegante dhe moderne<\/li>\n<li data-section-id=\"6lrj3b\" data-start=\"488\" data-end=\"555\"><strong data-start=\"490\" data-end=\"519\">Ngjyr\u00eb Blu Shum\u00eb e Err\u00ebt:<\/strong> Look minimalist dhe i sofistikuar<\/li>\n<li data-section-id=\"11v7dka\" data-start=\"556\" data-end=\"624\"><strong data-start=\"558\" data-end=\"592\">Dizajn Clean (pa shum\u00eb faded):<\/strong> Stil i past\u00ebr dhe profesional<\/li>\n<li data-section-id=\"166o14e\" data-start=\"625\" data-end=\"700\"><strong data-start=\"627\" data-end=\"654\">Material Denim Cil\u00ebsor:<\/strong> Rehati dhe q\u00ebndrueshm\u00ebri gjat\u00eb gjith\u00eb dit\u00ebs<\/li>\n<li data-section-id=\"18inle6\" data-start=\"701\" data-end=\"767\"><strong data-start=\"703\" data-end=\"726\">Leht\u00eb p\u00ebr Kombinim:<\/strong> Ideale me k\u00ebmish\u00eb, xhaket\u00eb apo t-shirt<\/li>\n<li data-section-id=\"1o0cbjc\" data-start=\"768\" data-end=\"843\"><strong data-start=\"770\" data-end=\"788\">Stil Versatil:<\/strong> E p\u00ebrshtatshme p\u00ebr p\u00ebrditshm\u00ebri dhe raste m\u00eb formale<\/li>\n<\/ul>\n<p data-start=\"845\" data-end=\"924\" data-is-last-node=\"\" data-is-only-node=\"\">Zgjedhja ideale p\u00ebr meshkujt q\u00eb preferojn\u00eb stil t\u00eb thjesht\u00eb, por shum\u00eb elegant.<\/p>\n<\/div>\n<\/div>\n<\/div>\n<\/div>\n<div class=\"z-0 flex min-h-[46px] justify-start\"><\/div>\n<div class=\"mt-3 w-full empty:hidden\">\n<div class=\"text-center\"><\/div>\n<\/div>\n<\/div>\n<\/div>\n<\/section>\n<\/div>\n<div class=\"pointer-events-none h-px w-px absolute bottom-0\" aria-hidden=\"true\" data-edge=\"true\"><\/div>","protected":false},"excerpt":{"rendered":"<p>K\u00ebto jeans n\u00eb ngjyr\u00eb blu shum\u00eb t\u00eb err\u00ebt ofrojn\u00eb nj\u00eb pamje t\u00eb past\u00ebr, elegante dhe moderne. Me dizajn minimalist dhe pa shum\u00eb efekte faded, ato jan\u00eb perfekte p\u00ebr nj\u00eb stil m\u00eb t\u00eb rafinuar q\u00eb mund t\u00eb kaloj\u00eb leht\u00ebsisht nga casual n\u00eb smart-casual. Prerja slim-fit i jep trupit nj\u00eb form\u00eb t\u00eb bukur dhe stil t\u00eb kuruar. [&hellip;]<\/p>","protected":false},"featured_media":16101,"comment_status":"open","ping_status":"closed","template":"","meta":[],"product_brand":[],"product_cat":[27,702],"product_tag":[448,778,779],"class_list":{"0":"post-16100","1":"product","2":"type-product","3":"status-publish","4":"has-post-thumbnail","6":"product_cat-jeans","7":"product_cat-premium-slim-fit-jeans","8":"product_tag-jeans-slim-fit","9":"product_tag-ngjyre-blu-shume-e-erret","10":"product_tag-stil-minimal-elegant","12":"first","13":"instock","14":"taxable","15":"shipping-taxable","16":"purchasable","17":"product-type-variable"},"jetpack_sharing_enabled":true,"_links":{"self":[{"href":"https:\/\/urban-clothingstore.com\/en\/wp-json\/wp\/v2\/product\/16100","targetHints":{"allow":["GET"]}}],"collection":[{"href":"https:\/\/urban-clothingstore.com\/en\/wp-json\/wp\/v2\/product"}],"about":[{"href":"https:\/\/urban-clothingstore.com\/en\/wp-json\/wp\/v2\/types\/product"}],"replies":[{"embeddable":true,"href":"https:\/\/urban-clothingstore.com\/en\/wp-json\/wp\/v2\/comments?post=16100"}],"wp:featuredmedia":[{"embeddable":true,"href":"https:\/\/urban-clothingstore.com\/en\/wp-json\/wp\/v2\/media\/16101"}],"wp:attachment":[{"href":"https:\/\/urban-clothingstore.com\/en\/wp-json\/wp\/v2\/media?parent=16100"}],"wp:term":[{"taxonomy":"product_brand","embeddable":true,"href":"https:\/\/urban-clothingstore.com\/en\/wp-json\/wp\/v2\/product_brand?post=16100"},{"taxonomy":"product_cat","embeddable":true,"href":"https:\/\/urban-clothingstore.com\/en\/wp-json\/wp\/v2\/product_cat?post=16100"},{"taxonomy":"product_tag","embeddable":true,"href":"https:\/\/urban-clothingstore.com\/en\/wp-json\/wp\/v2\/product_tag?post=16100"}],"curies":[{"name":"wp","href":"https:\/\/api.w.org\/{rel}","templated":true}]}}