{"id":16127,"date":"2026-03-30T09:20:08","date_gmt":"2026-03-30T09:20:08","guid":{"rendered":"https:\/\/urban-clothingstore.com\/?post_type=product&#038;p=16127"},"modified":"2026-03-30T09:20:08","modified_gmt":"2026-03-30T09:20:08","slug":"kostum-elegant-i-gjelber-me-vija-double-breasted","status":"publish","type":"product","link":"https:\/\/urban-clothingstore.com\/en\/product\/kostum-elegant-i-gjelber-me-vija-double-breasted\/","title":{"rendered":"Kostum Elegant i Gjelb\u00ebr me Vija \u2013 Double Breasted"},"content":{"rendered":"<p data-start=\"67\" data-end=\"422\">Ky kostum modern n\u00eb ngjyr\u00eb jeshile ulliri me vija t\u00eb holla vertikale kombinon eleganc\u00ebn klasike me stilin bashk\u00ebkohor. Xhaketa \u00ebsht\u00eb model <em data-start=\"224\" data-end=\"241\">double-breasted<\/em> me kopsa metalike dekorative, duke i dh\u00ebn\u00eb nj\u00eb pamje t\u00eb sofistikuar dhe autoritare. Prerja \u00ebsht\u00eb slim-fit, q\u00eb thekson linjat e trupit p\u00ebr nj\u00eb paraqitje t\u00eb past\u00ebr dhe t\u00eb rafinuar.<\/p>\n<p data-start=\"424\" data-end=\"625\">Kombinohet leht\u00ebsisht me k\u00ebmish\u00eb t\u00eb bardh\u00eb p\u00ebr nj\u00eb stil klasik ose me k\u00ebmish\u00eb t\u00eb zez\u00eb p\u00ebr nj\u00eb look m\u00eb modern dhe t\u00eb guximsh\u00ebm. Ideale p\u00ebr evente formale, takime biznesi apo dalje elegante n\u00eb mbr\u00ebmje.<\/p>\n<p data-start=\"627\" data-end=\"764\" data-is-last-node=\"\" data-is-only-node=\"\">Detajet si shami xhepi dhe ora metalike e plot\u00ebsojn\u00eb k\u00ebt\u00eb set duke e b\u00ebr\u00eb nj\u00eb zgjedhje perfekte p\u00ebr meshkujt q\u00eb duan t\u00eb dallohen me stil.<\/p>\n<div class=\"flex flex-col text-sm pb-25\">\n<section class=\"text-token-text-primary w-full focus:outline-none [--shadow-height:45px] has-data-writing-block:pointer-events-none has-data-writing-block:-mt-(--shadow-height) has-data-writing-block:pt-(--shadow-height) [&amp;:has([data-writing-block])&gt;*]:pointer-events-auto scroll-mt-[calc(var(--header-height)+min(200px,max(70px,20svh)))]\" dir=\"auto\" data-turn-id=\"request-WEB:19711628-4935-453c-9a40-bbffce2bc7ae-1\" data-testid=\"conversation-turn-4\" data-scroll-anchor=\"true\" data-turn=\"assistant\">\n<div class=\"text-base my-auto mx-auto pb-10 [--thread-content-margin:var(--thread-content-margin-xs,calc(var(--spacing)*4))] @w-sm\/main:[--thread-content-margin:var(--thread-content-margin-sm,calc(var(--spacing)*6))] @w-lg\/main:[--thread-content-margin:var(--thread-content-margin-lg,calc(var(--spacing)*16))] px-(--thread-content-margin)\">\n<div class=\"[--thread-content-max-width:40rem] @w-lg\/main:[--thread-content-max-width:48rem] mx-auto max-w-(--thread-content-max-width) flex-1 group\/turn-messages focus-visible:outline-hidden relative flex w-full min-w-0 flex-col agent-turn\">\n<div class=\"flex max-w-full flex-col gap-4 grow\">\n<div class=\"min-h-8 text-message relative flex w-full flex-col items-end gap-2 text-start break-words whitespace-normal outline-none keyboard-focused:focus-ring [.text-message+&amp;]:mt-1\" dir=\"auto\" tabindex=\"0\" data-message-author-role=\"assistant\" data-message-id=\"02e14c27-41a1-4296-996e-3b3bc86e93aa\" data-message-model-slug=\"gpt-5-3\" data-turn-start-message=\"true\">\n<div class=\"flex w-full flex-col gap-1 empty:hidden\">\n<div class=\"markdown prose dark:prose-invert w-full wrap-break-word dark markdown-new-styling\">\n<ul data-start=\"19\" data-end=\"498\" data-is-last-node=\"\" data-is-only-node=\"\">\n<li data-section-id=\"1qlbl34\" data-start=\"19\" data-end=\"76\">\u2714\ufe0f Dizajn <em data-start=\"31\" data-end=\"48\">double-breasted<\/em> me stil klasik dhe modern<\/li>\n<li data-section-id=\"1jpprx1\" data-start=\"77\" data-end=\"132\">\u2714\ufe0f Ngjyr\u00eb jeshile ulliri me vija vertikale elegante<\/li>\n<li data-section-id=\"1wnp7wa\" data-start=\"133\" data-end=\"175\">\u2714\ufe0f Prerje <em data-start=\"145\" data-end=\"155\">slim-fit<\/em> q\u00eb thekson trupin<\/li>\n<li data-section-id=\"7f23w\" data-start=\"176\" data-end=\"228\">\u2714\ufe0f Material cil\u00ebsor p\u00ebr rehati dhe q\u00ebndrueshm\u00ebri<\/li>\n<li data-section-id=\"zexky6\" data-start=\"229\" data-end=\"281\">\u2714\ufe0f Kopsa metalike dekorative p\u00ebr nj\u00eb look luksoz<\/li>\n<li data-section-id=\"kbll2q\" data-start=\"282\" data-end=\"331\">\u2714\ufe0f Xhepa funksional\u00eb dhe shami xhepi elegante<\/li>\n<li data-section-id=\"165mgpr\" data-start=\"332\" data-end=\"393\">\u2714\ufe0f Kombinohet leht\u00ebsisht me k\u00ebmish\u00eb t\u00eb bardh\u00eb ose t\u00eb zez\u00eb<\/li>\n<li data-section-id=\"wt7v37\" data-start=\"394\" data-end=\"446\">\u2714\ufe0f I p\u00ebrshtatsh\u00ebm p\u00ebr evente formale dhe biznesi<\/li>\n<li data-section-id=\"1wouoif\" data-start=\"447\" data-end=\"498\" data-is-last-node=\"\">\u2714\ufe0f Jep nj\u00eb pamje t\u00eb sofistikuar dhe t\u00eb vet\u00ebbesuar<\/li>\n<\/ul>\n<\/div>\n<\/div>\n<\/div>\n<\/div>\n<div class=\"z-0 flex min-h-[46px] justify-start\"><\/div>\n<div class=\"mt-3 w-full empty:hidden\">\n<div class=\"text-center\"><\/div>\n<\/div>\n<\/div>\n<\/div>\n<\/section>\n<\/div>\n<div class=\"pointer-events-none h-px w-px absolute bottom-0\" aria-hidden=\"true\" data-edge=\"true\"><\/div>","protected":false},"excerpt":{"rendered":"<p>Ky kostum modern n\u00eb ngjyr\u00eb jeshile ulliri me vija t\u00eb holla vertikale kombinon eleganc\u00ebn klasike me stilin bashk\u00ebkohor. Xhaketa \u00ebsht\u00eb model double-breasted me kopsa metalike dekorative, duke i dh\u00ebn\u00eb nj\u00eb pamje t\u00eb sofistikuar dhe autoritare. Prerja \u00ebsht\u00eb slim-fit, q\u00eb thekson linjat e trupit p\u00ebr nj\u00eb paraqitje t\u00eb past\u00ebr dhe t\u00eb rafinuar. Kombinohet leht\u00ebsisht me k\u00ebmish\u00eb [&hellip;]<\/p>","protected":false},"featured_media":16128,"comment_status":"open","ping_status":"closed","template":"","meta":[],"product_brand":[],"product_cat":[108],"product_tag":[781,780,521],"class_list":{"0":"post-16127","1":"product","2":"type-product","3":"status-publish","4":"has-post-thumbnail","6":"product_cat-suit","7":"product_tag-gjelber-me-vija-double-breasted","8":"product_tag-kostum-elegant","9":"product_tag-slim-fit","11":"first","12":"instock","13":"taxable","14":"shipping-taxable","15":"purchasable","16":"product-type-variable"},"jetpack_sharing_enabled":true,"_links":{"self":[{"href":"https:\/\/urban-clothingstore.com\/en\/wp-json\/wp\/v2\/product\/16127","targetHints":{"allow":["GET"]}}],"collection":[{"href":"https:\/\/urban-clothingstore.com\/en\/wp-json\/wp\/v2\/product"}],"about":[{"href":"https:\/\/urban-clothingstore.com\/en\/wp-json\/wp\/v2\/types\/product"}],"replies":[{"embeddable":true,"href":"https:\/\/urban-clothingstore.com\/en\/wp-json\/wp\/v2\/comments?post=16127"}],"wp:featuredmedia":[{"embeddable":true,"href":"https:\/\/urban-clothingstore.com\/en\/wp-json\/wp\/v2\/media\/16128"}],"wp:attachment":[{"href":"https:\/\/urban-clothingstore.com\/en\/wp-json\/wp\/v2\/media?parent=16127"}],"wp:term":[{"taxonomy":"product_brand","embeddable":true,"href":"https:\/\/urban-clothingstore.com\/en\/wp-json\/wp\/v2\/product_brand?post=16127"},{"taxonomy":"product_cat","embeddable":true,"href":"https:\/\/urban-clothingstore.com\/en\/wp-json\/wp\/v2\/product_cat?post=16127"},{"taxonomy":"product_tag","embeddable":true,"href":"https:\/\/urban-clothingstore.com\/en\/wp-json\/wp\/v2\/product_tag?post=16127"}],"curies":[{"name":"wp","href":"https:\/\/api.w.org\/{rel}","templated":true}]}}