{"id":16137,"date":"2026-03-30T09:25:34","date_gmt":"2026-03-30T09:25:34","guid":{"rendered":"https:\/\/urban-clothingstore.com\/?post_type=product&#038;p=16137"},"modified":"2026-03-30T09:25:34","modified_gmt":"2026-03-30T09:25:34","slug":"kostum-beige-elegant-me-vija-double-breasted-slim-fit","status":"publish","type":"product","link":"https:\/\/urban-clothingstore.com\/en\/product\/kostum-beige-elegant-me-vija-double-breasted-slim-fit\/","title":{"rendered":"Kostum Beige Elegant me Vija \u2013 Double Breasted Slim Fit"},"content":{"rendered":"<div class=\"flex flex-col text-sm pb-25\">\n<section class=\"text-token-text-primary w-full focus:outline-none [--shadow-height:45px] has-data-writing-block:pointer-events-none has-data-writing-block:-mt-(--shadow-height) has-data-writing-block:pt-(--shadow-height) [&amp;:has([data-writing-block])&gt;*]:pointer-events-auto scroll-mt-[calc(var(--header-height)+min(200px,max(70px,20svh)))]\" dir=\"auto\" data-turn-id=\"request-WEB:19711628-4935-453c-9a40-bbffce2bc7ae-2\" data-testid=\"conversation-turn-6\" data-scroll-anchor=\"true\" data-turn=\"assistant\">\n<div class=\"text-base my-auto mx-auto pb-10 [--thread-content-margin:var(--thread-content-margin-xs,calc(var(--spacing)*4))] @w-sm\/main:[--thread-content-margin:var(--thread-content-margin-sm,calc(var(--spacing)*6))] @w-lg\/main:[--thread-content-margin:var(--thread-content-margin-lg,calc(var(--spacing)*16))] px-(--thread-content-margin)\">\n<div class=\"[--thread-content-max-width:40rem] @w-lg\/main:[--thread-content-max-width:48rem] mx-auto max-w-(--thread-content-max-width) flex-1 group\/turn-messages focus-visible:outline-hidden relative flex w-full min-w-0 flex-col agent-turn\">\n<div class=\"flex max-w-full flex-col gap-4 grow\">\n<div class=\"min-h-8 text-message relative flex w-full flex-col items-end gap-2 text-start break-words whitespace-normal outline-none keyboard-focused:focus-ring [.text-message+&amp;]:mt-1\" dir=\"auto\" tabindex=\"0\" data-message-author-role=\"assistant\" data-message-id=\"66ca47b9-7f55-447c-8f8f-cb01c0dfed21\" data-message-model-slug=\"gpt-5-3\" data-turn-start-message=\"true\">\n<div class=\"flex w-full flex-col gap-1 empty:hidden\">\n<div class=\"markdown prose dark:prose-invert w-full wrap-break-word dark markdown-new-styling\">\n<p data-start=\"72\" data-end=\"383\">Ky kostum n\u00eb ngjyr\u00eb bezh\u00eb me vija t\u00eb holla vertikale \u00ebsht\u00eb zgjedhja perfekte p\u00ebr nj\u00eb stil t\u00eb past\u00ebr, elegant dhe modern. Xhaketa <em data-start=\"219\" data-end=\"236\">double-breasted<\/em> me kopsa metalike i jep nj\u00eb pamje luksoze dhe t\u00eb rafinuar, nd\u00ebrsa prerja <em data-start=\"310\" data-end=\"320\">slim-fit<\/em> thekson siluet\u00ebn p\u00ebr nj\u00eb paraqitje t\u00eb kuruar deri n\u00eb detaje.<\/p>\n<p data-start=\"385\" data-end=\"647\">Ngjyra bezh\u00eb e b\u00ebn k\u00ebt\u00eb set shum\u00eb t\u00eb leht\u00eb p\u00ebr t\u2019u kombinuar, duke krijuar nj\u00eb look t\u00eb fresk\u00ebt dhe t\u00eb sofistikuar. I p\u00ebrshtatsh\u00ebm si p\u00ebr evente formale ashtu edhe p\u00ebr takime biznesi apo raste speciale, ky kostum ofron balanc\u00ebn ideale mes klasikes dhe modernes.<\/p>\n<p data-start=\"649\" data-end=\"764\">Kombinohet n\u00eb m\u00ebnyr\u00eb perfekte me k\u00ebmish\u00eb t\u00eb zez\u00eb p\u00ebr kontrast elegant ose me t\u00eb bardh\u00eb p\u00ebr nj\u00eb stil m\u00eb tradicional.<\/p>\n<hr data-start=\"766\" data-end=\"769\" \/>\n<p data-start=\"771\" data-end=\"788\"><strong data-start=\"771\" data-end=\"788\">Key Features:<\/strong><\/p>\n<ul data-start=\"790\" data-end=\"1299\" data-is-last-node=\"\" data-is-only-node=\"\">\n<li data-section-id=\"1t79hal\" data-start=\"790\" data-end=\"840\">\u2714\ufe0f Dizajn <em data-start=\"802\" data-end=\"819\">double-breasted<\/em> elegant dhe modern<\/li>\n<li data-section-id=\"1btbj9r\" data-start=\"841\" data-end=\"895\">\u2714\ufe0f Ngjyr\u00eb bezh\u00eb e hapur me vija vertikale t\u00eb holla<\/li>\n<li data-section-id=\"11oq60v\" data-start=\"896\" data-end=\"958\">\u2714\ufe0f Prerje <em data-start=\"908\" data-end=\"918\">slim-fit<\/em> p\u00ebr nj\u00eb pamje t\u00eb rregullt dhe trupore<\/li>\n<li data-section-id=\"14gr95p\" data-start=\"959\" data-end=\"1020\">\u2714\ufe0f Material cil\u00ebsor dhe i rehatsh\u00ebm p\u00ebr p\u00ebrdorim t\u00eb gjat\u00eb<\/li>\n<li data-section-id=\"a1dbt0\" data-start=\"1021\" data-end=\"1069\">\u2714\ufe0f Kopsa metalike dekorative p\u00ebr stil luksoz<\/li>\n<li data-section-id=\"2ghd5w\" data-start=\"1070\" data-end=\"1118\">\u2714\ufe0f Xhepa funksional\u00eb dhe detaje t\u00eb rafinuara<\/li>\n<li data-section-id=\"1tfs526\" data-start=\"1119\" data-end=\"1185\">\u2714\ufe0f Leht\u00eb p\u00ebr kombinim me stile t\u00eb ndryshme (klasik ose modern)<\/li>\n<li data-section-id=\"16wyvb3\" data-start=\"1186\" data-end=\"1243\">\u2714\ufe0f Ideal p\u00ebr evente, dasma, biznes dhe dalje elegante<\/li>\n<li data-section-id=\"b1fuml\" data-start=\"1244\" data-end=\"1299\" data-is-last-node=\"\">\u2714\ufe0f Jep nj\u00eb pamje t\u00eb past\u00ebr, elegante dhe profesionale<\/li>\n<\/ul>\n<\/div>\n<\/div>\n<\/div>\n<\/div>\n<div class=\"z-0 flex min-h-[46px] justify-start\"><\/div>\n<div class=\"mt-3 w-full empty:hidden\">\n<div class=\"text-center\"><\/div>\n<\/div>\n<\/div>\n<\/div>\n<\/section>\n<\/div>\n<div class=\"pointer-events-none h-px w-px absolute bottom-0\" aria-hidden=\"true\" data-edge=\"true\"><\/div>","protected":false},"excerpt":{"rendered":"<p>Ky kostum n\u00eb ngjyr\u00eb bezh\u00eb me vija t\u00eb holla vertikale \u00ebsht\u00eb zgjedhja perfekte p\u00ebr nj\u00eb stil t\u00eb past\u00ebr, elegant dhe modern. Xhaketa double-breasted me kopsa metalike i jep nj\u00eb pamje luksoze dhe t\u00eb rafinuar, nd\u00ebrsa prerja slim-fit thekson siluet\u00ebn p\u00ebr nj\u00eb paraqitje t\u00eb kuruar deri n\u00eb detaje. Ngjyra bezh\u00eb e b\u00ebn k\u00ebt\u00eb set shum\u00eb t\u00eb [&hellip;]<\/p>","protected":false},"featured_media":16138,"comment_status":"open","ping_status":"closed","template":"","meta":[],"product_brand":[],"product_cat":[108],"product_tag":[783,437,782],"class_list":{"0":"post-16137","1":"product","2":"type-product","3":"status-publish","4":"has-post-thumbnail","6":"product_cat-suit","7":"product_tag-double-breasted-slim-fit","8":"product_tag-elegance-klasike-stil-luksoz","9":"product_tag-kostum-beige-elegant-me-vija","11":"first","12":"instock","13":"taxable","14":"shipping-taxable","15":"purchasable","16":"product-type-variable"},"jetpack_sharing_enabled":true,"_links":{"self":[{"href":"https:\/\/urban-clothingstore.com\/en\/wp-json\/wp\/v2\/product\/16137","targetHints":{"allow":["GET"]}}],"collection":[{"href":"https:\/\/urban-clothingstore.com\/en\/wp-json\/wp\/v2\/product"}],"about":[{"href":"https:\/\/urban-clothingstore.com\/en\/wp-json\/wp\/v2\/types\/product"}],"replies":[{"embeddable":true,"href":"https:\/\/urban-clothingstore.com\/en\/wp-json\/wp\/v2\/comments?post=16137"}],"wp:featuredmedia":[{"embeddable":true,"href":"https:\/\/urban-clothingstore.com\/en\/wp-json\/wp\/v2\/media\/16138"}],"wp:attachment":[{"href":"https:\/\/urban-clothingstore.com\/en\/wp-json\/wp\/v2\/media?parent=16137"}],"wp:term":[{"taxonomy":"product_brand","embeddable":true,"href":"https:\/\/urban-clothingstore.com\/en\/wp-json\/wp\/v2\/product_brand?post=16137"},{"taxonomy":"product_cat","embeddable":true,"href":"https:\/\/urban-clothingstore.com\/en\/wp-json\/wp\/v2\/product_cat?post=16137"},{"taxonomy":"product_tag","embeddable":true,"href":"https:\/\/urban-clothingstore.com\/en\/wp-json\/wp\/v2\/product_tag?post=16137"}],"curies":[{"name":"wp","href":"https:\/\/api.w.org\/{rel}","templated":true}]}}