{"id":16146,"date":"2026-03-30T09:32:42","date_gmt":"2026-03-30T09:32:42","guid":{"rendered":"https:\/\/urban-clothingstore.com\/?post_type=product&#038;p=16146"},"modified":"2026-03-30T09:32:43","modified_gmt":"2026-03-30T09:32:43","slug":"kostum-klasik-i-zi-double-breasted-slim-fit","status":"publish","type":"product","link":"https:\/\/urban-clothingstore.com\/en\/product\/kostum-klasik-i-zi-double-breasted-slim-fit\/","title":{"rendered":"Kostum Klasik i Zi \u2013 Double Breasted Slim Fit"},"content":{"rendered":"<div class=\"flex flex-col text-sm pb-25\">\n<section class=\"text-token-text-primary w-full focus:outline-none [--shadow-height:45px] has-data-writing-block:pointer-events-none has-data-writing-block:-mt-(--shadow-height) has-data-writing-block:pt-(--shadow-height) [&amp;:has([data-writing-block])&gt;*]:pointer-events-auto scroll-mt-[calc(var(--header-height)+min(200px,max(70px,20svh)))]\" dir=\"auto\" data-turn-id=\"request-WEB:19711628-4935-453c-9a40-bbffce2bc7ae-3\" data-testid=\"conversation-turn-8\" data-scroll-anchor=\"true\" data-turn=\"assistant\">\n<div class=\"text-base my-auto mx-auto pb-10 [--thread-content-margin:var(--thread-content-margin-xs,calc(var(--spacing)*4))] @w-sm\/main:[--thread-content-margin:var(--thread-content-margin-sm,calc(var(--spacing)*6))] @w-lg\/main:[--thread-content-margin:var(--thread-content-margin-lg,calc(var(--spacing)*16))] px-(--thread-content-margin)\">\n<div class=\"[--thread-content-max-width:40rem] @w-lg\/main:[--thread-content-max-width:48rem] mx-auto max-w-(--thread-content-max-width) flex-1 group\/turn-messages focus-visible:outline-hidden relative flex w-full min-w-0 flex-col agent-turn\">\n<div class=\"flex max-w-full flex-col gap-4 grow\">\n<div class=\"min-h-8 text-message relative flex w-full flex-col items-end gap-2 text-start break-words whitespace-normal outline-none keyboard-focused:focus-ring [.text-message+&amp;]:mt-1\" dir=\"auto\" tabindex=\"0\" data-message-author-role=\"assistant\" data-message-id=\"ba8c33c9-a5c9-4353-baab-6d633e098b46\" data-message-model-slug=\"gpt-5-3\" data-turn-start-message=\"true\">\n<div class=\"flex w-full flex-col gap-1 empty:hidden\">\n<div class=\"markdown prose dark:prose-invert w-full wrap-break-word dark markdown-new-styling\">\n<p data-start=\"62\" data-end=\"399\">Ky kostum i zi klasik \u00ebsht\u00eb mish\u00ebrimi i eleganc\u00ebs dhe fines\u00ebs mashkullore. Me dizajn <em data-start=\"165\" data-end=\"182\">double-breasted<\/em> dhe prerje <em data-start=\"194\" data-end=\"204\">slim-fit<\/em>, ai ofron nj\u00eb siluet\u00eb t\u00eb past\u00ebr dhe t\u00eb strukturuar q\u00eb p\u00ebrshtatet n\u00eb m\u00ebnyr\u00eb perfekte me trupin. Ngjyra e zez\u00eb e thell\u00eb e b\u00ebn k\u00ebt\u00eb set nj\u00eb zgjedhje t\u00eb sigurt dhe t\u00eb p\u00ebrjetshme p\u00ebr \u00e7do gard\u00ebrob\u00eb.<\/p>\n<p data-start=\"401\" data-end=\"655\">Detajet e rafinuara si shami xhepi, kopsat elegante dhe aksesor\u00ebt minimalist\u00eb i japin nj\u00eb prekje luksoze. Ky kostum \u00ebsht\u00eb ideal p\u00ebr evente formale, dasma, takime biznesi apo mbr\u00ebmje speciale, duke garantuar nj\u00eb paraqitje t\u00eb fuqishme dhe t\u00eb sofistikuar.<\/p>\n<p data-start=\"657\" data-end=\"788\">Kombinohet leht\u00ebsisht me k\u00ebmish\u00eb t\u00eb bardh\u00eb p\u00ebr nj\u00eb stil klasik ose me tonalitete m\u00eb t\u00eb err\u00ebta p\u00ebr nj\u00eb look modern dhe t\u00eb guximsh\u00ebm.<\/p>\n<hr data-start=\"790\" data-end=\"793\" \/>\n<p data-start=\"795\" data-end=\"812\"><strong data-start=\"795\" data-end=\"812\">Key Features:<\/strong><\/p>\n<ul data-start=\"814\" data-end=\"1313\" data-is-last-node=\"\" data-is-only-node=\"\">\n<li data-section-id=\"1twwsqp\" data-start=\"814\" data-end=\"875\">\u2714\ufe0f Dizajn klasik <em data-start=\"833\" data-end=\"850\">double-breasted<\/em> p\u00ebr eleganc\u00eb maksimale<\/li>\n<li data-section-id=\"188hppp\" data-start=\"876\" data-end=\"929\">\u2714\ufe0f Ngjyr\u00eb e zez\u00eb universale dhe gjithmon\u00eb n\u00eb mod\u00eb<\/li>\n<li data-section-id=\"czl9w1\" data-start=\"930\" data-end=\"980\">\u2714\ufe0f Prerje <em data-start=\"942\" data-end=\"952\">slim-fit<\/em> q\u00eb thekson linjat trupore<\/li>\n<li data-section-id=\"7f23w\" data-start=\"981\" data-end=\"1033\">\u2714\ufe0f Material cil\u00ebsor p\u00ebr rehati dhe q\u00ebndrueshm\u00ebri<\/li>\n<li data-section-id=\"5yklpv\" data-start=\"1034\" data-end=\"1093\">\u2714\ufe0f Detaje elegante si shami xhepi dhe aksesor dekorativ<\/li>\n<li data-section-id=\"eiqz5t\" data-start=\"1094\" data-end=\"1144\">\u2714\ufe0f Xhepa funksional\u00eb dhe nd\u00ebrtim i strukturuar<\/li>\n<li data-section-id=\"1qnf63m\" data-start=\"1145\" data-end=\"1199\">\u2714\ufe0f Leht\u00eb p\u00ebr kombinim me stile klasike dhe moderne<\/li>\n<li data-section-id=\"xsmnqp\" data-start=\"1200\" data-end=\"1258\">\u2714\ufe0f Ideal p\u00ebr evente formale, biznes dhe raste speciale<\/li>\n<li data-section-id=\"1x7mg5i\" data-start=\"1259\" data-end=\"1313\" data-is-last-node=\"\">\u2714\ufe0f Jep nj\u00eb pamje t\u00eb fort\u00eb, elegante dhe profesionale<\/li>\n<\/ul>\n<\/div>\n<\/div>\n<\/div>\n<\/div>\n<div class=\"z-0 flex min-h-[46px] justify-start\"><\/div>\n<div class=\"mt-3 w-full empty:hidden\">\n<div class=\"text-center\"><\/div>\n<\/div>\n<\/div>\n<\/div>\n<\/section>\n<\/div>\n<div class=\"pointer-events-none h-px w-px absolute bottom-0\" aria-hidden=\"true\" data-edge=\"true\"><\/div>","protected":false},"excerpt":{"rendered":"<p>Ky kostum i zi klasik \u00ebsht\u00eb mish\u00ebrimi i eleganc\u00ebs dhe fines\u00ebs mashkullore. Me dizajn double-breasted dhe prerje slim-fit, ai ofron nj\u00eb siluet\u00eb t\u00eb past\u00ebr dhe t\u00eb strukturuar q\u00eb p\u00ebrshtatet n\u00eb m\u00ebnyr\u00eb perfekte me trupin. Ngjyra e zez\u00eb e thell\u00eb e b\u00ebn k\u00ebt\u00eb set nj\u00eb zgjedhje t\u00eb sigurt dhe t\u00eb p\u00ebrjetshme p\u00ebr \u00e7do gard\u00ebrob\u00eb. Detajet e [&hellip;]<\/p>","protected":false},"featured_media":16147,"comment_status":"open","ping_status":"closed","template":"","meta":[],"product_brand":[],"product_cat":[108],"product_tag":[783,785,784],"class_list":{"0":"post-16146","1":"product","2":"type-product","3":"status-publish","4":"has-post-thumbnail","6":"product_cat-suit","7":"product_tag-double-breasted-slim-fit","8":"product_tag-eleganc-e-paster","9":"product_tag-kostum-klasik-i-zi","11":"first","12":"instock","13":"taxable","14":"shipping-taxable","15":"purchasable","16":"product-type-variable"},"jetpack_sharing_enabled":true,"_links":{"self":[{"href":"https:\/\/urban-clothingstore.com\/en\/wp-json\/wp\/v2\/product\/16146","targetHints":{"allow":["GET"]}}],"collection":[{"href":"https:\/\/urban-clothingstore.com\/en\/wp-json\/wp\/v2\/product"}],"about":[{"href":"https:\/\/urban-clothingstore.com\/en\/wp-json\/wp\/v2\/types\/product"}],"replies":[{"embeddable":true,"href":"https:\/\/urban-clothingstore.com\/en\/wp-json\/wp\/v2\/comments?post=16146"}],"wp:featuredmedia":[{"embeddable":true,"href":"https:\/\/urban-clothingstore.com\/en\/wp-json\/wp\/v2\/media\/16147"}],"wp:attachment":[{"href":"https:\/\/urban-clothingstore.com\/en\/wp-json\/wp\/v2\/media?parent=16146"}],"wp:term":[{"taxonomy":"product_brand","embeddable":true,"href":"https:\/\/urban-clothingstore.com\/en\/wp-json\/wp\/v2\/product_brand?post=16146"},{"taxonomy":"product_cat","embeddable":true,"href":"https:\/\/urban-clothingstore.com\/en\/wp-json\/wp\/v2\/product_cat?post=16146"},{"taxonomy":"product_tag","embeddable":true,"href":"https:\/\/urban-clothingstore.com\/en\/wp-json\/wp\/v2\/product_tag?post=16146"}],"curies":[{"name":"wp","href":"https:\/\/api.w.org\/{rel}","templated":true}]}}