{"id":16156,"date":"2026-03-30T09:36:48","date_gmt":"2026-03-30T09:36:48","guid":{"rendered":"https:\/\/urban-clothingstore.com\/?post_type=product&#038;p=16156"},"modified":"2026-03-30T09:36:48","modified_gmt":"2026-03-30T09:36:48","slug":"kostum-gri-elegant-double-breasted-slim-fit","status":"publish","type":"product","link":"https:\/\/urban-clothingstore.com\/en\/product\/kostum-gri-elegant-double-breasted-slim-fit\/","title":{"rendered":"Kostum Gri Elegant \u2013 Double Breasted Slim Fit"},"content":{"rendered":"<div class=\"flex flex-col text-sm pb-25\">\n<section class=\"text-token-text-primary w-full focus:outline-none [--shadow-height:45px] has-data-writing-block:pointer-events-none has-data-writing-block:-mt-(--shadow-height) has-data-writing-block:pt-(--shadow-height) [&amp;:has([data-writing-block])&gt;*]:pointer-events-auto scroll-mt-[calc(var(--header-height)+min(200px,max(70px,20svh)))]\" dir=\"auto\" data-turn-id=\"request-WEB:19711628-4935-453c-9a40-bbffce2bc7ae-4\" data-testid=\"conversation-turn-10\" data-scroll-anchor=\"true\" data-turn=\"assistant\">\n<div class=\"text-base my-auto mx-auto pb-10 [--thread-content-margin:var(--thread-content-margin-xs,calc(var(--spacing)*4))] @w-sm\/main:[--thread-content-margin:var(--thread-content-margin-sm,calc(var(--spacing)*6))] @w-lg\/main:[--thread-content-margin:var(--thread-content-margin-lg,calc(var(--spacing)*16))] px-(--thread-content-margin)\">\n<div class=\"[--thread-content-max-width:40rem] @w-lg\/main:[--thread-content-max-width:48rem] mx-auto max-w-(--thread-content-max-width) flex-1 group\/turn-messages focus-visible:outline-hidden relative flex w-full min-w-0 flex-col agent-turn\">\n<div class=\"flex max-w-full flex-col gap-4 grow\">\n<div class=\"min-h-8 text-message relative flex w-full flex-col items-end gap-2 text-start break-words whitespace-normal outline-none keyboard-focused:focus-ring [.text-message+&amp;]:mt-1\" dir=\"auto\" tabindex=\"0\" data-message-author-role=\"assistant\" data-message-id=\"cc1ed3a0-abdc-4002-8326-c96a99637c84\" data-message-model-slug=\"gpt-5-3\" data-turn-start-message=\"true\">\n<div class=\"flex w-full flex-col gap-1 empty:hidden\">\n<div class=\"markdown prose dark:prose-invert w-full wrap-break-word dark markdown-new-styling\">\n<p data-start=\"62\" data-end=\"423\">Ky kostum gri p\u00ebrfaq\u00ebson kombinimin perfekt t\u00eb eleganc\u00ebs klasike dhe stilit modern. Me dizajn <em data-start=\"174\" data-end=\"191\">double-breasted<\/em> dhe prerje <em data-start=\"203\" data-end=\"213\">slim-fit<\/em>, ai krijon nj\u00eb siluet\u00eb t\u00eb rregullt dhe t\u00eb sofistikuar q\u00eb p\u00ebrshtatet n\u00eb m\u00ebnyr\u00eb ideale me trupin. Ngjyra gri e hapur e b\u00ebn k\u00ebt\u00eb set shum\u00eb t\u00eb versatil, duke ofruar nj\u00eb pamje t\u00eb past\u00ebr dhe elegante p\u00ebr \u00e7do rast.<\/p>\n<p data-start=\"425\" data-end=\"695\">Detajet e rafinuara si kopsat e err\u00ebta, shamia e xhepit dhe linjat e pastra i japin nj\u00eb pamje luksoze dhe profesionale. I p\u00ebrshtatsh\u00ebm p\u00ebr evente formale, takime biznesi apo raste speciale, ky kostum \u00ebsht\u00eb nj\u00eb zgjedhje e sigurt p\u00ebr nj\u00eb paraqitje t\u00eb kuruar dhe me stil.<\/p>\n<p data-start=\"697\" data-end=\"810\">Kombinohet leht\u00ebsisht me k\u00ebmish\u00eb t\u00eb zez\u00eb p\u00ebr kontrast modern ose me t\u00eb bardh\u00eb p\u00ebr nj\u00eb stil m\u00eb klasik dhe elegant.<\/p>\n<hr data-start=\"812\" data-end=\"815\" \/>\n<p data-start=\"817\" data-end=\"834\"><strong data-start=\"817\" data-end=\"834\">Key Features:<\/strong><\/p>\n<ul data-start=\"836\" data-end=\"1316\" data-is-last-node=\"\" data-is-only-node=\"\">\n<li data-section-id=\"1qcfiz\" data-start=\"836\" data-end=\"875\">\u2714\ufe0f Dizajn elegant <em data-start=\"856\" data-end=\"873\">double-breasted<\/em><\/li>\n<li data-section-id=\"2xwfbd\" data-start=\"876\" data-end=\"940\">\u2714\ufe0f Ngjyr\u00eb gri e hapur, moderne dhe leht\u00ebsisht e kombinueshme<\/li>\n<li data-section-id=\"1eizu1c\" data-start=\"941\" data-end=\"994\">\u2714\ufe0f Prerje <em data-start=\"953\" data-end=\"963\">slim-fit<\/em> p\u00ebr nj\u00eb pamje t\u00eb strukturuar<\/li>\n<li data-section-id=\"1syyplc\" data-start=\"995\" data-end=\"1048\">\u2714\ufe0f Material cil\u00ebsor p\u00ebr rehati gjat\u00eb gjith\u00eb dit\u00ebs<\/li>\n<li data-section-id=\"1x817wy\" data-start=\"1049\" data-end=\"1105\">\u2714\ufe0f Kopsa t\u00eb err\u00ebta p\u00ebr kontrast dhe stil t\u00eb rafinuar<\/li>\n<li data-section-id=\"hoa7ae\" data-start=\"1106\" data-end=\"1153\">\u2714\ufe0f Xhepa funksional\u00eb dhe detaje minimaliste<\/li>\n<li data-section-id=\"9lqykq\" data-start=\"1154\" data-end=\"1205\">\u2714\ufe0f I p\u00ebrshtatsh\u00ebm p\u00ebr evente formale dhe biznes<\/li>\n<li data-section-id=\"1qnf63m\" data-start=\"1206\" data-end=\"1260\">\u2714\ufe0f Leht\u00eb p\u00ebr kombinim me stile klasike dhe moderne<\/li>\n<li data-section-id=\"w6z8fh\" data-start=\"1261\" data-end=\"1316\" data-is-last-node=\"\">\u2714\ufe0f Jep nj\u00eb pamje elegante, t\u00eb past\u00ebr dhe profesionale<\/li>\n<\/ul>\n<\/div>\n<\/div>\n<\/div>\n<\/div>\n<\/div>\n<\/div>\n<\/section>\n<\/div>","protected":false},"excerpt":{"rendered":"<p>Ky kostum gri p\u00ebrfaq\u00ebson kombinimin perfekt t\u00eb eleganc\u00ebs klasike dhe stilit modern. Me dizajn double-breasted dhe prerje slim-fit, ai krijon nj\u00eb siluet\u00eb t\u00eb rregullt dhe t\u00eb sofistikuar q\u00eb p\u00ebrshtatet n\u00eb m\u00ebnyr\u00eb ideale me trupin. Ngjyra gri e hapur e b\u00ebn k\u00ebt\u00eb set shum\u00eb t\u00eb versatil, duke ofruar nj\u00eb pamje t\u00eb past\u00ebr dhe elegante p\u00ebr \u00e7do [&hellip;]<\/p>","protected":false},"featured_media":16157,"comment_status":"open","ping_status":"closed","template":"","meta":[],"product_brand":[],"product_cat":[108],"product_tag":[783,786],"class_list":{"0":"post-16156","1":"product","2":"type-product","3":"status-publish","4":"has-post-thumbnail","6":"product_cat-suit","7":"product_tag-double-breasted-slim-fit","8":"product_tag-kostum-gri-elegant","10":"first","11":"instock","12":"taxable","13":"shipping-taxable","14":"purchasable","15":"product-type-variable"},"jetpack_sharing_enabled":true,"_links":{"self":[{"href":"https:\/\/urban-clothingstore.com\/en\/wp-json\/wp\/v2\/product\/16156","targetHints":{"allow":["GET"]}}],"collection":[{"href":"https:\/\/urban-clothingstore.com\/en\/wp-json\/wp\/v2\/product"}],"about":[{"href":"https:\/\/urban-clothingstore.com\/en\/wp-json\/wp\/v2\/types\/product"}],"replies":[{"embeddable":true,"href":"https:\/\/urban-clothingstore.com\/en\/wp-json\/wp\/v2\/comments?post=16156"}],"wp:featuredmedia":[{"embeddable":true,"href":"https:\/\/urban-clothingstore.com\/en\/wp-json\/wp\/v2\/media\/16157"}],"wp:attachment":[{"href":"https:\/\/urban-clothingstore.com\/en\/wp-json\/wp\/v2\/media?parent=16156"}],"wp:term":[{"taxonomy":"product_brand","embeddable":true,"href":"https:\/\/urban-clothingstore.com\/en\/wp-json\/wp\/v2\/product_brand?post=16156"},{"taxonomy":"product_cat","embeddable":true,"href":"https:\/\/urban-clothingstore.com\/en\/wp-json\/wp\/v2\/product_cat?post=16156"},{"taxonomy":"product_tag","embeddable":true,"href":"https:\/\/urban-clothingstore.com\/en\/wp-json\/wp\/v2\/product_tag?post=16156"}],"curies":[{"name":"wp","href":"https:\/\/api.w.org\/{rel}","templated":true}]}}